{"id":38587,"date":"2023-11-13T09:53:07","date_gmt":"2023-11-13T08:53:07","guid":{"rendered":"https:\/\/sfu.sk\/kultminor\/"},"modified":"2024-02-27T15:31:41","modified_gmt":"2024-02-27T14:31:41","slug":"kultminor","status":"publish","type":"page","link":"https:\/\/sfu.sk\/en\/presentation\/funding\/kultminor\/","title":{"rendered":"KULTMINOR"},"content":{"rendered":"\n<details class=\"wp-block-stackable-accordion stk-block-accordion stk-inner-blocks stk-block-content stk--is-open stk-block stk-3c98f62 is-style-plain\" open data-block-id=\"3c98f62\"><style>.stk-3c98f62{border-style:solid !important;border-color:#dfdad1 !important;border-top-width:0px !important;border-right-width:0px !important;border-bottom-width:1px !important;border-left-width:0px !important;padding-bottom:24px !important}<\/style>\n<summary class=\"wp-block-stackable-column stk-block-column stk-column stk-block stk-dbc8c72 stk--container-small stk-block-accordion__heading\" data-v=\"4\" data-block-id=\"dbc8c72\"><div class=\"stk-column-wrapper stk-block-column__content stk-container stk-dbc8c72-container stk--no-background stk--no-padding\"><div class=\"stk-block-content stk-inner-blocks stk-dbc8c72-inner-blocks\">\n<div class=\"wp-block-stackable-icon-label stk-block-icon-label stk-block stk-a2866dd\" data-block-id=\"a2866dd\"><div class=\"stk-row stk-inner-blocks stk-block-content\">\n<div class=\"wp-block-stackable-heading stk-block-heading stk-block-heading--v2 stk-block stk-b140aa8\" id=\"zakladne-informacie\" data-block-id=\"b140aa8\"><h4 class=\"stk-block-heading__text\">General information<\/h4><\/div>\n\n\n\n<div class=\"wp-block-stackable-icon stk-block-icon stk-block stk-42c4b74\" data-block-id=\"42c4b74\"><span class=\"stk--svg-wrapper\"><div class=\"stk--inner-svg\"><svg style=\"height:0;width:0\"><defs><lineargradient id=\"linear-gradient-42c4b74\" x1=\"0\" x2=\"100%\" y1=\"0\" y2=\"0\"><stop offset=\"0%\" style=\"stop-opacity:1;stop-color:var(--linear-gradient-42-c-4-b-74-color-1)\"><\/stop><stop offset=\"100%\" style=\"stop-opacity:1;stop-color:var(--linear-gradient-42-c-4-b-74-color-2)\"><\/stop><\/lineargradient><\/defs><\/svg><svg data-prefix=\"fas\" data-icon=\"chevron-down\" class=\"svg-inline--fa fa-chevron-down fa-w-14\" xmlns=\"http:\/\/www.w3.org\/2000\/svg\" viewbox=\"0 0 448 512\" aria-hidden=\"true\" width=\"32\" height=\"32\"><path fill=\"currentColor\" d=\"M207.029 381.476L12.686 187.132c-9.373-9.373-9.373-24.569 0-33.941l22.667-22.667c9.357-9.357 24.522-9.375 33.901-.04L224 284.505l154.745-154.021c9.379-9.335 24.544-9.317 33.901.04l22.667 22.667c9.373 9.373 9.373 24.569 0 33.941L240.971 381.476c-9.373 9.372-24.569 9.372-33.942 0z\"><\/path><\/svg><\/div><\/span><\/div>\n<\/div><\/div>\n<\/div><\/div><\/summary>\n\n\n\n<div class=\"wp-block-stackable-column stk-block-column stk-column stk-block stk-90b5a43 stk-block-accordion__content\" data-v=\"4\" data-block-id=\"90b5a43\"><style>.stk-90b5a43-container{padding-top:0px !important;padding-right:0px !important;padding-bottom:0px !important;padding-left:0px !important}<\/style><div class=\"stk-column-wrapper stk-block-column__content stk-container stk-90b5a43-container stk--no-background stk--no-padding\"><div class=\"stk-block-content stk-inner-blocks stk-90b5a43-inner-blocks\">\n<p>The Fund for the Promotion of National Minority Culture (hereinafter referred to as &#8220;the Fund&#8221;) is established by Act No. 138\/2017 Coll. on the Fund for the Promotion of National Minority Culture.<\/p>\n\n\n\n<p>The Fund is an independent public institution whose mission is to promote and stimulate the culture of national minorities in the field of cultural and academic activities of national minorities, in particular by creating support mechanisms for the creation and dissemination of cultural and scientific values. By implementing its mission, the Fund contributes to the implementation of the cultural policy of the Slovak Republic and the European Union in the field of support for the development of national minorities.<\/p>\n\n\n\n<p>The Fund as a public institution:<\/p>\n\n\n\n<ul class=\"wp-block-list\">\n<li>ensures the development of cultural and educational activities in the field of intercultural dialogue and national minorities,<\/li>\n\n\n\n<li>promotes theatre, music, dance, visual and audiovisual arts,<\/li>\n\n\n\n<li>the development of literary, publishing and editorial activity in the area,<\/li>\n\n\n\n<li>preserves and protects the development of the identity and cultural values of national minorities,<\/li>\n\n\n\n<li>promotes education and training in the field of the rights of national minorities,<\/li>\n\n\n\n<li>creates conditions for the development of intercultural dialogue and for better understanding between Slovak citizens<\/li>\n\n\n\n<li>nationalities and citizens belonging to national minorities and ethnic groups,<\/li>\n\n\n\n<li>supports academic activities in the field as defined in Section 1(1) of the Fund Act.<\/li>\n<\/ul>\n<\/div><\/div><\/div>\n<\/details>\n\n<details class=\"wp-block-stackable-accordion stk-block-accordion stk-inner-blocks stk-block-content stk-block stk-bf49d2b is-style-plain\" data-block-id=\"bf49d2b\"><style>.stk-bf49d2b{border-style:solid !important;border-color:#dfdad1 !important;border-top-width:0px !important;border-right-width:0px !important;border-bottom-width:1px !important;border-left-width:0px !important;padding-bottom:24px !important}<\/style>\n<summary class=\"wp-block-stackable-column stk-block-column stk-column stk-block stk-f87d197 stk--container-small stk-block-accordion__heading\" data-v=\"4\" data-block-id=\"f87d197\"><div class=\"stk-column-wrapper stk-block-column__content stk-container stk-f87d197-container stk--no-background stk--no-padding\"><div class=\"stk-block-content stk-inner-blocks stk-f87d197-inner-blocks\">\n<div class=\"wp-block-stackable-icon-label stk-block-icon-label stk-block stk-86c9372\" data-block-id=\"86c9372\"><div class=\"stk-row stk-inner-blocks stk-block-content\">\n<div class=\"wp-block-stackable-heading stk-block-heading stk-block-heading--v2 stk-block stk-025e4a1\" id=\"program-a-podprogramy-tykajuce-sa-audiovizualneho-umenia\" data-block-id=\"025e4a1\"><h4 class=\"stk-block-heading__text\">Programme and sub-programmes relating to the audiovisual arts<\/h4><\/div>\n\n\n\n<div class=\"wp-block-stackable-icon stk-block-icon stk-block stk-5499176\" data-block-id=\"5499176\"><span class=\"stk--svg-wrapper\"><div class=\"stk--inner-svg\"><svg style=\"height:0;width:0\"><defs><lineargradient id=\"linear-gradient-5499176\" x1=\"0\" x2=\"100%\" y1=\"0\" y2=\"0\"><stop offset=\"0%\" style=\"stop-opacity:1;stop-color:var(--linear-gradient-5499176-color-1)\"><\/stop><stop offset=\"100%\" style=\"stop-opacity:1;stop-color:var(--linear-gradient-5499176-color-2)\"><\/stop><\/lineargradient><\/defs><\/svg><svg data-prefix=\"fas\" data-icon=\"chevron-down\" class=\"svg-inline--fa fa-chevron-down fa-w-14\" xmlns=\"http:\/\/www.w3.org\/2000\/svg\" viewbox=\"0 0 448 512\" aria-hidden=\"true\" width=\"32\" height=\"32\"><path fill=\"currentColor\" d=\"M207.029 381.476L12.686 187.132c-9.373-9.373-9.373-24.569 0-33.941l22.667-22.667c9.357-9.357 24.522-9.375 33.901-.04L224 284.505l154.745-154.021c9.379-9.335 24.544-9.317 33.901.04l22.667 22.667c9.373 9.373 9.373 24.569 0 33.941L240.971 381.476c-9.373 9.372-24.569 9.372-33.942 0z\"><\/path><\/svg><\/div><\/span><\/div>\n<\/div><\/div>\n<\/div><\/div><\/summary>\n\n\n\n<div class=\"wp-block-stackable-column stk-block-column stk-column stk-block stk-a7d2a53 stk-block-accordion__content\" data-v=\"4\" data-block-id=\"a7d2a53\"><style>.stk-a7d2a53-container{padding-top:0px !important;padding-right:0px !important;padding-bottom:0px !important;padding-left:0px !important}<\/style><div class=\"stk-column-wrapper stk-block-column__content stk-container stk-a7d2a53-container stk--no-background stk--no-padding\"><div class=\"stk-block-content stk-inner-blocks stk-a7d2a53-inner-blocks\">\n<p>3.5 Audiovisual art<\/p>\n\n\n\n<p>3.5.1 Production and realisation of audiovisual works<\/p>\n\n\n\n<p>3.5.2 Showcases, festivals and competitions and other activities in the field of audiovisual arts<\/p>\n\n\n\n<p>3.5.3 International mobility and presentations in the field of audiovisual arts<\/p>\n\n\n\n<p>The Fund provides support in the form of grants and scholarships for these areas as part of its support structure.<\/p>\n<\/div><\/div><\/div>\n<\/details>\n\n<details class=\"wp-block-stackable-accordion stk-block-accordion stk-inner-blocks stk-block-content stk-block stk-12b6d07 is-style-plain\" data-block-id=\"12b6d07\"><style>.stk-12b6d07{border-style:solid !important;border-color:#dfdad1 !important;border-top-width:0px !important;border-right-width:0px !important;border-bottom-width:1px !important;border-left-width:0px !important;padding-bottom:24px !important}<\/style>\n<summary class=\"wp-block-stackable-column stk-block-column stk-column stk-block stk-590a5db stk--container-small stk-block-accordion__heading\" data-v=\"4\" data-block-id=\"590a5db\"><div class=\"stk-column-wrapper stk-block-column__content stk-container stk-590a5db-container stk--no-background stk--no-padding\"><div class=\"stk-block-content stk-inner-blocks stk-590a5db-inner-blocks\">\n<div class=\"wp-block-stackable-icon-label stk-block-icon-label stk-block stk-9fc144e\" data-block-id=\"9fc144e\"><div class=\"stk-row stk-inner-blocks stk-block-content\">\n<div class=\"wp-block-stackable-heading stk-block-heading stk-block-heading--v2 stk-block stk-22269c8\" id=\"maximalna-suma-podpory-na-jeden-projekt\" data-block-id=\"22269c8\"><h4 class=\"stk-block-heading__text\">Maximum support per project<\/h4><\/div>\n\n\n\n<div class=\"wp-block-stackable-icon stk-block-icon stk-block stk-aa7a7fe\" data-block-id=\"aa7a7fe\"><span class=\"stk--svg-wrapper\"><div class=\"stk--inner-svg\"><svg style=\"height:0;width:0\"><defs><lineargradient id=\"linear-gradient-aa7a7fe\" x1=\"0\" x2=\"100%\" y1=\"0\" y2=\"0\"><stop offset=\"0%\" style=\"stop-opacity:1;stop-color:var(--linear-gradient-aa-7-a-7-fe-color-1)\"><\/stop><stop offset=\"100%\" style=\"stop-opacity:1;stop-color:var(--linear-gradient-aa-7-a-7-fe-color-2)\"><\/stop><\/lineargradient><\/defs><\/svg><svg data-prefix=\"fas\" data-icon=\"chevron-down\" class=\"svg-inline--fa fa-chevron-down fa-w-14\" xmlns=\"http:\/\/www.w3.org\/2000\/svg\" viewbox=\"0 0 448 512\" aria-hidden=\"true\" width=\"32\" height=\"32\"><path fill=\"currentColor\" d=\"M207.029 381.476L12.686 187.132c-9.373-9.373-9.373-24.569 0-33.941l22.667-22.667c9.357-9.357 24.522-9.375 33.901-.04L224 284.505l154.745-154.021c9.379-9.335 24.544-9.317 33.901.04l22.667 22.667c9.373 9.373 9.373 24.569 0 33.941L240.971 381.476c-9.373 9.372-24.569 9.372-33.942 0z\"><\/path><\/svg><\/div><\/span><\/div>\n<\/div><\/div>\n<\/div><\/div><\/summary>\n\n\n\n<div class=\"wp-block-stackable-column stk-block-column stk-column stk-block stk-e936bdd stk-block-accordion__content\" data-v=\"4\" data-block-id=\"e936bdd\"><style>.stk-e936bdd-container{padding-top:0px !important;padding-right:0px !important;padding-bottom:0px !important;padding-left:0px !important}<\/style><div class=\"stk-column-wrapper stk-block-column__content stk-container stk-e936bdd-container stk--no-background stk--no-padding\"><div class=\"stk-block-content stk-inner-blocks stk-e936bdd-inner-blocks\">\n<p>Production and realization of the AV work: 200 000 EUR (subsidy), the amount of the scholarship is the product of the number of months (2 &#8211; 12) and the amount of the average monthly wage in the economy of the Slovak Republic set for the year 2023<\/p>\n\n\n\n<p>Festivals and other activities: 66 000 \u20ac<\/p>\n\n\n\n<p>Presentation: 66 000 \u20ac<\/p>\n<\/div><\/div><\/div>\n<\/details>\n\n<details class=\"wp-block-stackable-accordion stk-block-accordion stk-inner-blocks stk-block-content stk-block stk-1229d3b is-style-plain\" data-block-id=\"1229d3b\"><style>.stk-1229d3b{border-style:solid !important;border-color:#dfdad1 !important;border-top-width:0px !important;border-right-width:0px !important;border-bottom-width:1px !important;border-left-width:0px !important;padding-bottom:24px !important}<\/style>\n<summary class=\"wp-block-stackable-column stk-block-column stk-column stk-block stk-ed44bba stk--container-small stk-block-accordion__heading\" data-v=\"4\" data-block-id=\"ed44bba\"><div class=\"stk-column-wrapper stk-block-column__content stk-container stk-ed44bba-container stk--no-background stk--no-padding\"><div class=\"stk-block-content stk-inner-blocks stk-ed44bba-inner-blocks\">\n<div class=\"wp-block-stackable-icon-label stk-block-icon-label stk-block stk-e3897de\" data-block-id=\"e3897de\"><div class=\"stk-row stk-inner-blocks stk-block-content\">\n<div class=\"wp-block-stackable-heading stk-block-heading stk-block-heading--v2 stk-block stk-5cd9b0f\" id=\"terminy-uzavierok-na-rok-2023\" data-block-id=\"5cd9b0f\"><h4 class=\"stk-block-heading__text\">Deadlines for 2023<\/h4><\/div>\n\n\n\n<div class=\"wp-block-stackable-icon stk-block-icon stk-block stk-f8c1b4c\" data-block-id=\"f8c1b4c\"><span class=\"stk--svg-wrapper\"><div class=\"stk--inner-svg\"><svg style=\"height:0;width:0\"><defs><lineargradient id=\"linear-gradient-f8c1b4c\" x1=\"0\" x2=\"100%\" y1=\"0\" y2=\"0\"><stop offset=\"0%\" style=\"stop-opacity:1;stop-color:var(--linear-gradient-f-8-c-1-b-4-c-color-1)\"><\/stop><stop offset=\"100%\" style=\"stop-opacity:1;stop-color:var(--linear-gradient-f-8-c-1-b-4-c-color-2)\"><\/stop><\/lineargradient><\/defs><\/svg><svg data-prefix=\"fas\" data-icon=\"chevron-down\" class=\"svg-inline--fa fa-chevron-down fa-w-14\" xmlns=\"http:\/\/www.w3.org\/2000\/svg\" viewbox=\"0 0 448 512\" aria-hidden=\"true\" width=\"32\" height=\"32\"><path fill=\"currentColor\" d=\"M207.029 381.476L12.686 187.132c-9.373-9.373-9.373-24.569 0-33.941l22.667-22.667c9.357-9.357 24.522-9.375 33.901-.04L224 284.505l154.745-154.021c9.379-9.335 24.544-9.317 33.901.04l22.667 22.667c9.373 9.373 9.373 24.569 0 33.941L240.971 381.476c-9.373 9.372-24.569 9.372-33.942 0z\"><\/path><\/svg><\/div><\/span><\/div>\n<\/div><\/div>\n<\/div><\/div><\/summary>\n\n\n\n<div class=\"wp-block-stackable-column stk-block-column stk-column stk-block stk-2fd6628 stk-block-accordion__content\" data-v=\"4\" data-block-id=\"2fd6628\"><style>.stk-2fd6628-container{padding-top:0px !important;padding-right:0px !important;padding-bottom:0px !important;padding-left:0px !important}<\/style><div class=\"stk-column-wrapper stk-block-column__content stk-container stk-2fd6628-container stk--no-background stk--no-padding\"><div class=\"stk-block-content stk-inner-blocks stk-2fd6628-inner-blocks\">\n<p>Bulgarian, Czech, Croatian, Moravian, German, Polish, Roma, Ruthenian, Russian, Serbian, Ukrainian and Jewish minorities (scholarship\/grant) \u2013 9 January<\/p>\n\n\n\n<p>Hungarian minority (subsidy) \u2013 16 January<\/p>\n<\/div><\/div><\/div>\n<\/details>\n\n<details class=\"wp-block-stackable-accordion stk-block-accordion stk-inner-blocks stk-block-content stk-block stk-0416454 is-style-plain\" data-block-id=\"0416454\"><style>.stk-0416454{border-style:solid !important;border-color:#dfdad1 !important;border-top-width:0px !important;border-right-width:0px !important;border-bottom-width:1px !important;border-left-width:0px !important;padding-bottom:24px !important}<\/style>\n<summary class=\"wp-block-stackable-column stk-block-column stk-column stk-block stk-4e3d565 stk--container-small stk-block-accordion__heading\" data-v=\"4\" data-block-id=\"4e3d565\"><div class=\"stk-column-wrapper stk-block-column__content stk-container stk-4e3d565-container stk--no-background stk--no-padding\"><div class=\"stk-block-content stk-inner-blocks stk-4e3d565-inner-blocks\">\n<div class=\"wp-block-stackable-icon-label stk-block-icon-label stk-block stk-0748a2b\" data-block-id=\"0748a2b\"><div class=\"stk-row stk-inner-blocks stk-block-content\">\n<div class=\"wp-block-stackable-heading stk-block-heading stk-block-heading--v2 stk-block stk-6cceb73\" id=\"kontakt\" data-block-id=\"6cceb73\"><h4 class=\"stk-block-heading__text\">Contact<\/h4><\/div>\n\n\n\n<div class=\"wp-block-stackable-icon stk-block-icon stk-block stk-50d46d8\" data-block-id=\"50d46d8\"><span class=\"stk--svg-wrapper\"><div class=\"stk--inner-svg\"><svg style=\"height:0;width:0\"><defs><lineargradient id=\"linear-gradient-50d46d8\" x1=\"0\" x2=\"100%\" y1=\"0\" y2=\"0\"><stop offset=\"0%\" style=\"stop-opacity:1;stop-color:var(--linear-gradient-50-d-46-d-8-color-1)\"><\/stop><stop offset=\"100%\" style=\"stop-opacity:1;stop-color:var(--linear-gradient-50-d-46-d-8-color-2)\"><\/stop><\/lineargradient><\/defs><\/svg><svg data-prefix=\"fas\" data-icon=\"chevron-down\" class=\"svg-inline--fa fa-chevron-down fa-w-14\" xmlns=\"http:\/\/www.w3.org\/2000\/svg\" viewbox=\"0 0 448 512\" aria-hidden=\"true\" width=\"32\" height=\"32\"><path fill=\"currentColor\" d=\"M207.029 381.476L12.686 187.132c-9.373-9.373-9.373-24.569 0-33.941l22.667-22.667c9.357-9.357 24.522-9.375 33.901-.04L224 284.505l154.745-154.021c9.379-9.335 24.544-9.317 33.901.04l22.667 22.667c9.373 9.373 9.373 24.569 0 33.941L240.971 381.476c-9.373 9.372-24.569 9.372-33.942 0z\"><\/path><\/svg><\/div><\/span><\/div>\n<\/div><\/div>\n<\/div><\/div><\/summary>\n\n\n\n<div class=\"wp-block-stackable-column stk-block-column stk-column stk-block stk-24212d2 stk-block-accordion__content\" data-v=\"4\" data-block-id=\"24212d2\"><style>.stk-24212d2-container{padding-top:0px !important;padding-right:0px !important;padding-bottom:0px !important;padding-left:0px !important}<\/style><div class=\"stk-column-wrapper stk-block-column__content stk-container stk-24212d2-container stk--no-background stk--no-padding\"><div class=\"stk-block-content stk-inner-blocks stk-24212d2-inner-blocks\">\n<p>Fond na podporu kult\u00fary n\u00e1rodnostn\u00fdch men\u0161\u00edn&#013;\nCukrov\u00e1 14&#013;\n811 08, Bratislava&#013;\ntel.: +421 2 5932 4288&#013;\ne-mail: <a href=\"mailto:sekretariat@kultminor.sk\">sekretariat@kultminor.sk<\/a>&#013;\n<a href=\"http:\/\/www.kultminor.sk\">www.kultminor.sk<\/a><\/p>\n<\/div><\/div><\/div>\n<\/details>\n","protected":false},"excerpt":{"rendered":"<p>General information The Fund for the Promotion of National Minority Culture (hereinafter referred to as &#8220;the Fund&#8221;) is established by Act No. 138\/2017 Coll. on the Fund for the Promotion of National Minority Culture. The Fund is an independent public institution whose mission is to promote and stimulate the culture of national minorities in the [&hellip;]<\/p>\n","protected":false},"author":6989,"featured_media":0,"parent":38852,"menu_order":0,"comment_status":"closed","ping_status":"closed","template":"","meta":{"_acf_changed":false,"inline_featured_image":false,"footnotes":""},"class_list":["post-38587","page","type-page","status-publish","hentry"],"acf":[],"_links":{"self":[{"href":"https:\/\/sfu.sk\/en\/wp-json\/wp\/v2\/pages\/38587","targetHints":{"allow":["GET"]}}],"collection":[{"href":"https:\/\/sfu.sk\/en\/wp-json\/wp\/v2\/pages"}],"about":[{"href":"https:\/\/sfu.sk\/en\/wp-json\/wp\/v2\/types\/page"}],"author":[{"embeddable":true,"href":"https:\/\/sfu.sk\/en\/wp-json\/wp\/v2\/users\/6989"}],"replies":[{"embeddable":true,"href":"https:\/\/sfu.sk\/en\/wp-json\/wp\/v2\/comments?post=38587"}],"version-history":[{"count":0,"href":"https:\/\/sfu.sk\/en\/wp-json\/wp\/v2\/pages\/38587\/revisions"}],"up":[{"embeddable":true,"href":"https:\/\/sfu.sk\/en\/wp-json\/wp\/v2\/pages\/38852"}],"wp:attachment":[{"href":"https:\/\/sfu.sk\/en\/wp-json\/wp\/v2\/media?parent=38587"}],"curies":[{"name":"wp","href":"https:\/\/api.w.org\/{rel}","templated":true}]}}