{"id":39123,"date":"2023-09-05T10:24:37","date_gmt":"2023-09-05T08:24:37","guid":{"rendered":"https:\/\/sfu.sk\/nas-tim\/"},"modified":"2025-05-29T20:00:20","modified_gmt":"2025-05-29T18:00:20","slug":"our-team","status":"publish","type":"page","link":"https:\/\/sfu.sk\/en\/presentation\/our-team\/","title":{"rendered":"Our team"},"content":{"rendered":"\n<p><strong>Rastislav Steranka<\/strong><\/p>\n\n\n\n<p>Director of the National Cinematographic Centre of the Slovak Film Institute<br>Classics, Fiction films coordinator<br>T: +421&nbsp;905&nbsp;539 500, e-mail: <a href=\"mailto:rastislav.steranka@sfu.sk\">rastislav.steranka@sfu.sk<\/a><\/p>\n\n\n\n<div style=\"height:50px\" aria-hidden=\"true\" class=\"wp-block-spacer\"><\/div>\n\n\n\n<p><strong>Veronika Krej\u010dov\u00e1<\/strong><\/p>\n\n\n\n<p>Festival Relations<strong><br><\/strong>Fiction films coordinator<br>T: +421&nbsp;905&nbsp;326 333, e-mail: <a href=\"mailto:veronika.krejcova@sfu.sk\">veronika.krejcova@sfu.sk<\/a><\/p>\n\n\n\n<div style=\"height:50px\" aria-hidden=\"true\" class=\"wp-block-spacer\"><\/div>\n\n\n\n<p><strong>Tom\u00e1\u0161 Hud\u00e1k<\/strong><\/p>\n\n\n\n<p>Festival Relations<br>Documentary films coordinator<br>T: +421&nbsp;905&nbsp;773 804, e-mail: <a href=\"mailto:tomas.hudak@sfu.sk\">tomas.hudak@sfu.sk<\/a><\/p>\n\n\n\n<div style=\"height:50px\" aria-hidden=\"true\" class=\"wp-block-spacer\"><\/div>\n\n\n\n<p><strong>Barbara Nov\u00e1kov\u00e1<\/strong><\/p>\n\n\n\n<p>Film Promotion<br>Animated films, Short films coordinator<br>T: +421\u00a0905\u00a0422 281, e-mail: <a href=\"mailto:lea.pagacova@sfu.sk\">barbara.novakova@sfu.sk<\/a><\/p>\n\n\n\n<div style=\"height:50px\" aria-hidden=\"true\" class=\"wp-block-spacer\"><\/div>\n\n\n\n<p><strong>Miroslav Ulman<\/strong><\/p>\n\n\n\n<p>Film Promotion<br>Statistics and facts <br>T: +421&nbsp;915&nbsp;717 399, e-mail: <a href=\"mailto:miroslav.ulman@sfu.sk\">miroslav.ulman@sfu.sk<\/a> <\/p>\n","protected":false},"excerpt":{"rendered":"<p>Rastislav Steranka Director of the National Cinematographic Centre of the Slovak Film InstituteClassics, Fiction films coordinatorT: +421&nbsp;905&nbsp;539 500, e-mail: rastislav.steranka@sfu.sk Veronika Krej\u010dov\u00e1 Festival RelationsFiction films coordinatorT: +421&nbsp;905&nbsp;326 333, e-mail: veronika.krejcova@sfu.sk Tom\u00e1\u0161 Hud\u00e1k Festival RelationsDocumentary films coordinatorT: +421&nbsp;905&nbsp;773 804, e-mail: tomas.hudak@sfu.sk Barbara Nov\u00e1kov\u00e1 Film PromotionAnimated films, Short films coordinatorT: +421\u00a0905\u00a0422 281, e-mail: barbara.novakova@sfu.sk Miroslav Ulman Film [&hellip;]<\/p>\n","protected":false},"author":6989,"featured_media":0,"parent":37170,"menu_order":0,"comment_status":"closed","ping_status":"closed","template":"","meta":{"_acf_changed":false,"inline_featured_image":false,"footnotes":""},"class_list":["post-39123","page","type-page","status-publish","hentry"],"acf":[],"_links":{"self":[{"href":"https:\/\/sfu.sk\/en\/wp-json\/wp\/v2\/pages\/39123","targetHints":{"allow":["GET"]}}],"collection":[{"href":"https:\/\/sfu.sk\/en\/wp-json\/wp\/v2\/pages"}],"about":[{"href":"https:\/\/sfu.sk\/en\/wp-json\/wp\/v2\/types\/page"}],"author":[{"embeddable":true,"href":"https:\/\/sfu.sk\/en\/wp-json\/wp\/v2\/users\/6989"}],"replies":[{"embeddable":true,"href":"https:\/\/sfu.sk\/en\/wp-json\/wp\/v2\/comments?post=39123"}],"version-history":[{"count":0,"href":"https:\/\/sfu.sk\/en\/wp-json\/wp\/v2\/pages\/39123\/revisions"}],"up":[{"embeddable":true,"href":"https:\/\/sfu.sk\/en\/wp-json\/wp\/v2\/pages\/37170"}],"wp:attachment":[{"href":"https:\/\/sfu.sk\/en\/wp-json\/wp\/v2\/media?parent=39123"}],"curies":[{"name":"wp","href":"https:\/\/api.w.org\/{rel}","templated":true}]}}