{"id":43031,"date":"2023-08-14T07:57:49","date_gmt":"2023-08-14T05:57:49","guid":{"rendered":"https:\/\/sfu.sk\/?page_id=43031"},"modified":"2024-07-30T17:32:23","modified_gmt":"2024-07-30T15:32:23","slug":"how-to-book-a-film","status":"publish","type":"page","link":"https:\/\/sfu.sk\/en\/distribution\/how-to-book-a-film\/","title":{"rendered":"How to book a film"},"content":{"rendered":"\n<p>Na za\u010diatku si je potrebn\u00e9 vybra\u0165 kinematografick\u00e9 dielo(a) a ako pom\u00f4cka na to m\u00f4\u017ee posl\u00fa\u017ei\u0165 vyh\u013eadanie v <a href=\"http:\/\/www.skcinema.sk\/arl-sfu\/sk\/rozsirene-vyhladavanie\/?src=sfu_un_cat-0\" target=\"_blank\" rel=\"noreferrer noopener\"><strong>Slovenskej filmovej datab\u00e1ze<\/strong><\/a> na filmovom port\u00e1li SK CINEMA. Slovensk\u00fd filmov\u00fd \u00fastav vykon\u00e1va pr\u00e1va k&nbsp;slovensk\u00fdm kinematografick\u00fdm dielam do roku 1997 na z\u00e1klade z\u00e1kona \u010d. 40\/2015 Z. z. o&nbsp;audiov\u00edzii.<\/p>\n\n\n\n<p>V&nbsp;pr\u00edpade, \u017ee n\u00e1s kontaktujete, kv\u00f4li v\u00fdpo\u017ei\u010dke, resp. n\u00e1jmu kinematografick\u00e9ho diela prv\u00fd kr\u00e1t je vhodn\u00e9 n\u00e1m poskytn\u00fa\u0165 z\u00e1kladn\u00e9 inform\u00e1cie o&nbsp;mieste premietania prostredn\u00edctvom predobjedn\u00e1vkov\u00e9ho formul\u00e1ru. V&nbsp;pr\u00edpad, \u017ee ste s&nbsp;nami u\u017e boli v&nbsp;kontakte v&nbsp;minulosti m\u00f4\u017eete priamo pou\u017ei\u0165 objedn\u00e1vkov\u00fd formul\u00e1r. Ide\u00e1lne je, pokia\u013e n\u00e1m nap\u00ed\u0161te s&nbsp;dostato\u010dn\u00fdm \u010dasov\u00fdm predstihom vopred, najnesk\u00f4r v\u0161ak 10 dn\u00ed pre pl\u00e1novan\u00fdm premietan\u00edm. Pokia\u013e by ste si vybrali film, na ktor\u00fd Slovensk\u00fd filmov\u00fd \u00fastav nem\u00f4\u017ee poskytn\u00fa\u0165 licenciu na premietanie budeme V\u00e1s o&nbsp;tom informova\u0165.<\/p>\n\n\n\n<p>V\u0161etky podmienky t\u00fdkaj\u00face sa vypo\u017ei\u010dania, resp. n\u00e1jmu kinematografick\u00fdch diel s\u00fa uveden\u00e9 vo <strong><a href=\"https:\/\/sfu.sk\/wp-content\/uploads\/sfu_downloads\/Vypozicny_poriadok_SK.rtf\">V\u00fdpo\u017ei\u010dnom poriadku N\u00e1rodn\u00e9ho filmov\u00e9ho arch\u00edvu SF\u00da<\/a><\/strong> a poplatky s t\u00fdm spojen\u00e9 s\u00fa uveden\u00e9 v <strong><a href=\"https:\/\/sfu.sk\/wp-content\/uploads\/sfu_downloads\/Cennik_platenych_sluzieb_a_sadzobnik_poplatkov_NFA_SK.doc\">Cenn\u00edku platen\u00fdch slu\u017eieb a sadzobn\u00edku poplatkov N\u00e1rodn\u00e9ho filmov\u00e9ho arch\u00edvu SF\u00da<\/a><\/strong>. <\/p>\n\n\n\n<hr class=\"wp-block-separator has-alpha-channel-opacity\" \/>\n\n\n\n<p><strong>Kontakt:&nbsp;Ivana Vargov\u00e1<\/strong>, tel.: +421 2 5710 1524, 0917 437&nbsp;100, e-mail: <a href=\"mailto:ivana.vargova@sfu.sk\" target=\"_blank\" rel=\"noreferrer noopener\">ivana.vargova@sfu.sk<\/a><br><strong>Richard Kov\u00e1\u010dik<\/strong>, tel.: +421 2 5710 1517, 0948 050 010, e-mail: <a href=\"mailto:richard.kovacik@sfu.sk\">richard.kovacik@sfu.sk<\/a><\/p>\n\n\n\n<hr class=\"wp-block-separator has-alpha-channel-opacity\" \/>\n","protected":false},"excerpt":{"rendered":"<p>Na za\u010diatku si je potrebn\u00e9 vybra\u0165 kinematografick\u00e9 dielo(a) a ako pom\u00f4cka na to m\u00f4\u017ee posl\u00fa\u017ei\u0165 vyh\u013eadanie v Slovenskej filmovej datab\u00e1ze na filmovom port\u00e1li SK CINEMA. Slovensk\u00fd filmov\u00fd \u00fastav vykon\u00e1va pr\u00e1va k&nbsp;slovensk\u00fdm kinematografick\u00fdm dielam do roku 1997 na z\u00e1klade z\u00e1kona \u010d. 40\/2015 Z. z. o&nbsp;audiov\u00edzii. V&nbsp;pr\u00edpade, \u017ee n\u00e1s kontaktujete, kv\u00f4li v\u00fdpo\u017ei\u010dke, resp. n\u00e1jmu kinematografick\u00e9ho diela prv\u00fd [&hellip;]<\/p>\n","protected":false},"author":1154,"featured_media":0,"parent":43007,"menu_order":0,"comment_status":"closed","ping_status":"closed","template":"","meta":{"_acf_changed":false,"inline_featured_image":false,"footnotes":""},"class_list":["post-43031","page","type-page","status-publish","hentry"],"acf":[],"_links":{"self":[{"href":"https:\/\/sfu.sk\/en\/wp-json\/wp\/v2\/pages\/43031","targetHints":{"allow":["GET"]}}],"collection":[{"href":"https:\/\/sfu.sk\/en\/wp-json\/wp\/v2\/pages"}],"about":[{"href":"https:\/\/sfu.sk\/en\/wp-json\/wp\/v2\/types\/page"}],"author":[{"embeddable":true,"href":"https:\/\/sfu.sk\/en\/wp-json\/wp\/v2\/users\/1154"}],"replies":[{"embeddable":true,"href":"https:\/\/sfu.sk\/en\/wp-json\/wp\/v2\/comments?post=43031"}],"version-history":[{"count":0,"href":"https:\/\/sfu.sk\/en\/wp-json\/wp\/v2\/pages\/43031\/revisions"}],"up":[{"embeddable":true,"href":"https:\/\/sfu.sk\/en\/wp-json\/wp\/v2\/pages\/43007"}],"wp:attachment":[{"href":"https:\/\/sfu.sk\/en\/wp-json\/wp\/v2\/media?parent=43031"}],"curies":[{"name":"wp","href":"https:\/\/api.w.org\/{rel}","templated":true}]}}