{"id":43035,"date":"2023-08-14T07:58:50","date_gmt":"2023-08-14T05:58:50","guid":{"rendered":"https:\/\/sfu.sk\/?page_id=43035"},"modified":"2024-07-30T17:39:50","modified_gmt":"2024-07-30T15:39:50","slug":"film-titles-on-35mm","status":"publish","type":"page","link":"https:\/\/sfu.sk\/en\/distribution\/film-titles-on-35mm\/","title":{"rendered":"Film titles on 35mm"},"content":{"rendered":"\n<p>Pre tradi\u010dn\u00e9 kin\u00e1 s&nbsp;mo\u017enos\u0165ou projekcie z&nbsp;35 mm filmov\u00fdch k\u00f3pi\u00ed&nbsp; je ponuka slovensk\u00fdch kinematografick\u00fdch diel bohat\u00e1, preto ni\u017e\u0161ie n\u00e1jdete odkaz na v\u00fdber 35 najlep\u0161\u00edch dlhometr\u00e1\u017enych slovensk\u00fdch kinematografick\u00fdch diel pod\u013ea publik\u00e1cie <em>Best of Slovak film 1921 \u2013 1991<\/em> (SF\u00da, 2013). \u010eal\u0161ie diela zo zbierok&nbsp;N\u00e1rodn\u00e9ho filmov\u00e9ho arch\u00edvu SF\u00da n\u00e1jdete v&nbsp;Slovenskej filmovej datab\u00e1ze na filmovom port\u00e1li SK CINEMA. V\u00fdpo\u017ei\u010dka, resp. n\u00e1jom slovensk\u00e9ho kinematografick\u00e9ho diela je podmienen\u00e1 vyhovuj\u00facim technick\u00fdm stavom 35 mm filmov\u00fdch k\u00f3pi\u00ed, ktor\u00e9 s\u00fa v&nbsp;N\u00e1rodnom filmovom arch\u00edve SF\u00da k&nbsp;dispoz\u00edcii. V pr\u00edpade 35 mm filmov\u00fdch k\u00f3pi\u00ed je podmienkou ich zapo\u017ei\u010dania, resp. n\u00e1jmu predlo\u017eenie platn\u00e9ho technick\u00e9ho osved\u010denia o&nbsp;sp\u00f4sobilosti zariaden\u00ed, ktor\u00e9 bud\u00fa na ich projekciu pou\u017eit\u00e9.<\/p>\n\n\n\n<ul class=\"wp-block-list\">\n<li><strong><a href=\"http:\/\/www.skcinema.sk\/arl-sfu\/sk\/vysledky\/?field=G&amp;term=bosfd2191&amp;kvant=all&amp;sort=DATE1\"><span style=\"color: #000000\" class=\"stk-highlight\">V<\/span><\/a><a href=\"http:\/\/www.skcinema.sk\/arl-sfu\/sk\/vysledky\/?field=G&amp;term=bosfd2191&amp;kvant=all&amp;sort=DATE1\" target=\"_blank\" rel=\"noreferrer noopener\"><span style=\"color: #000000\" class=\"stk-highlight\">\u00fdber slovensk\u00fdch dlhometr\u00e1\u017enych kinematografick\u00fdch diel na 35mm filmov\u00fdch k\u00f3pi\u00e1ch<\/span><\/a><\/strong><\/li>\n<\/ul>\n\n\n\n<p><\/p>\n","protected":false},"excerpt":{"rendered":"<p>Pre tradi\u010dn\u00e9 kin\u00e1 s&nbsp;mo\u017enos\u0165ou projekcie z&nbsp;35 mm filmov\u00fdch k\u00f3pi\u00ed&nbsp; je ponuka slovensk\u00fdch kinematografick\u00fdch diel bohat\u00e1, preto ni\u017e\u0161ie n\u00e1jdete odkaz na v\u00fdber 35 najlep\u0161\u00edch dlhometr\u00e1\u017enych slovensk\u00fdch kinematografick\u00fdch diel pod\u013ea publik\u00e1cie Best of Slovak film 1921 \u2013 1991 (SF\u00da, 2013). \u010eal\u0161ie diela zo zbierok&nbsp;N\u00e1rodn\u00e9ho filmov\u00e9ho arch\u00edvu SF\u00da n\u00e1jdete v&nbsp;Slovenskej filmovej datab\u00e1ze na filmovom port\u00e1li SK CINEMA. V\u00fdpo\u017ei\u010dka, [&hellip;]<\/p>\n","protected":false},"author":1154,"featured_media":0,"parent":43007,"menu_order":0,"comment_status":"closed","ping_status":"closed","template":"","meta":{"_acf_changed":false,"inline_featured_image":false,"footnotes":""},"class_list":["post-43035","page","type-page","status-publish","hentry"],"acf":[],"_links":{"self":[{"href":"https:\/\/sfu.sk\/en\/wp-json\/wp\/v2\/pages\/43035","targetHints":{"allow":["GET"]}}],"collection":[{"href":"https:\/\/sfu.sk\/en\/wp-json\/wp\/v2\/pages"}],"about":[{"href":"https:\/\/sfu.sk\/en\/wp-json\/wp\/v2\/types\/page"}],"author":[{"embeddable":true,"href":"https:\/\/sfu.sk\/en\/wp-json\/wp\/v2\/users\/1154"}],"replies":[{"embeddable":true,"href":"https:\/\/sfu.sk\/en\/wp-json\/wp\/v2\/comments?post=43035"}],"version-history":[{"count":0,"href":"https:\/\/sfu.sk\/en\/wp-json\/wp\/v2\/pages\/43035\/revisions"}],"up":[{"embeddable":true,"href":"https:\/\/sfu.sk\/en\/wp-json\/wp\/v2\/pages\/43007"}],"wp:attachment":[{"href":"https:\/\/sfu.sk\/en\/wp-json\/wp\/v2\/media?parent=43035"}],"curies":[{"name":"wp","href":"https:\/\/api.w.org\/{rel}","templated":true}]}}