{"id":43038,"date":"2023-08-14T08:05:07","date_gmt":"2023-08-14T06:05:07","guid":{"rendered":"https:\/\/sfu.sk\/?page_id=43038"},"modified":"2024-07-30T18:17:34","modified_gmt":"2024-07-30T16:17:34","slug":"film-titles-on-dcp","status":"publish","type":"page","link":"https:\/\/sfu.sk\/en\/distribution\/film-titles-on-dcp\/","title":{"rendered":"Film titles on DCP"},"content":{"rendered":"\n<p>Pre digit\u00e1lne kin\u00e1 (D-Cinema) poskytuje Slovensk\u00fd filmov\u00fd \u00fastav na vypo\u017ei\u010danie, resp. n\u00e1jom, vybran\u00e9 slovensk\u00e9 kinematografick\u00e9 diela, ktor\u00e9 pre\u0161li digit\u00e1lnym re\u0161taurovan\u00edm a&nbsp;s\u00fa dostupn\u00e9 na DCP (Digital Cinema Package). Pre vyh\u013eadanie konkr\u00e9tnych titulov z aktu\u00e1lnej ponuky m\u00f4\u017eete pou\u017ei\u0165 niektor\u00fd z nasledovn\u00fdch zoznamov, ktor\u00e9 s\u00fa s\u00fa\u010das\u0165ou Slovenskej filmovej datab\u00e1zy na filmovom port\u00e1li SK CINEMA. V nej n\u00e1jdete aj podrobn\u00e9 inform\u00e1cie o jednotliv\u00fdch dielach.<\/p>\n\n\n\n<ul class=\"wp-block-list\">\n<li><strong><a href=\"http:\/\/www.skcinema.sk\/arl-sfu\/sk\/vysledky\/?field=G&amp;term=FDCPSFUD*&amp;kvant=all&amp;sort=DATE1\" target=\"_blank\" rel=\"noreferrer noopener\">Dlhometr\u00e1\u017ene slovensk\u00e9 kinematografick\u00e9 diela na DCP<\/a><\/strong><\/li>\n\n\n\n<li><strong><a href=\"http:\/\/www.skcinema.sk\/arl-sfu\/sk\/vysledky\/?field=G&amp;term=FDCPSFUS*&amp;kvant=all&amp;sort=DATE1\">Stre<\/a><a href=\"http:\/\/www.skcinema.sk\/arl-sfu\/sk\/vysledky\/?field=G&amp;term=FDCPSFUS*&amp;kvant=all&amp;sort=DATE1\" target=\"_blank\" rel=\"noreferrer noopener\">dometr\u00e1\u017ene slovensk\u00e9 kinematografick\u00e9 diela na D<\/a><a href=\"http:\/\/www.skcinema.sk\/arl-sfu\/sk\/vysledky\/?field=G&amp;term=FDCPSFUS*&amp;kvant=all&amp;sort=DATE1\">CP<\/a><\/strong><\/li>\n\n\n\n<li><a href=\"http:\/\/www.skcinema.sk\/arl-sfu\/sk\/vysledky\/?field=G&amp;term=FDCPSFUK*&amp;kvant=all&amp;sort=DATE1\" target=\"_blank\" rel=\"noreferrer noopener\"><strong>Kr\u00e1tkometr\u00e1\u017ene slovensk\u00e9 kinematografick\u00e9 diela na DCP<\/strong><\/a><\/li>\n<\/ul>\n\n\n\n<p><\/p>\n\n\n\n<p><\/p>\n","protected":false},"excerpt":{"rendered":"<p>Pre digit\u00e1lne kin\u00e1 (D-Cinema) poskytuje Slovensk\u00fd filmov\u00fd \u00fastav na vypo\u017ei\u010danie, resp. n\u00e1jom, vybran\u00e9 slovensk\u00e9 kinematografick\u00e9 diela, ktor\u00e9 pre\u0161li digit\u00e1lnym re\u0161taurovan\u00edm a&nbsp;s\u00fa dostupn\u00e9 na DCP (Digital Cinema Package). Pre vyh\u013eadanie konkr\u00e9tnych titulov z aktu\u00e1lnej ponuky m\u00f4\u017eete pou\u017ei\u0165 niektor\u00fd z nasledovn\u00fdch zoznamov, ktor\u00e9 s\u00fa s\u00fa\u010das\u0165ou Slovenskej filmovej datab\u00e1zy na filmovom port\u00e1li SK CINEMA. V nej n\u00e1jdete aj [&hellip;]<\/p>\n","protected":false},"author":1154,"featured_media":0,"parent":43007,"menu_order":0,"comment_status":"closed","ping_status":"closed","template":"","meta":{"_acf_changed":false,"inline_featured_image":false,"footnotes":""},"class_list":["post-43038","page","type-page","status-publish","hentry"],"acf":[],"_links":{"self":[{"href":"https:\/\/sfu.sk\/en\/wp-json\/wp\/v2\/pages\/43038","targetHints":{"allow":["GET"]}}],"collection":[{"href":"https:\/\/sfu.sk\/en\/wp-json\/wp\/v2\/pages"}],"about":[{"href":"https:\/\/sfu.sk\/en\/wp-json\/wp\/v2\/types\/page"}],"author":[{"embeddable":true,"href":"https:\/\/sfu.sk\/en\/wp-json\/wp\/v2\/users\/1154"}],"replies":[{"embeddable":true,"href":"https:\/\/sfu.sk\/en\/wp-json\/wp\/v2\/comments?post=43038"}],"version-history":[{"count":0,"href":"https:\/\/sfu.sk\/en\/wp-json\/wp\/v2\/pages\/43038\/revisions"}],"up":[{"embeddable":true,"href":"https:\/\/sfu.sk\/en\/wp-json\/wp\/v2\/pages\/43007"}],"wp:attachment":[{"href":"https:\/\/sfu.sk\/en\/wp-json\/wp\/v2\/media?parent=43038"}],"curies":[{"name":"wp","href":"https:\/\/api.w.org\/{rel}","templated":true}]}}