{"id":43042,"date":"2023-08-14T08:02:00","date_gmt":"2023-08-14T06:02:00","guid":{"rendered":"https:\/\/sfu.sk\/?page_id=43042"},"modified":"2024-07-30T18:21:03","modified_gmt":"2024-07-30T16:21:03","slug":"film-titles-on-dvd-bd","status":"publish","type":"page","link":"https:\/\/sfu.sk\/en\/distribution\/film-titles-on-dvd-bd\/","title":{"rendered":"Film titles on DVD\/BD"},"content":{"rendered":"\n<p>Pre digit\u00e1lne kin\u00e1 (E-Cinema) alebo in\u00e9 priestory poskytuje Slovensk\u00fd filmov\u00fd \u00fastav na vypo\u017ei\u010danie, resp. n\u00e1jom, vybran\u00e9 slovensk\u00e9 kinematografick\u00e9 diela vydan\u00e9 na Blu-ray alebo DVD nosi\u010doch. Pre vyh\u013eadanie konkr\u00e9tneho blu-ray alebo DVD titulu m\u00f4\u017eete pou\u017ei\u0165 niektor\u00fd z nasledovn\u00fdch zoznamov, ktor\u00e9 s\u00fa s\u00fa\u010das\u0165ou datab\u00e1zy SK CINEMA. V nej potom n\u00e1jdete aj podrobnej\u0161ie inform\u00e1cie o digit\u00e1lnych nosi\u010dov alebo o pr\u00edslu\u0161n\u00fdch filmov\u00fdch dielach.<\/p>\n\n\n\n<ul class=\"wp-block-list\">\n<li><a href=\"http:\/\/www.skcinema.sk\/arl-sfu\/sk\/vysledky\/?field=G&amp;term=FDBDSFU*&amp;kvant=all&amp;sort=DATE1\"><strong>Slovensk\u00e9 kinematografick\u00e9 diela na blu-ray<\/strong><\/a><\/li>\n\n\n\n<li><strong><a href=\"http:\/\/www.skcinema.sk\/arl-sfu\/sk\/vysledky\/?field=G&amp;term=FDVDSFU*&amp;kvant=all&amp;sort=DATE1\">Slovensk\u00e9 kinematografick\u00e9 diela na DVD<\/a><\/strong><\/li>\n<\/ul>\n\n\n\n<p><\/p>\n\n\n\n<p><\/p>\n","protected":false},"excerpt":{"rendered":"<p>Pre digit\u00e1lne kin\u00e1 (E-Cinema) alebo in\u00e9 priestory poskytuje Slovensk\u00fd filmov\u00fd \u00fastav na vypo\u017ei\u010danie, resp. n\u00e1jom, vybran\u00e9 slovensk\u00e9 kinematografick\u00e9 diela vydan\u00e9 na Blu-ray alebo DVD nosi\u010doch. Pre vyh\u013eadanie konkr\u00e9tneho blu-ray alebo DVD titulu m\u00f4\u017eete pou\u017ei\u0165 niektor\u00fd z nasledovn\u00fdch zoznamov, ktor\u00e9 s\u00fa s\u00fa\u010das\u0165ou datab\u00e1zy SK CINEMA. V nej potom n\u00e1jdete aj podrobnej\u0161ie inform\u00e1cie o digit\u00e1lnych nosi\u010dov alebo [&hellip;]<\/p>\n","protected":false},"author":1154,"featured_media":0,"parent":43007,"menu_order":0,"comment_status":"closed","ping_status":"closed","template":"","meta":{"_acf_changed":false,"inline_featured_image":false,"footnotes":""},"class_list":["post-43042","page","type-page","status-publish","hentry"],"acf":[],"_links":{"self":[{"href":"https:\/\/sfu.sk\/en\/wp-json\/wp\/v2\/pages\/43042","targetHints":{"allow":["GET"]}}],"collection":[{"href":"https:\/\/sfu.sk\/en\/wp-json\/wp\/v2\/pages"}],"about":[{"href":"https:\/\/sfu.sk\/en\/wp-json\/wp\/v2\/types\/page"}],"author":[{"embeddable":true,"href":"https:\/\/sfu.sk\/en\/wp-json\/wp\/v2\/users\/1154"}],"replies":[{"embeddable":true,"href":"https:\/\/sfu.sk\/en\/wp-json\/wp\/v2\/comments?post=43042"}],"version-history":[{"count":0,"href":"https:\/\/sfu.sk\/en\/wp-json\/wp\/v2\/pages\/43042\/revisions"}],"up":[{"embeddable":true,"href":"https:\/\/sfu.sk\/en\/wp-json\/wp\/v2\/pages\/43007"}],"wp:attachment":[{"href":"https:\/\/sfu.sk\/en\/wp-json\/wp\/v2\/media?parent=43042"}],"curies":[{"name":"wp","href":"https:\/\/api.w.org\/{rel}","templated":true}]}}