{"id":458,"date":"2013-04-17T10:01:42","date_gmt":"2013-04-17T08:01:42","guid":{"rendered":"https:\/\/sfu.sk\/collections-and-funds\/fotoarchiv\/"},"modified":"2024-07-30T13:21:15","modified_gmt":"2024-07-30T11:21:15","slug":"fotoarchiv","status":"publish","type":"page","link":"https:\/\/sfu.sk\/en\/collections-and-fonds\/fotoarchiv\/","title":{"rendered":"Photo Archive"},"content":{"rendered":"<p><strong><span style=\"color: #6d005a\">The SFI\u2019s Photo Archive<\/span><\/strong> is part of the Documentation and Library Services Department of the National Film Archive. It contains photographic materials (photographs, photo negatives, transparencies, photo albums, postcards) related, in particular, to the production of Slovak films (work shots, stills from films) and their promotions (distribution photographs). The photographic materials included in the archive collections are not available for loan in order to protect them, and they can leave the archive only in justified cases. Photo materials are made available by digital reproduction, on the basis of a written order. These and other services of the SFI\u2019s Photo Archive are provided to the public in accordance with the Loan Regulations Governing Access to Film Copies of Audiovisual Works and Audiovisual Recordings, Archived Documents and Collectibles and Access to Related Services of the National Film Archive.<\/p>\n<p>Extended search in the SFI Catalogue database \u2013 <a href=\"http:\/\/www.skcinema.sk\/arl-sfu\/sk\/rozsirene-vyhladavanie\/?src=sfu_un_cat-1&amp;limv_DK=GFxx\" target=\"_blank\" rel=\"noopener\"><span style=\"color: #6d005a\"><strong>SK CINEMA<\/strong><\/span><\/a><\/p>\n<p><a href=\"https:\/\/sfu.sk\/wp-content\/uploads\/sfu_downloads\/Vypozicny_poriadok_SK.rtf\" target=\"_blank\" rel=\"noopener\">NFA SFI Loan Regulations<\/a><\/p>\n<p><a href=\"https:\/\/sfu.sk\/wp-content\/uploads\/sfu_downloads\/Cennik_platenych_sluzieb_a_sadzobnik_poplatkov_NFA_SK.doc\" target=\"_blank\" rel=\"noopener\">Price List for Services and Fees<\/a><\/p>\n<hr \/>\n<p><strong>Overview of the Basic Division and State of Processing of Collections\u00a0\u00a0\u00a0\u00a0\u00a0\u00a0\u00a0 <\/strong><\/p>\n<p><strong>Collection administration and processing:<\/strong><br \/>\nMgr. art. J\u00e1n Pag\u00e1\u010d<\/p>\n<hr \/>\n<p><span style=\"color: #6d005a\"><strong>Contact: <\/strong><\/span><strong>Mgr. art. J\u00e1n Pag\u00e1\u010d<\/strong>, tel.: + 421 2 5710 1541, e-mail: <a href=\"mailto:jan.pagac@sfu.sk\">jan.pagac@sfu.sk<\/a><\/p>\n<hr \/>\n<p><strong>PhDr. Jana Stradiotov\u00e1<\/strong>, Head of Documentation and Library Services Department<br \/>\ntel.: + 421 2 5710 1523,\u00a0e-mail: <a href=\"mailto:jana.stradiotova@sfu.sk\">jana.stradiotova@sfu.sk<\/a><\/p>\n<hr \/>\n<p><span style=\"color: #6d005a\"><strong>Loan Hours<\/strong><\/span><br \/>\n<strong>Monday \u2013 Friday<\/strong><strong>:<\/strong> by individual agreement<\/p>\n<hr \/>\n","protected":false},"excerpt":{"rendered":"<p>The SFI\u2019s Photo Archive is part of the Documentation and Library Services Department of the National Film Archive. It contains photographic materials (photographs, photo negatives, transparencies, photo albums, postcards) related, in particular, to the production of Slovak films (work shots, stills from films) and their promotions (distribution photographs). The photographic materials included in the archive [&hellip;]<\/p>\n","protected":false},"author":6989,"featured_media":10454,"parent":432,"menu_order":0,"comment_status":"open","ping_status":"open","template":"","meta":{"_acf_changed":false,"inline_featured_image":false,"footnotes":""},"class_list":["post-458","page","type-page","status-publish","has-post-thumbnail","hentry"],"acf":[],"_links":{"self":[{"href":"https:\/\/sfu.sk\/en\/wp-json\/wp\/v2\/pages\/458","targetHints":{"allow":["GET"]}}],"collection":[{"href":"https:\/\/sfu.sk\/en\/wp-json\/wp\/v2\/pages"}],"about":[{"href":"https:\/\/sfu.sk\/en\/wp-json\/wp\/v2\/types\/page"}],"author":[{"embeddable":true,"href":"https:\/\/sfu.sk\/en\/wp-json\/wp\/v2\/users\/6989"}],"replies":[{"embeddable":true,"href":"https:\/\/sfu.sk\/en\/wp-json\/wp\/v2\/comments?post=458"}],"version-history":[{"count":0,"href":"https:\/\/sfu.sk\/en\/wp-json\/wp\/v2\/pages\/458\/revisions"}],"up":[{"embeddable":true,"href":"https:\/\/sfu.sk\/en\/wp-json\/wp\/v2\/pages\/432"}],"wp:featuredmedia":[{"embeddable":true,"href":"https:\/\/sfu.sk\/en\/wp-json\/wp\/v2\/media\/10454"}],"wp:attachment":[{"href":"https:\/\/sfu.sk\/en\/wp-json\/wp\/v2\/media?parent=458"}],"curies":[{"name":"wp","href":"https:\/\/api.w.org\/{rel}","templated":true}]}}