{"id":460,"date":"2013-04-17T10:01:57","date_gmt":"2013-04-17T08:01:57","guid":{"rendered":"https:\/\/sfu.sk\/collections-and-funds\/archiv-fondov-institucii-osobnych-fondov-br-a-ostatnych-zbierok\/"},"modified":"2024-07-30T13:35:27","modified_gmt":"2024-07-30T11:35:27","slug":"text-archive","status":"publish","type":"page","link":"https:\/\/sfu.sk\/en\/collections-and-fonds\/text-archive\/","title":{"rendered":"Text Archive"},"content":{"rendered":"<p>A significant section of the Documentation and Library Services Department of the National Film Archive manages, specifically, the archive funds of film institutions and of personalities of film, but also other archive collections created by subject-matter which largely relate to Slovak cinema. The archive collections contain written documents of an official nature, company agendas, manuscripts, correspondence, personal documents, but also photographs, transparencies, works of art, music scores, architectonic designs and other types of materials. The processed funds and collections are made available to researchers upon prior agreement in accordance with the Loan Regulations Governing Access to Film Copies of Audiovisual Works and Audiovisual Recordings, Archived Documents and Collectibles and Access to Related Services of the National Film Archive, the Archive Regulations and the Research Regulations of the Slovak Film Institute\u2019s National Film Archive.<\/p>\n<p>Extended search in the SFI Catalogue database \u2013 <a href=\"http:\/\/www.skcinema.sk\/arl-sfu\/sk\/rozsirene-vyhladavanie\/?src=sfu_un_cat-1&amp;limv_DK=GFxx\" target=\"_blank\" rel=\"noopener\"><span style=\"color: #6d005a\"><strong>SK CINEMA<\/strong><\/span><\/a><\/p>\n<p><a href=\"https:\/\/sfu.sk\/wp-content\/uploads\/sfu_downloads\/Vypozicny_poriadok_SK.rtf\" target=\"_blank\" rel=\"noopener\">NFA SFI Loan Regulations<\/a><\/p>\n<p><a href=\"https:\/\/sfu.sk\/wp-content\/uploads\/sfu_downloads\/Cennik_platenych_sluzieb_a_sadzobnik_poplatkov_NFA_SK.doc\" target=\"_blank\" rel=\"noopener\">Price List for Services and Fees<\/a><\/p>\n<hr \/>\n<p><strong>Overview of the Basic Division and State of Processing of Collections<\/strong><\/p>\n<p><strong>Funds of Institutions<\/strong><\/p>\n<table class=\"table\" cellspacing=\"1\" cellpadding=\"1\">\n<tbody>\n<tr>\n<td style=\"width: 62%\">Slovak film production<\/td>\n<td>partially processed \u2013 list<\/td>\n<\/tr>\n<tr>\n<td>Central Office of Slovak Film<\/td>\n<td>partially processed \u2013 list<\/td>\n<\/tr>\n<tr>\n<td>Slovak Film Institute<\/td>\n<td>partially processed \u2013 list<\/td>\n<\/tr>\n<tr>\n<td>Slovak Film Company, j. s. c.<\/td>\n<td>partially processed \u2013 list<\/td>\n<\/tr>\n<tr>\n<td>Studio Koliba<\/td>\n<td>not processed<\/td>\n<\/tr>\n<\/tbody>\n<\/table>\n<p><strong>Personal funds<\/strong><\/p>\n<table class=\"table\" cellspacing=\"1\" cellpadding=\"1\">\n<tbody>\n<tr>\n<td style=\"width: 62%\">Pa\u013eo Bielik<\/td>\n<td>processed \u2013 inventory<\/td>\n<\/tr>\n<tr>\n<td>Milan \u010cern\u00e1k<\/td>\n<td>partially processed \u2013 list<\/td>\n<\/tr>\n<tr>\n<td>Peter Dubeck\u00fd<\/td>\n<td>partially processed \u2013 list<\/td>\n<\/tr>\n<tr>\n<td>Pavol Forisch<\/td>\n<td>not processed<\/td>\n<\/tr>\n<tr>\n<td>Gabriela Gaval\u010dinov\u00e1<\/td>\n<td>partially processed \u2013 list<\/td>\n<\/tr>\n<tr>\n<td>Eduard Gre\u010dner<\/td>\n<td>partially processed \u2013 list<\/td>\n<\/tr>\n<tr>\n<td>Elo Havetta<\/td>\n<td>processed \u2013 inventory<\/td>\n<\/tr>\n<tr>\n<td>J\u00falius Ja\u0161\u0161o<\/td>\n<td>processed \u2013 inventory<\/td>\n<\/tr>\n<tr>\n<td>Boris Jurech<\/td>\n<td>processed \u2013 inventory<\/td>\n<\/tr>\n<tr>\n<td>Ivan J. Kova\u010devi\u010d<\/td>\n<td>processed \u2013 inventory<\/td>\n<\/tr>\n<tr>\n<td>Anton Kraj\u010dovi\u010d<\/td>\n<td>processed \u2013 inventory<\/td>\n<\/tr>\n<tr>\n<td>Andrej Krist\u00edn<\/td>\n<td>processed \u2013 inventory<\/td>\n<\/tr>\n<tr>\n<td>Karol Kr\u0161ka<\/td>\n<td>processed \u2013 inventory<\/td>\n<\/tr>\n<tr>\n<td>Viktor Kubal<\/td>\n<td>processed \u2013 inventory<\/td>\n<\/tr>\n<tr>\n<td>Vladim\u00edr Kubenko<\/td>\n<td>processed \u2013 inventory<\/td>\n<\/tr>\n<tr>\n<td>Sylvia Lackov\u00e1<\/td>\n<td>processed \u2013 inventory<\/td>\n<\/tr>\n<tr>\n<td>Andrej Lettrich<\/td>\n<td>processed \u2013 inventory<\/td>\n<\/tr>\n<tr>\n<td>Peter Mih\u00e1lik<\/td>\n<td>processed \u2013 inventory<\/td>\n<\/tr>\n<tr>\n<td>Gizela Mih\u00e1likov\u00e1<\/td>\n<td>partially processed \u2013 list<\/td>\n<\/tr>\n<tr>\n<td>\u0160tefan Ondrkal<\/td>\n<td>spracovan\u00e9 \u2013 invent\u00e1r<\/td>\n<\/tr>\n<tr>\n<td>Vladislav Pavlovi\u010d<\/td>\n<td>spracovan\u00e9 \u2013 invent\u00e1r<\/td>\n<\/tr>\n<tr>\n<td>Henrieta Pe\u0165ovsk\u00e1<\/td>\n<td>partially processed \u2013 list<\/td>\n<\/tr>\n<tr>\n<td>Du\u0161an Roll<\/td>\n<td>partially processed \u2013 list<\/td>\n<\/tr>\n<tr>\n<td>Ivan Rumanovsk\u00fd<\/td>\n<td>partially processed \u2013 list<\/td>\n<\/tr>\n<tr>\n<td>Martin Slivka<\/td>\n<td>partially processed \u2013 list<\/td>\n<\/tr>\n<tr>\n<td>Peter Solan<\/td>\n<td>processed \u2013 inventory<\/td>\n<\/tr>\n<tr>\n<td>Sv\u00e4topluk \u0160ablat\u00fara<\/td>\n<td>partially processed \u2013 list<\/td>\n<\/tr>\n<tr>\n<td>J\u00e1n \u0160uda<\/td>\n<td>partially processed \u2013 list<\/td>\n<\/tr>\n<tr>\n<td>Pavel G. Tager<\/td>\n<td>processed \u2013 inventory<\/td>\n<\/tr>\n<tr>\n<td>Margita Tom\u00e1\u0161kov\u00e1<\/td>\n<td>processed \u2013 inventory<\/td>\n<\/tr>\n<tr>\n<td>J\u00e1n Toma\u0161kovi\u010d<\/td>\n<td>processed \u2013 inventory<\/td>\n<\/tr>\n<tr>\n<td>J\u00falius Vojtech Trebi\u0161ovsk\u00fd<\/td>\n<td>partially processed \u2013 list<\/td>\n<\/tr>\n<tr>\n<td>Ivan Van\u00ed\u010dek<\/td>\n<td>processed \u2013 inventory<\/td>\n<\/tr>\n<tr>\n<td>Vladim\u00edr Zimmer<\/td>\n<td>processed \u2013 inventory<\/td>\n<\/tr>\n<\/tbody>\n<\/table>\n<p><strong>Zbierky<\/strong><\/p>\n<table class=\"table\" cellspacing=\"1\" cellpadding=\"1\">\n<tbody>\n<tr>\n<td style=\"width: 62%\">Spomienky na za\u010diatky tvorby slovensk\u00e9ho filmu<\/td>\n<td>processed \u2013 inventory<\/td>\n<\/tr>\n<tr>\n<td><\/td>\n<td><\/td>\n<\/tr>\n<tr>\n<td>V\u00fdtvarn\u00e9 pr\u00e1ce z v\u00fdroby animovan\u00fdch filmov<\/td>\n<td>partially processed \u2013 list<\/td>\n<\/tr>\n<tr>\n<td>N\u00e1vrhy propaga\u010dn\u00fdch materi\u00e1lov k filmom<\/td>\n<td>partially processed \u2013 list<\/td>\n<\/tr>\n<tr>\n<td>Diafilmy<\/td>\n<td>partially processed \u2013 list<\/td>\n<\/tr>\n<tr>\n<td>Rukopisy<\/td>\n<td>partially processed \u2013 list<\/td>\n<\/tr>\n<tr>\n<td>Fragmenty<\/td>\n<td>partially processed \u2013 list<\/td>\n<\/tr>\n<\/tbody>\n<\/table>\n<p><strong>Fund and collection administration and processing:<\/strong><br \/>\nPhDr. Jana Stradiotov\u00e1, Mgr. Lucia Karellov\u00e1, Mgr. L\u00edvia Pra\u017eenkov\u00e1<\/p>\n<hr \/>\n<p><span style=\"color: #6d005a\"><strong>Contact: <\/strong><\/span><strong>Mgr. Lucia Karellov\u00e1<\/strong>, tel.: + 421 2 5710 1541, e-mail: lucia.karellova@sfu.sk<\/p>\n<hr \/>\n<p><strong>PhDr. Jana Stradiotov\u00e1<\/strong>, Head of Documentation and Library Services Department<br \/>\ntel.: + 421 2 5710 1523,\u00a0e-mail: <a href=\"mailto:jana.stradiotova@sfu.sk\">jana.stradiotova@sfu.sk<\/a><\/p>\n<hr \/>\n<p><span style=\"color: #6d005a\"><strong>Loan Hours<\/strong><\/span><br \/>\n<strong>Monday \u2013 Friday<\/strong><strong>:<\/strong> by individual agreement<\/p>\n<hr \/>\n","protected":false},"excerpt":{"rendered":"<p>A significant section of the Documentation and Library Services Department of the National Film Archive manages, specifically, the archive funds of film institutions and of personalities of film, but also other archive collections created by subject-matter which largely relate to Slovak cinema. The archive collections contain written documents of an official nature, company agendas, manuscripts, [&hellip;]<\/p>\n","protected":false},"author":6989,"featured_media":19390,"parent":432,"menu_order":0,"comment_status":"open","ping_status":"open","template":"","meta":{"_acf_changed":false,"inline_featured_image":false,"footnotes":""},"class_list":["post-460","page","type-page","status-publish","has-post-thumbnail","hentry"],"acf":[],"_links":{"self":[{"href":"https:\/\/sfu.sk\/en\/wp-json\/wp\/v2\/pages\/460","targetHints":{"allow":["GET"]}}],"collection":[{"href":"https:\/\/sfu.sk\/en\/wp-json\/wp\/v2\/pages"}],"about":[{"href":"https:\/\/sfu.sk\/en\/wp-json\/wp\/v2\/types\/page"}],"author":[{"embeddable":true,"href":"https:\/\/sfu.sk\/en\/wp-json\/wp\/v2\/users\/6989"}],"replies":[{"embeddable":true,"href":"https:\/\/sfu.sk\/en\/wp-json\/wp\/v2\/comments?post=460"}],"version-history":[{"count":0,"href":"https:\/\/sfu.sk\/en\/wp-json\/wp\/v2\/pages\/460\/revisions"}],"up":[{"embeddable":true,"href":"https:\/\/sfu.sk\/en\/wp-json\/wp\/v2\/pages\/432"}],"wp:featuredmedia":[{"embeddable":true,"href":"https:\/\/sfu.sk\/en\/wp-json\/wp\/v2\/media\/19390"}],"wp:attachment":[{"href":"https:\/\/sfu.sk\/en\/wp-json\/wp\/v2\/media?parent=460"}],"curies":[{"name":"wp","href":"https:\/\/api.w.org\/{rel}","templated":true}]}}