{"id":461,"date":"2013-04-17T10:02:03","date_gmt":"2013-04-17T08:02:03","guid":{"rendered":"https:\/\/sfu.sk\/collections-and-funds\/dokumentacia\/"},"modified":"2024-07-30T13:29:01","modified_gmt":"2024-07-30T11:29:01","slug":"documentation","status":"publish","type":"page","link":"https:\/\/sfu.sk\/en\/collections-and-fonds\/documentation\/","title":{"rendered":"Documentation"},"content":{"rendered":"<p><span style=\"color: #6d005a\"><strong>The SFI\u2019s Documentation Section<\/strong><\/span> constitutes a part of the Documentation and Library Services Department of the National Film Archive. The Documentation collections, which consist of so-called documentation components, contain textual materials to individual Slovak and foreign cinematographic and other audiovisual works, film personalities, producers of audiovisual recordings and other film organisations, film festivals, film showings and other public events related to the audiovisual heritage and cinematographic culture in Slovakia. Documentation components may include production sheets, distribution sheets, press releases, newspaper and magazine clippings, textual promotional materials, foreign language materials, montage sheets, dialogue lists, festival catalogues and other information materials related to the history and present of film events in Slovakia and abroad. The Documentation Section provides services to registered users of the Documentation and Library Services Department in accordance with the Loan Regulations Governing Access to Film Copies of Audiovisual Works and Audiovisual Recordings, Archived Documents and Collectibles and Access to Related Services of the National Film Archive. The archived materials can be made available only on the premises of the SFI Library for study purposes \u2013 this is one of the basic services of the Documentation Section.<\/p>\n<p>Extended search in the SFI Catalogue database \u2013 <a href=\"http:\/\/www.skcinema.sk\/arl-sfu\/sk\/rozsirene-vyhladavanie\/?src=sfu_un_cat-1&amp;limv_DK=GFxx\" target=\"_blank\" rel=\"noopener\"><span style=\"color: #6d005a\"><strong>SK CINEMA<\/strong><\/span><\/a><\/p>\n<p><a href=\"https:\/\/sfu.sk\/wp-content\/uploads\/sfu_downloads\/Vypozicny_poriadok_SK.rtf\" target=\"_blank\" rel=\"noopener\">NFA SFI Loan Regulations<\/a><\/p>\n<p><a href=\"https:\/\/sfu.sk\/wp-content\/uploads\/sfu_downloads\/Cennik_platenych_sluzieb_a_sadzobnik_poplatkov_NFA_SK.doc\" target=\"_blank\" rel=\"noopener\">Price List for Services and Fees<\/a><\/p>\n<hr \/>\n<p><strong>Overview of the Basic Division and State of Processing of Collections <\/strong><\/p>\n<table class=\"table\" cellspacing=\"1\" cellpadding=\"1\">\n<tbody>\n<tr>\n<td style=\"width: 62%\">Slovak animated film<\/td>\n<td>processed<\/td>\n<\/tr>\n<tr>\n<td>Slovak documentary<\/td>\n<td>processed<\/td>\n<\/tr>\n<tr>\n<td>Slovak feature film<\/td>\n<td>partially processed<\/td>\n<\/tr>\n<tr>\n<td>Slovak newscast film<\/td>\n<td>partially processed<\/td>\n<\/tr>\n<tr>\n<td>Slovak television films and series<\/td>\n<td>partially processed<\/td>\n<\/tr>\n<tr>\n<td>Foreign film up to 1999<\/td>\n<td>partially processed<\/td>\n<\/tr>\n<tr>\n<td>Foreign film after 2000<\/td>\n<td>partially processed<\/td>\n<\/tr>\n<tr>\n<td>Events in Czechoslovakia up to 1989<\/td>\n<td>partially processed<\/td>\n<\/tr>\n<tr>\n<td>Events in Slovakia after 1990<\/td>\n<td>processed<\/td>\n<\/tr>\n<tr>\n<td>Events abroad up to 1989<\/td>\n<td>not processed<\/td>\n<\/tr>\n<tr>\n<td>Events abroad after 1990<\/td>\n<td>processed<\/td>\n<\/tr>\n<tr>\n<td>Slovak personalities<\/td>\n<td>processed<\/td>\n<\/tr>\n<tr>\n<td>Foreign personalities<\/td>\n<td>processed<\/td>\n<\/tr>\n<\/tbody>\n<\/table>\n<p><strong>Collection administration and processing:<\/strong><br \/>\nMgr. Ren\u00e1ta \u0160matl\u00e1kov\u00e1, Mgr. Stanislava Marendiakov\u00e1, Bc. Branislav Frli\u010dka, Peter Vra\u0161tiak, Jana Jasovsk\u00e1, Mgr. Katar\u00edna S\u00e1melov\u00e1, PhD.<\/p>\n<hr \/>\n<p><span style=\"color: #6d005a\"><strong>Contact: <\/strong><\/span><strong>Peter Vra\u0161tiak<\/strong>,\u00a0tel.: + 421 2 5710 1510,\u00a0e-mail: <a href=\"mailto:peter.vrastiak@sfu.sk\">peter.vrastiak@sfu.sk<\/a><\/p>\n<hr \/>\n<p><strong>PhDr. Jana Stradiotov\u00e1<\/strong>, Head of Documentation and Library Services Department<br \/>\ntel.: + 421 2 5710 1523,\u00a0e-mail: <a href=\"mailto:jana.stradiotova@sfu.sk\">jana.stradiotova@sfu.sk<\/a><\/p>\n<hr \/>\n<p><span style=\"color: #6d005a\"><strong>Loan Hours<\/strong><\/span><\/p>\n<p><strong>Monday:<\/strong> 9:00 \u2013 12:00<br \/>\n<strong>Tuesday:<\/strong> 9:00 \u2013 12:00<br \/>\n<strong>Wednesday:<\/strong> 9:00 \u2013 12:00 and 14:00 \u2013 16:00<br \/>\n<strong>Thursday:<\/strong> 9:00 \u2013 12:00<br \/>\n<strong>Friday:<\/strong> closed<\/p>\n<hr \/>\n","protected":false},"excerpt":{"rendered":"<p>The SFI\u2019s Documentation Section constitutes a part of the Documentation and Library Services Department of the National Film Archive. The Documentation collections, which consist of so-called documentation components, contain textual materials to individual Slovak and foreign cinematographic and other audiovisual works, film personalities, producers of audiovisual recordings and other film organisations, film festivals, film showings [&hellip;]<\/p>\n","protected":false},"author":6989,"featured_media":10442,"parent":432,"menu_order":0,"comment_status":"open","ping_status":"open","template":"","meta":{"_acf_changed":false,"inline_featured_image":false,"footnotes":""},"class_list":["post-461","page","type-page","status-publish","has-post-thumbnail","hentry"],"acf":[],"_links":{"self":[{"href":"https:\/\/sfu.sk\/en\/wp-json\/wp\/v2\/pages\/461","targetHints":{"allow":["GET"]}}],"collection":[{"href":"https:\/\/sfu.sk\/en\/wp-json\/wp\/v2\/pages"}],"about":[{"href":"https:\/\/sfu.sk\/en\/wp-json\/wp\/v2\/types\/page"}],"author":[{"embeddable":true,"href":"https:\/\/sfu.sk\/en\/wp-json\/wp\/v2\/users\/6989"}],"replies":[{"embeddable":true,"href":"https:\/\/sfu.sk\/en\/wp-json\/wp\/v2\/comments?post=461"}],"version-history":[{"count":0,"href":"https:\/\/sfu.sk\/en\/wp-json\/wp\/v2\/pages\/461\/revisions"}],"up":[{"embeddable":true,"href":"https:\/\/sfu.sk\/en\/wp-json\/wp\/v2\/pages\/432"}],"wp:featuredmedia":[{"embeddable":true,"href":"https:\/\/sfu.sk\/en\/wp-json\/wp\/v2\/media\/10442"}],"wp:attachment":[{"href":"https:\/\/sfu.sk\/en\/wp-json\/wp\/v2\/media?parent=461"}],"curies":[{"name":"wp","href":"https:\/\/api.w.org\/{rel}","templated":true}]}}