{"id":472,"date":"2013-04-17T10:03:49","date_gmt":"2013-04-17T08:03:49","guid":{"rendered":"https:\/\/sfu.sk\/projects\/sk-cinema\/"},"modified":"2023-08-30T09:26:34","modified_gmt":"2023-08-30T07:26:34","slug":"sk-cinema","status":"publish","type":"page","link":"https:\/\/sfu.sk\/en\/restoration-cataloguing-digitisation\/sk-cinema\/","title":{"rendered":"SK CINEMA"},"content":{"rendered":"<p>\n\t<span style=\"color:#6d005a;\"><strong>SK CINEMA<\/strong><\/span> je dlhodob\u00fd projekt integrovan\u00e9ho automatizovan\u00e9ho audiovizu\u00e1lneho informa\u010dn\u00e9ho syst\u00e9mu, ktor\u00fd SF\u00da realizuje od roku 2002 na z\u00e1klade koncepcie schv\u00e1lenej Ministerstvom kult\u00fary SR. Je komplement\u00e1rnou s\u00fa\u010das\u0165ou projektu Systematickej obnovy audiovizu\u00e1lneho dedi\u010dstva SR a \u00fazko s\u00favis\u00ed aj s n\u00e1rodn\u00fdm projektom Digit\u00e1lna audiov\u00edzia. Informa\u010dn\u00fd syst\u00e9m SK CINEMA je ur\u010den\u00fd na spracov\u00e1vanie, uchov\u00e1vanie a prezent\u00e1ciu inform\u00e1ci\u00ed a poznatkov, ktor\u00e9 sa z\u00edskavaj\u00fa, vytv\u00e1raj\u00fa a vyu\u017e\u00edvaj\u00fa pri pr\u00e1ci jednotliv\u00fdch oddelen\u00ed SF\u00da. Predmetom spracovania, prostredn\u00edctvom softv\u00e9rov\u00fdch prostriedkov informa\u010dn\u00e9ho syst\u00e9mu, s\u00fa postupne v\u0161etky zbierky, fondy a artefakty v spr\u00e1ve SF\u00da, ako aj inform\u00e1cie a poznatky z oblasti slovenskej audiovizu\u00e1lnej kult\u00fary a kinematografick\u00e9ho umenia s d\u00f4razom na slovensk\u00e9 kinematografick\u00e9 diela a vytv\u00e1ranie Slovenskej n\u00e1rodnej filmografie. SF\u00da v kontexte informa\u010dn\u00e9ho syst\u00e9mu SK CINEMA realizuje z\u00e1kladn\u00fd historick\u00fd a odborn\u00fd v\u00fdskum a poskytuje podklady a materi\u00e1ly pre aplikovan\u00fd v\u00fdskum v oblasti kinematografie a audiov\u00edzie a priamo spolupracuje na aplikovanom v\u00fdskume (prim\u00e1rne zameranie na dejiny slovenskej kinematografie, v\u00fdberovo na zahrani\u010dn\u00e9 kinematografie). V procese spracov\u00e1vania filmov\u00fdch, arch\u00edvnych, dokumenta\u010dn\u00fdch a kni\u017eni\u010dn\u00fdch zbierok a fondov v spr\u00e1ve SF\u00da sa v r\u00e1mci informa\u010dn\u00e9ho syst\u00e9mu SK CINEMA realizuje najm\u00e4 z\u00e1kladn\u00fd historiografick\u00fd v\u00fdskum v audiov\u00edzii a odborn\u00e9 katalogiza\u010dn\u00e9 \u010dinnosti (hlavne filmografick\u00fd, bibliografick\u00fd, dokumentografick\u00fd a arch\u00edvny popis), ktor\u00fdch v\u00fdstupom s\u00fa z\u00e1znamy za\u010dlenen\u00e9 na z\u00e1klade typu do jedn\u00e9ho z nasleduj\u00facich z\u00e1kladn\u00fdch zdrojov\/datab\u00e1z: Slovensk\u00e1 filmov\u00e1 datab\u00e1za, Katal\u00f3g SF\u00da, Hesl\u00e1r SF\u00da. Od 30. novembra 2013 s\u00fa datab\u00e1zy Slovensk\u00e9ho filmov\u00e9ho \u00fastavu pr\u00edstupn\u00e9 na internete prostredn\u00edctvom filmov\u00e9ho port\u00e1lu SK CINEMA, ktor\u00fd je v&nbsp;experiment\u00e1lnej prev\u00e1dzke a&nbsp;n\u00e1jdete ho na adrese: <a href=\"http:\/\/www.skcinema.sk\" target=\"_blank\" rel=\"noopener\"><span style=\"color:#6d005a;\"><strong>www.skcinema.sk<\/strong><\/span><\/a>.<\/p>\n<hr \/>\n<p>\n\t<span style=\"color:#6d005a;\"><strong>Kontakt:&nbsp;<\/strong><\/span><strong>Mgr. Mari\u00e1n Hausner<\/strong>, koordin\u00e1tor IS SK CINEMA<br \/>\n\ttel.: + 421 2 5710 1504, e-mail: <a href=\"mailto:marian.hausner@sfu.sk\">marian.hausner@sfu.sk<\/a><\/p>\n<hr \/>\n","protected":false},"excerpt":{"rendered":"<p>SK CINEMA je dlhodob\u00fd projekt integrovan\u00e9ho automatizovan\u00e9ho audiovizu\u00e1lneho informa\u010dn\u00e9ho syst\u00e9mu, ktor\u00fd SF\u00da realizuje od roku 2002 na z\u00e1klade koncepcie schv\u00e1lenej Ministerstvom kult\u00fary SR. Je komplement\u00e1rnou s\u00fa\u010das\u0165ou projektu Systematickej obnovy audiovizu\u00e1lneho dedi\u010dstva SR a \u00fazko s\u00favis\u00ed aj s n\u00e1rodn\u00fdm projektom Digit\u00e1lna audiov\u00edzia. Informa\u010dn\u00fd syst\u00e9m SK CINEMA je ur\u010den\u00fd na spracov\u00e1vanie, uchov\u00e1vanie a prezent\u00e1ciu inform\u00e1ci\u00ed a poznatkov, [&hellip;]<\/p>\n","protected":false},"author":6989,"featured_media":0,"parent":434,"menu_order":0,"comment_status":"open","ping_status":"open","template":"","meta":{"_acf_changed":false,"inline_featured_image":false,"footnotes":""},"class_list":["post-472","page","type-page","status-publish","hentry"],"acf":[],"_links":{"self":[{"href":"https:\/\/sfu.sk\/en\/wp-json\/wp\/v2\/pages\/472","targetHints":{"allow":["GET"]}}],"collection":[{"href":"https:\/\/sfu.sk\/en\/wp-json\/wp\/v2\/pages"}],"about":[{"href":"https:\/\/sfu.sk\/en\/wp-json\/wp\/v2\/types\/page"}],"author":[{"embeddable":true,"href":"https:\/\/sfu.sk\/en\/wp-json\/wp\/v2\/users\/6989"}],"replies":[{"embeddable":true,"href":"https:\/\/sfu.sk\/en\/wp-json\/wp\/v2\/comments?post=472"}],"version-history":[{"count":0,"href":"https:\/\/sfu.sk\/en\/wp-json\/wp\/v2\/pages\/472\/revisions"}],"up":[{"embeddable":true,"href":"https:\/\/sfu.sk\/en\/wp-json\/wp\/v2\/pages\/434"}],"wp:attachment":[{"href":"https:\/\/sfu.sk\/en\/wp-json\/wp\/v2\/media?parent=472"}],"curies":[{"name":"wp","href":"https:\/\/api.w.org\/{rel}","templated":true}]}}