{"id":477,"date":"2013-04-17T10:04:48","date_gmt":"2013-04-17T08:04:48","guid":{"rendered":"https:\/\/sfu.sk\/publications\/dvd-blu-ray\/"},"modified":"2023-08-30T09:26:35","modified_gmt":"2023-08-30T07:26:35","slug":"dvd-blu-ray","status":"publish","type":"page","link":"https:\/\/sfu.sk\/en\/publications\/dvd-blu-ray\/","title":{"rendered":"DVD \/ BLU-RAY"},"content":{"rendered":"<p>\n\tThe SFI has published DVDs since 2002. The first DVD title was <em>Pictures of the Old World <\/em>(Obrazy star\u00e9ho sveta) by director Du\u0161an Han\u00e1k, it was later issued in two re-editions. The SFI mostly published DVD editions entitled Slovak Film over the period of 2006-2011 in collaboration with Petit Press, a. s. Together they gradually offered the public over 50 DVDs of Slovak films. In 2010, the SFI issued a collection of five DVDs entitled <em>Golden Collection of Slovak Fairy Tales <\/em>(Zlat\u00e1 kolekcia slovensk\u00fdch rozpr\u00e1vok) especially for children; later it offered the works of Fero Feni\u010d and Martin Slivka on DVD to those who are interested in documentaries. The SFI has regularly issued collectors\u2019 sets of films of the greatest personalities of Slovak film, such as 3x Du\u0161an Han\u00e1k, 3x Martin Holl\u00fd, 3x Juraj Jakubisko, 3x \u0160tefan Uher, 3x Pa\u013eo Bielik and 3x Peter Solan; previously, films by Elo Havetta and French filmmaker Alain Robbe-Grillet were also issued in an exclusive collectors\u2019 package. The first Blu-ray disc will be issued by the SFI in 2014 with Martin Holl\u00fd\u2019s film <em>Signum Laudis <\/em>(Signum laudis).<\/p>\n<p>\n\tThe SFI\u2019s complete DVD and Blu-ray production can be purchased at <a href=\"http:\/\/www.klapka.sk\/\">www.klapka.sk<\/a><\/p>\n<hr \/>\n<p>\n\t<strong><span style=\"color:#6d005a;\">Contakt:<\/span> Mari\u00e1n Br\u00e1zda<\/strong>, Head of Publications Department<br \/>\n\ttel.: +421 2 5710 1513, 0907 723&nbsp;970, e-mail: <a href=\"mailto:marian.brazda@sfu.sk\">marian.brazda@sfu.s<\/a><a href=\"mailto:marian.brazda@sfu.sk\">k<\/a><\/p>\n<hr \/>\n","protected":false},"excerpt":{"rendered":"<p>The SFI has published DVDs since 2002. The first DVD title was Pictures of the Old World (Obrazy star\u00e9ho sveta) by director Du\u0161an Han\u00e1k, it was later issued in two re-editions. The SFI mostly published DVD editions entitled Slovak Film over the period of 2006-2011 in collaboration with Petit Press, a. s. Together they gradually [&hellip;]<\/p>\n","protected":false},"author":6989,"featured_media":0,"parent":436,"menu_order":0,"comment_status":"open","ping_status":"open","template":"","meta":{"_acf_changed":false,"inline_featured_image":false,"footnotes":""},"class_list":["post-477","page","type-page","status-publish","hentry"],"acf":[],"_links":{"self":[{"href":"https:\/\/sfu.sk\/en\/wp-json\/wp\/v2\/pages\/477","targetHints":{"allow":["GET"]}}],"collection":[{"href":"https:\/\/sfu.sk\/en\/wp-json\/wp\/v2\/pages"}],"about":[{"href":"https:\/\/sfu.sk\/en\/wp-json\/wp\/v2\/types\/page"}],"author":[{"embeddable":true,"href":"https:\/\/sfu.sk\/en\/wp-json\/wp\/v2\/users\/6989"}],"replies":[{"embeddable":true,"href":"https:\/\/sfu.sk\/en\/wp-json\/wp\/v2\/comments?post=477"}],"version-history":[{"count":0,"href":"https:\/\/sfu.sk\/en\/wp-json\/wp\/v2\/pages\/477\/revisions"}],"up":[{"embeddable":true,"href":"https:\/\/sfu.sk\/en\/wp-json\/wp\/v2\/pages\/436"}],"wp:attachment":[{"href":"https:\/\/sfu.sk\/en\/wp-json\/wp\/v2\/media?parent=477"}],"curies":[{"name":"wp","href":"https:\/\/api.w.org\/{rel}","templated":true}]}}