{"id":492,"date":"2017-03-20T17:07:04","date_gmt":"2017-03-20T16:07:04","guid":{"rendered":"https:\/\/sfu.sk\/kino-ikon\/"},"modified":"2023-08-30T09:26:38","modified_gmt":"2023-08-30T07:26:38","slug":"kino-ikon","status":"publish","type":"page","link":"https:\/\/sfu.sk\/en\/kino-ikon\/","title":{"rendered":"Kino-Ikon"},"content":{"rendered":"<p>\n\tKino-Ikon \u2013 \u010dasopis pre vedu o filme a pohyblivom obraze je polro\u010dn\u00edk, ktor\u00fd sa profiluje ako pravideln\u00e1 reprezentat\u00edvna antol\u00f3gia p\u00f4vodn\u00fdch autorsk\u00fdch textov i prekladov\u00fdch \u0161t\u00fadi\u00ed o aktu\u00e1lnom filmovom myslen\u00ed. Vytv\u00e1ra priestor pre podrobnej\u0161iu reflexiu premien, resp. v\u00fdvoja svetovej a dom\u00e1cej audiovizu\u00e1lnej kult\u00fary.<\/p>\n<p>\n\tKino-Ikon zalo\u017eili v roku 1996 pedag\u00f3govia a \u0161tudenti Katedry filmovej vedy Filmovej a&nbsp;telev\u00edznej fakulty V\u0160MU. Kino-Ikon sa stal prv\u00fdm a z\u00e1rove\u0148 st\u00e1le p\u00f4sob\u00ed ako jedin\u00fd tla\u010den\u00fd filmologick\u00fd \u010dasopis na Slovensku zameran\u00fd na te\u00f3rie, hist\u00f3rie a estetiky filmu.<\/p>\n<p>\n\tDlhodob\u00fdm cie\u013eom \u010dasopisu je pestovanie schopnosti kritick\u00e9ho hodnotenia kinematografie, resp. najr\u00f4znej\u0161\u00edch prejavov audiovizu\u00e1lnej kult\u00fary v\u0161eobecne. Kino-Ikon chce fungova\u0165 ako z\u00e1kladn\u00e1 \u010d\u00edtanka dom\u00e1cich i zahrani\u010dn\u00fdch filmologick\u00fdch textov u n\u00e1s. Vydavate\u013eom je Asoci\u00e1cia slovensk\u00fdch filmov\u00fdch klubov, od roku 1998 v spolupr\u00e1ci so Slovensk\u00fd filmov\u00fdm \u00fastavom.<\/p>\n<p>\n\tOd roku 2003 vych\u00e1dza v r\u00e1mci Kino-Ikonu kritick\u00e1 pr\u00edloha Frame, ktor\u00fa pripravuj\u00fa \u0161tudenti Katedry audiovizu\u00e1lnych \u0161t\u00fadi\u00ed FTF V\u0160MU.<\/p>\n<p>\n\tOd roku 2014 sa Kino-Ikon stal odborn\u00fdm recenzovan\u00fdm \u010dasopisom.<\/p>\n","protected":false},"excerpt":{"rendered":"<p>Kino-Ikon \u2013 \u010dasopis pre vedu o filme a pohyblivom obraze je polro\u010dn\u00edk, ktor\u00fd sa profiluje ako pravideln\u00e1 reprezentat\u00edvna antol\u00f3gia p\u00f4vodn\u00fdch autorsk\u00fdch textov i prekladov\u00fdch \u0161t\u00fadi\u00ed o aktu\u00e1lnom filmovom myslen\u00ed. Vytv\u00e1ra priestor pre podrobnej\u0161iu reflexiu premien, resp. v\u00fdvoja svetovej a dom\u00e1cej audiovizu\u00e1lnej kult\u00fary. Kino-Ikon zalo\u017eili v roku 1996 pedag\u00f3govia a \u0161tudenti Katedry filmovej vedy Filmovej a&nbsp;telev\u00edznej [&hellip;]<\/p>\n","protected":false},"author":6989,"featured_media":0,"parent":0,"menu_order":0,"comment_status":"open","ping_status":"open","template":"","meta":{"_acf_changed":false,"inline_featured_image":false,"footnotes":""},"class_list":["post-492","page","type-page","status-publish","hentry"],"acf":[],"_links":{"self":[{"href":"https:\/\/sfu.sk\/en\/wp-json\/wp\/v2\/pages\/492","targetHints":{"allow":["GET"]}}],"collection":[{"href":"https:\/\/sfu.sk\/en\/wp-json\/wp\/v2\/pages"}],"about":[{"href":"https:\/\/sfu.sk\/en\/wp-json\/wp\/v2\/types\/page"}],"author":[{"embeddable":true,"href":"https:\/\/sfu.sk\/en\/wp-json\/wp\/v2\/users\/6989"}],"replies":[{"embeddable":true,"href":"https:\/\/sfu.sk\/en\/wp-json\/wp\/v2\/comments?post=492"}],"version-history":[{"count":0,"href":"https:\/\/sfu.sk\/en\/wp-json\/wp\/v2\/pages\/492\/revisions"}],"wp:attachment":[{"href":"https:\/\/sfu.sk\/en\/wp-json\/wp\/v2\/media?parent=492"}],"curies":[{"name":"wp","href":"https:\/\/api.w.org\/{rel}","templated":true}]}}