{"id":503,"date":"2017-11-13T11:36:34","date_gmt":"2017-11-13T10:36:34","guid":{"rendered":"https:\/\/sfu.sk\/zoznam-prevadzkovatelov-mediatek\/"},"modified":"2023-08-30T09:26:39","modified_gmt":"2023-08-30T07:26:39","slug":"zoznam-prevadzkovatelov-mediatek","status":"publish","type":"page","link":"https:\/\/sfu.sk\/en\/zoznam-prevadzkovatelov-mediatek\/","title":{"rendered":"Zoznam prev\u00e1dzkovate\u013eov mediat\u00e9k"},"content":{"rendered":"","protected":false},"excerpt":{"rendered":"","protected":false},"author":6989,"featured_media":0,"parent":0,"menu_order":0,"comment_status":"open","ping_status":"open","template":"","meta":{"_acf_changed":false,"inline_featured_image":false,"footnotes":""},"class_list":["post-503","page","type-page","status-publish","hentry"],"acf":[],"_links":{"self":[{"href":"https:\/\/sfu.sk\/en\/wp-json\/wp\/v2\/pages\/503","targetHints":{"allow":["GET"]}}],"collection":[{"href":"https:\/\/sfu.sk\/en\/wp-json\/wp\/v2\/pages"}],"about":[{"href":"https:\/\/sfu.sk\/en\/wp-json\/wp\/v2\/types\/page"}],"author":[{"embeddable":true,"href":"https:\/\/sfu.sk\/en\/wp-json\/wp\/v2\/users\/6989"}],"replies":[{"embeddable":true,"href":"https:\/\/sfu.sk\/en\/wp-json\/wp\/v2\/comments?post=503"}],"version-history":[{"count":0,"href":"https:\/\/sfu.sk\/en\/wp-json\/wp\/v2\/pages\/503\/revisions"}],"wp:attachment":[{"href":"https:\/\/sfu.sk\/en\/wp-json\/wp\/v2\/media?parent=503"}],"curies":[{"name":"wp","href":"https:\/\/api.w.org\/{rel}","templated":true}]}}