{"id":505,"date":"2020-07-28T11:31:47","date_gmt":"2020-07-28T09:31:47","guid":{"rendered":"https:\/\/sfu.sk\/zoznam-slovenskych-audiovizualnych-diel-evidovanych-po-1-juli-2015\/"},"modified":"2023-08-30T09:26:39","modified_gmt":"2023-08-30T07:26:39","slug":"zoznam-slovenskych-audiovizualnych-diel-evidovanych-po-1-juli-2015","status":"publish","type":"page","link":"https:\/\/sfu.sk\/en\/zoznam-slovenskych-audiovizualnych-diel-evidovanych-po-1-juli-2015\/","title":{"rendered":"Zoznam slovensk\u00fdch audiovizu\u00e1lnych diel evidovan\u00fdch po 1. j\u00fali 2015"},"content":{"rendered":"","protected":false},"excerpt":{"rendered":"","protected":false},"author":6989,"featured_media":0,"parent":0,"menu_order":0,"comment_status":"open","ping_status":"open","template":"","meta":{"_acf_changed":false,"inline_featured_image":false,"footnotes":""},"class_list":["post-505","page","type-page","status-publish","hentry"],"acf":[],"_links":{"self":[{"href":"https:\/\/sfu.sk\/en\/wp-json\/wp\/v2\/pages\/505","targetHints":{"allow":["GET"]}}],"collection":[{"href":"https:\/\/sfu.sk\/en\/wp-json\/wp\/v2\/pages"}],"about":[{"href":"https:\/\/sfu.sk\/en\/wp-json\/wp\/v2\/types\/page"}],"author":[{"embeddable":true,"href":"https:\/\/sfu.sk\/en\/wp-json\/wp\/v2\/users\/6989"}],"replies":[{"embeddable":true,"href":"https:\/\/sfu.sk\/en\/wp-json\/wp\/v2\/comments?post=505"}],"version-history":[{"count":0,"href":"https:\/\/sfu.sk\/en\/wp-json\/wp\/v2\/pages\/505\/revisions"}],"wp:attachment":[{"href":"https:\/\/sfu.sk\/en\/wp-json\/wp\/v2\/media?parent=505"}],"curies":[{"name":"wp","href":"https:\/\/api.w.org\/{rel}","templated":true}]}}