{"id":10000,"date":"2019-04-03T10:22:51","date_gmt":"2019-04-03T08:22:51","guid":{"rendered":"https:\/\/sfu.sk\/eshop\/house-at-the-terminus\/"},"modified":"2023-08-30T09:47:31","modified_gmt":"2023-08-30T07:47:31","slug":"house-at-the-terminus","status":"publish","type":"product","link":"https:\/\/sfu.sk\/en\/eshop\/house-at-the-terminus\/","title":{"rendered":"House at the terminus"},"content":{"rendered":"<p>\n\tA mosaic of the stories of residents living in an apartment building at a tram terminus. This naturalistic work, influenced by Italian neorealism, tells the tales of several ordinary people who find themselves in difficult circumstances. One of the first film collaborations from the celebrated directorial duo J\u00e1n Kad\u00e1r and Elmar Klos based on a script by Ludv\u00edk A\u0161kenazy.<\/p>\n","protected":false},"excerpt":{"rendered":"<p>A mosaic of the stories of residents living in an apartment building at a tram terminus. This naturalistic work, influenced by Italian neorealism, tells the tales of several ordinary people who find themselves in difficult circumstances. One of the first film collaborations from the celebrated directorial duo J\u00e1n Kad\u00e1r and Elmar Klos based on a [&hellip;]<\/p>\n","protected":false},"featured_media":8293,"comment_status":"closed","ping_status":"closed","template":"","meta":{"_acf_changed":false,"inline_featured_image":false},"product_brand":[],"product_cat":[],"product_tag":[],"class_list":{"0":"post-10000","1":"product","2":"type-product","3":"status-publish","4":"has-post-thumbnail","6":"vydavatel-tituly-ine-en","8":"first","9":"outofstock","10":"purchasable","11":"product-type-simple"},"acf":[],"_links":{"self":[{"href":"https:\/\/sfu.sk\/en\/wp-json\/wp\/v2\/product\/10000","targetHints":{"allow":["GET"]}}],"collection":[{"href":"https:\/\/sfu.sk\/en\/wp-json\/wp\/v2\/product"}],"about":[{"href":"https:\/\/sfu.sk\/en\/wp-json\/wp\/v2\/types\/product"}],"replies":[{"embeddable":true,"href":"https:\/\/sfu.sk\/en\/wp-json\/wp\/v2\/comments?post=10000"}],"wp:featuredmedia":[{"embeddable":true,"href":"https:\/\/sfu.sk\/en\/wp-json\/wp\/v2\/media\/8293"}],"wp:attachment":[{"href":"https:\/\/sfu.sk\/en\/wp-json\/wp\/v2\/media?parent=10000"}],"wp:term":[{"taxonomy":"product_brand","embeddable":true,"href":"https:\/\/sfu.sk\/en\/wp-json\/wp\/v2\/product_brand?post=10000"},{"taxonomy":"product_cat","embeddable":true,"href":"https:\/\/sfu.sk\/en\/wp-json\/wp\/v2\/product_cat?post=10000"},{"taxonomy":"product_tag","embeddable":true,"href":"https:\/\/sfu.sk\/en\/wp-json\/wp\/v2\/product_tag?post=10000"}],"curies":[{"name":"wp","href":"https:\/\/api.w.org\/{rel}","templated":true}]}}