{"id":10034,"date":"2015-10-05T10:05:29","date_gmt":"2015-10-05T08:05:29","guid":{"rendered":"https:\/\/sfu.sk\/eshop\/three-daughters\/"},"modified":"2026-01-05T02:06:16","modified_gmt":"2026-01-05T01:06:16","slug":"three-daughters","status":"publish","type":"product","link":"https:\/\/sfu.sk\/en\/eshop\/three-daughters\/","title":{"rendered":"Three Daughters"},"content":{"rendered":"<p>\n\tFilm je zav\u0155\u0161en\u00edm Uhrovej pomyselnej tril\u00f3gie reaguj\u00facej na udalosti 2. svetovej vojny (Organ), jej koniec (Panna z\u00e1zra\u010dnica) i povojnov\u00e9 obdobie. Ludov\u00e1 balada o troch dc\u00e9rach je situovan\u00e1 do obdobia kolektiviz\u00e1cie v 50. rokoch. Otec Majda chce zanecha\u0165 majetok synovi, preto svoje tri dc\u00e9ry posiela do kl\u00e1\u0161tora. Ke\u010f v\u0161ak v \u010dase kolektiviz\u00e1cie o v\u0161etko pr\u00edde, \u00fato\u010disko m\u00f4\u017ee n\u00e1js\u0165 jedine u nich. Pod\u013ea trad\u00edci\u00ed \u013eudovej balady, pomocn\u00fa ruku pod\u00e1 otcovi t\u00e1 najmlad\u0161ia. Autori (Uher a Bedn\u00e1r) buduj\u00fa dr\u00e1mu o fanatizme postupne od ironickej drobnokresby stretnut\u00ed kl\u00e1\u0161tornej \u010daty s veden\u00edm \u0161t\u00e1tneho majetku a\u017e po konfliktn\u00fd stret dvoch nezlu\u010dite\u013en\u00fdch ideol\u00f3gi\u00ed.<\/p>\n","protected":false},"excerpt":{"rendered":"<p>Film je zav\u0155\u0161en\u00edm Uhrovej pomyselnej tril\u00f3gie reaguj\u00facej na udalosti 2. svetovej vojny (Organ), jej koniec (Panna z\u00e1zra\u010dnica) i povojnov\u00e9 obdobie. Ludov\u00e1 balada o troch dc\u00e9rach je situovan\u00e1 do obdobia kolektiviz\u00e1cie v 50. rokoch. Otec Majda chce zanecha\u0165 majetok synovi, preto svoje tri dc\u00e9ry posiela do kl\u00e1\u0161tora. Ke\u010f v\u0161ak v \u010dase kolektiviz\u00e1cie o v\u0161etko pr\u00edde, \u00fato\u010disko [&hellip;]<\/p>\n","protected":false},"featured_media":8395,"comment_status":"closed","ping_status":"closed","template":"","meta":{"_acf_changed":false,"inline_featured_image":false},"product_brand":[],"product_cat":[],"product_tag":[],"class_list":{"0":"post-10034","1":"product","2":"type-product","3":"status-publish","4":"has-post-thumbnail","6":"vydavatel-tituly-sfu-en","8":"first","9":"instock","10":"purchasable","11":"product-type-simple"},"acf":[],"_links":{"self":[{"href":"https:\/\/sfu.sk\/en\/wp-json\/wp\/v2\/product\/10034","targetHints":{"allow":["GET"]}}],"collection":[{"href":"https:\/\/sfu.sk\/en\/wp-json\/wp\/v2\/product"}],"about":[{"href":"https:\/\/sfu.sk\/en\/wp-json\/wp\/v2\/types\/product"}],"replies":[{"embeddable":true,"href":"https:\/\/sfu.sk\/en\/wp-json\/wp\/v2\/comments?post=10034"}],"wp:featuredmedia":[{"embeddable":true,"href":"https:\/\/sfu.sk\/en\/wp-json\/wp\/v2\/media\/8395"}],"wp:attachment":[{"href":"https:\/\/sfu.sk\/en\/wp-json\/wp\/v2\/media?parent=10034"}],"wp:term":[{"taxonomy":"product_brand","embeddable":true,"href":"https:\/\/sfu.sk\/en\/wp-json\/wp\/v2\/product_brand?post=10034"},{"taxonomy":"product_cat","embeddable":true,"href":"https:\/\/sfu.sk\/en\/wp-json\/wp\/v2\/product_cat?post=10034"},{"taxonomy":"product_tag","embeddable":true,"href":"https:\/\/sfu.sk\/en\/wp-json\/wp\/v2\/product_tag?post=10034"}],"curies":[{"name":"wp","href":"https:\/\/api.w.org\/{rel}","templated":true}]}}