{"id":10036,"date":"2016-03-30T11:41:46","date_gmt":"2016-03-30T09:41:46","guid":{"rendered":"https:\/\/sfu.sk\/eshop\/trois-filles-three-daughters\/"},"modified":"2023-08-30T09:47:43","modified_gmt":"2023-08-30T07:47:43","slug":"trois-filles-three-daughters","status":"publish","type":"product","link":"https:\/\/sfu.sk\/en\/eshop\/trois-filles-three-daughters\/","title":{"rendered":"Trois Filles (Three Daughters)"},"content":{"rendered":"<p>\n\tRuin\u00e9 par la collectivisation, un vieil homme part sur les routes \u00e0 la recherche de ses trois filles abandonn\u00e9es \u00e0 des couvents pour \u00e9viter l\u2019h\u00e9ritage. S\u0153ur Clemencia, la plus jeune, fait partie d\u2019un groupe de nonnes participant aux efforts de la nouvelle collectivit\u00e9. Mais les autorit\u00e9s du parti, d\u00e9rang\u00e9es par cet \u00e9trange mode de vie, voudraient dissoudre cette communaut\u00e9. Clemencia, belle jeune femme, est mandat\u00e9e pour les faire changer d\u2019avis. Avec l\u2019entr\u00e9e des \u00ab troupes amies \u00bb dans Prague en 1968, Trois Filles fut retir\u00e9 de l\u2019affiche. M\u00e9connu, le film reste pourtant une \u00e9tonnante tragi-com\u00e9die. Fid\u00e8le \u00e0 ses interrogations et influenc\u00e9 par la modernit\u00e9 de Miklos Jancso, Uher joue sur de longs travellings pour d\u00e9peindre des communaut\u00e9s en apparence radicalement h\u00e9t\u00e9rog\u00e8nes mais oblig\u00e9es de cohabiter.<br \/>\n\t&nbsp;<\/p>\n","protected":false},"excerpt":{"rendered":"<p>Ruin\u00e9 par la collectivisation, un vieil homme part sur les routes \u00e0 la recherche de ses trois filles abandonn\u00e9es \u00e0 des couvents pour \u00e9viter l\u2019h\u00e9ritage. S\u0153ur Clemencia, la plus jeune, fait partie d\u2019un groupe de nonnes participant aux efforts de la nouvelle collectivit\u00e9. Mais les autorit\u00e9s du parti, d\u00e9rang\u00e9es par cet \u00e9trange mode de vie, [&hellip;]<\/p>\n","protected":false},"featured_media":8401,"comment_status":"closed","ping_status":"closed","template":"","meta":{"_acf_changed":false,"inline_featured_image":false},"product_brand":[],"product_cat":[],"product_tag":[],"class_list":{"0":"post-10036","1":"product","2":"type-product","3":"status-publish","4":"has-post-thumbnail","6":"vydavatel-tituly-ine-en","8":"first","9":"instock","10":"sale","11":"purchasable","12":"product-type-simple"},"acf":[],"_links":{"self":[{"href":"https:\/\/sfu.sk\/en\/wp-json\/wp\/v2\/product\/10036","targetHints":{"allow":["GET"]}}],"collection":[{"href":"https:\/\/sfu.sk\/en\/wp-json\/wp\/v2\/product"}],"about":[{"href":"https:\/\/sfu.sk\/en\/wp-json\/wp\/v2\/types\/product"}],"replies":[{"embeddable":true,"href":"https:\/\/sfu.sk\/en\/wp-json\/wp\/v2\/comments?post=10036"}],"wp:featuredmedia":[{"embeddable":true,"href":"https:\/\/sfu.sk\/en\/wp-json\/wp\/v2\/media\/8401"}],"wp:attachment":[{"href":"https:\/\/sfu.sk\/en\/wp-json\/wp\/v2\/media?parent=10036"}],"wp:term":[{"taxonomy":"product_brand","embeddable":true,"href":"https:\/\/sfu.sk\/en\/wp-json\/wp\/v2\/product_brand?post=10036"},{"taxonomy":"product_cat","embeddable":true,"href":"https:\/\/sfu.sk\/en\/wp-json\/wp\/v2\/product_cat?post=10036"},{"taxonomy":"product_tag","embeddable":true,"href":"https:\/\/sfu.sk\/en\/wp-json\/wp\/v2\/product_tag?post=10036"}],"curies":[{"name":"wp","href":"https:\/\/api.w.org\/{rel}","templated":true}]}}