{"id":10038,"date":"2016-02-19T15:02:26","date_gmt":"2016-02-19T14:02:26","guid":{"rendered":"https:\/\/sfu.sk\/eshop\/tvorive-zrady-soucasne-polske-mysleni-o-filmu-a-audiovizualni-kulture\/"},"modified":"2023-08-30T09:47:44","modified_gmt":"2023-08-30T07:47:44","slug":"tvorive-zrady-soucasne-polske-mysleni-o-filmu-a-audiovizualni-kulture","status":"publish","type":"product","link":"https:\/\/sfu.sk\/en\/eshop\/tvorive-zrady-soucasne-polske-mysleni-o-filmu-a-audiovizualni-kulture\/","title":{"rendered":"Tvo\u0159iv\u00e9 zrady. Sou\u010dasn\u00e9 polsk\u00e9 my\u0161len\u00ed o filmu a audiovizu\u00e1ln\u00ed kultu\u0159e"},"content":{"rendered":"","protected":false},"excerpt":{"rendered":"","protected":false},"featured_media":8407,"comment_status":"closed","ping_status":"open","template":"","meta":{"_acf_changed":false,"inline_featured_image":false},"product_brand":[],"product_cat":[72],"product_tag":[],"class_list":{"0":"post-10038","1":"product","2":"type-product","3":"status-publish","4":"has-post-thumbnail","6":"product_cat-nezaradene","7":"vydavatel-tituly-ine-en","9":"first","10":"instock","11":"purchasable","12":"product-type-simple"},"acf":[],"_links":{"self":[{"href":"https:\/\/sfu.sk\/en\/wp-json\/wp\/v2\/product\/10038","targetHints":{"allow":["GET"]}}],"collection":[{"href":"https:\/\/sfu.sk\/en\/wp-json\/wp\/v2\/product"}],"about":[{"href":"https:\/\/sfu.sk\/en\/wp-json\/wp\/v2\/types\/product"}],"replies":[{"embeddable":true,"href":"https:\/\/sfu.sk\/en\/wp-json\/wp\/v2\/comments?post=10038"}],"wp:featuredmedia":[{"embeddable":true,"href":"https:\/\/sfu.sk\/en\/wp-json\/wp\/v2\/media\/8407"}],"wp:attachment":[{"href":"https:\/\/sfu.sk\/en\/wp-json\/wp\/v2\/media?parent=10038"}],"wp:term":[{"taxonomy":"product_brand","embeddable":true,"href":"https:\/\/sfu.sk\/en\/wp-json\/wp\/v2\/product_brand?post=10038"},{"taxonomy":"product_cat","embeddable":true,"href":"https:\/\/sfu.sk\/en\/wp-json\/wp\/v2\/product_cat?post=10038"},{"taxonomy":"product_tag","embeddable":true,"href":"https:\/\/sfu.sk\/en\/wp-json\/wp\/v2\/product_tag?post=10038"}],"curies":[{"name":"wp","href":"https:\/\/api.w.org\/{rel}","templated":true}]}}