{"id":10050,"date":"2022-12-09T15:19:00","date_gmt":"2022-12-09T14:19:00","guid":{"rendered":"https:\/\/sfu.sk\/eshop\/uslechtily-dobry-krasny-rimskokatolicka-cirkev-a-jeji-vztah-ke-kinematografii-v-ceskych-zemich-mezi-lety-1918-a-1948\/"},"modified":"2023-08-30T09:47:47","modified_gmt":"2023-08-30T07:47:47","slug":"uslechtily-dobry-krasny-rimskokatolicka-cirkev-a-jeji-vztah-ke-kinematografii-v-ceskych-zemich-mezi-lety-1918-a-1948","status":"publish","type":"product","link":"https:\/\/sfu.sk\/en\/eshop\/uslechtily-dobry-krasny-rimskokatolicka-cirkev-a-jeji-vztah-ke-kinematografii-v-ceskych-zemich-mezi-lety-1918-a-1948\/","title":{"rendered":"U\u0161lechtil\u00fd, dobr\u00fd, kr\u00e1sn\u00fd. \u0158\u00edmskokatolick\u00e1 c\u00edrkev a jej\u00ed vztah ke kinematografii v \u010desk\u00fdch zem\u00edch mezi lety 1918 a 1948."},"content":{"rendered":"","protected":false},"excerpt":{"rendered":"","protected":false},"featured_media":8443,"comment_status":"closed","ping_status":"closed","template":"","meta":{"_acf_changed":false,"inline_featured_image":false},"product_brand":[],"product_cat":[],"product_tag":[],"class_list":{"0":"post-10050","1":"product","2":"type-product","3":"status-publish","4":"has-post-thumbnail","6":"vydavatel-tituly-ine-en","8":"first","9":"instock","10":"purchasable","11":"product-type-simple"},"acf":[],"_links":{"self":[{"href":"https:\/\/sfu.sk\/en\/wp-json\/wp\/v2\/product\/10050","targetHints":{"allow":["GET"]}}],"collection":[{"href":"https:\/\/sfu.sk\/en\/wp-json\/wp\/v2\/product"}],"about":[{"href":"https:\/\/sfu.sk\/en\/wp-json\/wp\/v2\/types\/product"}],"replies":[{"embeddable":true,"href":"https:\/\/sfu.sk\/en\/wp-json\/wp\/v2\/comments?post=10050"}],"wp:featuredmedia":[{"embeddable":true,"href":"https:\/\/sfu.sk\/en\/wp-json\/wp\/v2\/media\/8443"}],"wp:attachment":[{"href":"https:\/\/sfu.sk\/en\/wp-json\/wp\/v2\/media?parent=10050"}],"wp:term":[{"taxonomy":"product_brand","embeddable":true,"href":"https:\/\/sfu.sk\/en\/wp-json\/wp\/v2\/product_brand?post=10050"},{"taxonomy":"product_cat","embeddable":true,"href":"https:\/\/sfu.sk\/en\/wp-json\/wp\/v2\/product_cat?post=10050"},{"taxonomy":"product_tag","embeddable":true,"href":"https:\/\/sfu.sk\/en\/wp-json\/wp\/v2\/product_tag?post=10050"}],"curies":[{"name":"wp","href":"https:\/\/api.w.org\/{rel}","templated":true}]}}