{"id":10057,"date":"2022-04-27T09:20:00","date_gmt":"2022-04-27T07:20:00","guid":{"rendered":"https:\/\/sfu.sk\/eshop\/v-tradici-kvality-a-prestize-david-o-selznick-a-vyroba-hvezd-v-hollywoodu-40-a-50-let\/"},"modified":"2023-08-30T09:47:52","modified_gmt":"2023-08-30T07:47:52","slug":"v-tradici-kvality-a-prestize-david-o-selznick-a-vyroba-hvezd-v-hollywoodu-40-a-50-let","status":"publish","type":"product","link":"https:\/\/sfu.sk\/en\/eshop\/v-tradici-kvality-a-prestize-david-o-selznick-a-vyroba-hvezd-v-hollywoodu-40-a-50-let\/","title":{"rendered":"V tradici kvality a presti\u017ee. David O. Selznick a v\u00fdroba hv\u011bzd v Hollywoodu 40. a 50. let"},"content":{"rendered":"","protected":false},"excerpt":{"rendered":"","protected":false},"featured_media":8464,"comment_status":"closed","ping_status":"open","template":"","meta":{"_acf_changed":false,"inline_featured_image":false},"product_brand":[],"product_cat":[72],"product_tag":[],"class_list":{"0":"post-10057","1":"product","2":"type-product","3":"status-publish","4":"has-post-thumbnail","6":"product_cat-nezaradene","7":"vydavatel-tituly-ine-en","9":"first","10":"instock","11":"purchasable","12":"product-type-simple"},"acf":[],"_links":{"self":[{"href":"https:\/\/sfu.sk\/en\/wp-json\/wp\/v2\/product\/10057","targetHints":{"allow":["GET"]}}],"collection":[{"href":"https:\/\/sfu.sk\/en\/wp-json\/wp\/v2\/product"}],"about":[{"href":"https:\/\/sfu.sk\/en\/wp-json\/wp\/v2\/types\/product"}],"replies":[{"embeddable":true,"href":"https:\/\/sfu.sk\/en\/wp-json\/wp\/v2\/comments?post=10057"}],"wp:featuredmedia":[{"embeddable":true,"href":"https:\/\/sfu.sk\/en\/wp-json\/wp\/v2\/media\/8464"}],"wp:attachment":[{"href":"https:\/\/sfu.sk\/en\/wp-json\/wp\/v2\/media?parent=10057"}],"wp:term":[{"taxonomy":"product_brand","embeddable":true,"href":"https:\/\/sfu.sk\/en\/wp-json\/wp\/v2\/product_brand?post=10057"},{"taxonomy":"product_cat","embeddable":true,"href":"https:\/\/sfu.sk\/en\/wp-json\/wp\/v2\/product_cat?post=10057"},{"taxonomy":"product_tag","embeddable":true,"href":"https:\/\/sfu.sk\/en\/wp-json\/wp\/v2\/product_tag?post=10057"}],"curies":[{"name":"wp","href":"https:\/\/api.w.org\/{rel}","templated":true}]}}