{"id":10061,"date":"2018-10-19T09:10:41","date_gmt":"2018-10-19T07:10:41","guid":{"rendered":"https:\/\/sfu.sk\/eshop\/vadi-nevadi-ceska-filmova-cenzura-v-60-letech\/"},"modified":"2023-08-30T09:47:53","modified_gmt":"2023-08-30T07:47:53","slug":"vadi-nevadi-ceska-filmova-cenzura-v-60-letech","status":"publish","type":"product","link":"https:\/\/sfu.sk\/en\/eshop\/vadi-nevadi-ceska-filmova-cenzura-v-60-letech\/","title":{"rendered":"Vad\u00ed-nevad\u00ed \u010cesk\u00e1 filmov\u00e1 cenzura v 60.letech"},"content":{"rendered":"","protected":false},"excerpt":{"rendered":"","protected":false},"featured_media":8476,"comment_status":"closed","ping_status":"closed","template":"","meta":{"_acf_changed":false,"inline_featured_image":false},"product_brand":[],"product_cat":[],"product_tag":[],"class_list":{"0":"post-10061","1":"product","2":"type-product","3":"status-publish","4":"has-post-thumbnail","6":"vydavatel-tituly-ine-en","8":"first","9":"instock","10":"purchasable","11":"product-type-simple"},"acf":[],"_links":{"self":[{"href":"https:\/\/sfu.sk\/en\/wp-json\/wp\/v2\/product\/10061","targetHints":{"allow":["GET"]}}],"collection":[{"href":"https:\/\/sfu.sk\/en\/wp-json\/wp\/v2\/product"}],"about":[{"href":"https:\/\/sfu.sk\/en\/wp-json\/wp\/v2\/types\/product"}],"replies":[{"embeddable":true,"href":"https:\/\/sfu.sk\/en\/wp-json\/wp\/v2\/comments?post=10061"}],"wp:featuredmedia":[{"embeddable":true,"href":"https:\/\/sfu.sk\/en\/wp-json\/wp\/v2\/media\/8476"}],"wp:attachment":[{"href":"https:\/\/sfu.sk\/en\/wp-json\/wp\/v2\/media?parent=10061"}],"wp:term":[{"taxonomy":"product_brand","embeddable":true,"href":"https:\/\/sfu.sk\/en\/wp-json\/wp\/v2\/product_brand?post=10061"},{"taxonomy":"product_cat","embeddable":true,"href":"https:\/\/sfu.sk\/en\/wp-json\/wp\/v2\/product_cat?post=10061"},{"taxonomy":"product_tag","embeddable":true,"href":"https:\/\/sfu.sk\/en\/wp-json\/wp\/v2\/product_tag?post=10061"}],"curies":[{"name":"wp","href":"https:\/\/api.w.org\/{rel}","templated":true}]}}