{"id":10065,"date":"2020-12-17T13:31:04","date_gmt":"2020-12-17T12:31:04","guid":{"rendered":"https:\/\/sfu.sk\/eshop\/velka-iluzia-alebo-ako-sa-stavia-filmovy-zazrak\/"},"modified":"2023-08-30T09:47:54","modified_gmt":"2023-08-30T07:47:54","slug":"velka-iluzia-alebo-ako-sa-stavia-filmovy-zazrak","status":"publish","type":"product","link":"https:\/\/sfu.sk\/en\/eshop\/velka-iluzia-alebo-ako-sa-stavia-filmovy-zazrak\/","title":{"rendered":"Ve\u013ek\u00e1 il\u00fazia alebo ako sa stavia filmov\u00fd z\u00e1zrak"},"content":{"rendered":"","protected":false},"excerpt":{"rendered":"","protected":false},"featured_media":8488,"comment_status":"closed","ping_status":"open","template":"","meta":{"_acf_changed":false,"inline_featured_image":false},"product_brand":[],"product_cat":[72],"product_tag":[],"class_list":{"0":"post-10065","1":"product","2":"type-product","3":"status-publish","4":"has-post-thumbnail","6":"product_cat-nezaradene","7":"vydavatel-tituly-ine-en","9":"first","10":"instock","11":"purchasable","12":"product-type-simple"},"acf":[],"_links":{"self":[{"href":"https:\/\/sfu.sk\/en\/wp-json\/wp\/v2\/product\/10065","targetHints":{"allow":["GET"]}}],"collection":[{"href":"https:\/\/sfu.sk\/en\/wp-json\/wp\/v2\/product"}],"about":[{"href":"https:\/\/sfu.sk\/en\/wp-json\/wp\/v2\/types\/product"}],"replies":[{"embeddable":true,"href":"https:\/\/sfu.sk\/en\/wp-json\/wp\/v2\/comments?post=10065"}],"wp:featuredmedia":[{"embeddable":true,"href":"https:\/\/sfu.sk\/en\/wp-json\/wp\/v2\/media\/8488"}],"wp:attachment":[{"href":"https:\/\/sfu.sk\/en\/wp-json\/wp\/v2\/media?parent=10065"}],"wp:term":[{"taxonomy":"product_brand","embeddable":true,"href":"https:\/\/sfu.sk\/en\/wp-json\/wp\/v2\/product_brand?post=10065"},{"taxonomy":"product_cat","embeddable":true,"href":"https:\/\/sfu.sk\/en\/wp-json\/wp\/v2\/product_cat?post=10065"},{"taxonomy":"product_tag","embeddable":true,"href":"https:\/\/sfu.sk\/en\/wp-json\/wp\/v2\/product_tag?post=10065"}],"curies":[{"name":"wp","href":"https:\/\/api.w.org\/{rel}","templated":true}]}}