{"id":10069,"date":"2016-06-21T10:09:53","date_gmt":"2016-06-21T08:09:53","guid":{"rendered":"https:\/\/sfu.sk\/eshop\/visegrad-cinema-pints-of-contact-from-the-new-waves-to-the-present\/"},"modified":"2023-08-30T09:47:55","modified_gmt":"2023-08-30T07:47:55","slug":"visegrad-cinema-pints-of-contact-from-the-new-waves-to-the-present","status":"publish","type":"product","link":"https:\/\/sfu.sk\/en\/eshop\/visegrad-cinema-pints-of-contact-from-the-new-waves-to-the-present\/","title":{"rendered":"Visegrad Cinema. Pints of Contact from the New Waves to the Present"},"content":{"rendered":"<p>\n\tIntroduction (P. Han\u00e1kov\u00e1), 1. World War II in Polish Cinema of the 1960s (P. Zwierzchowski), 2. Eroticism, Power, and Fate in the Cinema of Central Europe (K. B. Johnson), 3. Images of the Holocaust in Polish and other Cinemas of the Visegrad region, 1948\u20131968 (M. Miku\u0161ov\u00e1), 4. Artistic Dialogues in the Visegrad Cinema of the 1960s (A. Szekf\u00fc), 5. \u201cOur Folks\u201d: Ordinary People in Czechoslovak and Polish Cinema around 1968 (I. Kurz), 6. The Problematic Other and the (Im)possibility of Cross-Cultural Dialogue in Slovak Cinema after 1993 (J. Dudkov\u00e1), 7. Leading Tendencies in Polish Postcommunist Cinema: Auteurism, Genre, Vernacularism (E. Mazierska), 8. Imagining national identity in Czech post-communist Cinema (P. Han\u00e1kov\u00e1), 9. State Power and the Body The (Anti-)Abortion Legacies of Communist Romania and Postcommunist Poland&#8230; (A. Zieli\u0144ska)<\/p>\n","protected":false},"excerpt":{"rendered":"<p>Introduction (P. Han\u00e1kov\u00e1), 1. World War II in Polish Cinema of the 1960s (P. Zwierzchowski), 2. Eroticism, Power, and Fate in the Cinema of Central Europe (K. B. Johnson), 3. Images of the Holocaust in Polish and other Cinemas of the Visegrad region, 1948\u20131968 (M. Miku\u0161ov\u00e1), 4. Artistic Dialogues in the Visegrad Cinema of the [&hellip;]<\/p>\n","protected":false},"featured_media":8500,"comment_status":"closed","ping_status":"open","template":"","meta":{"_acf_changed":false,"inline_featured_image":false},"product_brand":[],"product_cat":[72],"product_tag":[],"class_list":{"0":"post-10069","1":"product","2":"type-product","3":"status-publish","4":"has-post-thumbnail","6":"product_cat-nezaradene","7":"vydavatel-tituly-ine-en","9":"first","10":"instock","11":"purchasable","12":"product-type-simple"},"acf":[],"_links":{"self":[{"href":"https:\/\/sfu.sk\/en\/wp-json\/wp\/v2\/product\/10069","targetHints":{"allow":["GET"]}}],"collection":[{"href":"https:\/\/sfu.sk\/en\/wp-json\/wp\/v2\/product"}],"about":[{"href":"https:\/\/sfu.sk\/en\/wp-json\/wp\/v2\/types\/product"}],"replies":[{"embeddable":true,"href":"https:\/\/sfu.sk\/en\/wp-json\/wp\/v2\/comments?post=10069"}],"wp:featuredmedia":[{"embeddable":true,"href":"https:\/\/sfu.sk\/en\/wp-json\/wp\/v2\/media\/8500"}],"wp:attachment":[{"href":"https:\/\/sfu.sk\/en\/wp-json\/wp\/v2\/media?parent=10069"}],"wp:term":[{"taxonomy":"product_brand","embeddable":true,"href":"https:\/\/sfu.sk\/en\/wp-json\/wp\/v2\/product_brand?post=10069"},{"taxonomy":"product_cat","embeddable":true,"href":"https:\/\/sfu.sk\/en\/wp-json\/wp\/v2\/product_cat?post=10069"},{"taxonomy":"product_tag","embeddable":true,"href":"https:\/\/sfu.sk\/en\/wp-json\/wp\/v2\/product_tag?post=10069"}],"curies":[{"name":"wp","href":"https:\/\/api.w.org\/{rel}","templated":true}]}}