{"id":10074,"date":"2017-10-18T08:50:28","date_gmt":"2017-10-18T06:50:28","guid":{"rendered":"https:\/\/sfu.sk\/eshop\/the-wolf-mountains-blu-ray-2\/"},"modified":"2023-08-30T09:47:56","modified_gmt":"2023-08-30T07:47:56","slug":"the-wolf-mountains-blu-ray-2","status":"publish","type":"product","link":"https:\/\/sfu.sk\/en\/eshop\/the-wolf-mountains-blu-ray-2\/","title":{"rendered":"The Wolf Mountains (blu-ray)"},"content":{"rendered":"<p>\n\tAs night falls, an ethereal mist creeps over a forest cover as old as the world itself. The primeval howl of a wolf echoes across the mountains, followed by another and yet another wolf. Down in the valley, a wisent turns swiftly, a deer runs off a little and a beaver swims into its hiding place. Only a bear waits in anticipation of sponging off the prey of the wolf.This is the story of one of the last wildernesses in Europe, where each creature plays its role in the eternal cycle of life and death. This land was known in the past as the \u201eWolf Mountains\u201c.For three years, Slovak filmmaker of wild nature Erik Bal\u00e1\u017e, together with his friends Karol Kalisk\u00fd and Jozef Fiala, trekked the length and breadth of the mountains and forests of Eastern Carpathians, a region that straddles Slovakia, Poland and Ukraine.<\/p>\n","protected":false},"excerpt":{"rendered":"<p>As night falls, an ethereal mist creeps over a forest cover as old as the world itself. The primeval howl of a wolf echoes across the mountains, followed by another and yet another wolf. Down in the valley, a wisent turns swiftly, a deer runs off a little and a beaver swims into its hiding [&hellip;]<\/p>\n","protected":false},"featured_media":8515,"comment_status":"closed","ping_status":"closed","template":"","meta":{"_acf_changed":false,"inline_featured_image":false},"product_brand":[],"product_cat":[],"product_tag":[],"class_list":{"0":"post-10074","1":"product","2":"type-product","3":"status-publish","4":"has-post-thumbnail","6":"vydavatel-tituly-ine-en","8":"first","9":"outofstock","10":"purchasable","11":"product-type-simple"},"acf":[],"_links":{"self":[{"href":"https:\/\/sfu.sk\/en\/wp-json\/wp\/v2\/product\/10074","targetHints":{"allow":["GET"]}}],"collection":[{"href":"https:\/\/sfu.sk\/en\/wp-json\/wp\/v2\/product"}],"about":[{"href":"https:\/\/sfu.sk\/en\/wp-json\/wp\/v2\/types\/product"}],"replies":[{"embeddable":true,"href":"https:\/\/sfu.sk\/en\/wp-json\/wp\/v2\/comments?post=10074"}],"wp:featuredmedia":[{"embeddable":true,"href":"https:\/\/sfu.sk\/en\/wp-json\/wp\/v2\/media\/8515"}],"wp:attachment":[{"href":"https:\/\/sfu.sk\/en\/wp-json\/wp\/v2\/media?parent=10074"}],"wp:term":[{"taxonomy":"product_brand","embeddable":true,"href":"https:\/\/sfu.sk\/en\/wp-json\/wp\/v2\/product_brand?post=10074"},{"taxonomy":"product_cat","embeddable":true,"href":"https:\/\/sfu.sk\/en\/wp-json\/wp\/v2\/product_cat?post=10074"},{"taxonomy":"product_tag","embeddable":true,"href":"https:\/\/sfu.sk\/en\/wp-json\/wp\/v2\/product_tag?post=10074"}],"curies":[{"name":"wp","href":"https:\/\/api.w.org\/{rel}","templated":true}]}}