{"id":10130,"date":"2016-02-11T13:32:57","date_gmt":"2016-02-11T12:32:57","guid":{"rendered":"https:\/\/sfu.sk\/eshop\/zaklady-architektonickeho-a-scenickeho-sviceni-1-dil\/"},"modified":"2023-08-30T09:48:14","modified_gmt":"2023-08-30T07:48:14","slug":"zaklady-architektonickeho-a-scenickeho-sviceni-1-dil","status":"publish","type":"product","link":"https:\/\/sfu.sk\/en\/eshop\/zaklady-architektonickeho-a-scenickeho-sviceni-1-dil\/","title":{"rendered":"Z\u00e1klady architektonick\u00e9ho a sc\u00e9nick\u00e9ho sv\u00edcen\u00ed 1. d\u00edl"},"content":{"rendered":"","protected":false},"excerpt":{"rendered":"","protected":false},"featured_media":8683,"comment_status":"closed","ping_status":"open","template":"","meta":{"_acf_changed":false,"inline_featured_image":false},"product_brand":[],"product_cat":[72],"product_tag":[],"class_list":{"0":"post-10130","1":"product","2":"type-product","3":"status-publish","4":"has-post-thumbnail","6":"product_cat-nezaradene","7":"vydavatel-tituly-ine-en","9":"first","10":"instock","11":"purchasable","12":"product-type-simple"},"acf":[],"_links":{"self":[{"href":"https:\/\/sfu.sk\/en\/wp-json\/wp\/v2\/product\/10130","targetHints":{"allow":["GET"]}}],"collection":[{"href":"https:\/\/sfu.sk\/en\/wp-json\/wp\/v2\/product"}],"about":[{"href":"https:\/\/sfu.sk\/en\/wp-json\/wp\/v2\/types\/product"}],"replies":[{"embeddable":true,"href":"https:\/\/sfu.sk\/en\/wp-json\/wp\/v2\/comments?post=10130"}],"wp:featuredmedia":[{"embeddable":true,"href":"https:\/\/sfu.sk\/en\/wp-json\/wp\/v2\/media\/8683"}],"wp:attachment":[{"href":"https:\/\/sfu.sk\/en\/wp-json\/wp\/v2\/media?parent=10130"}],"wp:term":[{"taxonomy":"product_brand","embeddable":true,"href":"https:\/\/sfu.sk\/en\/wp-json\/wp\/v2\/product_brand?post=10130"},{"taxonomy":"product_cat","embeddable":true,"href":"https:\/\/sfu.sk\/en\/wp-json\/wp\/v2\/product_cat?post=10130"},{"taxonomy":"product_tag","embeddable":true,"href":"https:\/\/sfu.sk\/en\/wp-json\/wp\/v2\/product_tag?post=10130"}],"curies":[{"name":"wp","href":"https:\/\/api.w.org\/{rel}","templated":true}]}}