{"id":10132,"date":"2016-02-19T13:51:23","date_gmt":"2016-02-19T12:51:23","guid":{"rendered":"https:\/\/sfu.sk\/eshop\/zaklady-elektronickeho-zvuku-a-jeho-kreativni-zpracovani\/"},"modified":"2023-08-30T09:48:14","modified_gmt":"2023-08-30T07:48:14","slug":"zaklady-elektronickeho-zvuku-a-jeho-kreativni-zpracovani","status":"publish","type":"product","link":"https:\/\/sfu.sk\/en\/eshop\/zaklady-elektronickeho-zvuku-a-jeho-kreativni-zpracovani\/","title":{"rendered":"Z\u00e1klady elektronick\u00e9ho zvuku a jeho kreativn\u00ed zpracov\u00e1n\u00ed"},"content":{"rendered":"","protected":false},"excerpt":{"rendered":"","protected":false},"featured_media":8689,"comment_status":"closed","ping_status":"open","template":"","meta":{"_acf_changed":false,"inline_featured_image":false},"product_brand":[],"product_cat":[72],"product_tag":[],"class_list":{"0":"post-10132","1":"product","2":"type-product","3":"status-publish","4":"has-post-thumbnail","6":"product_cat-nezaradene","7":"vydavatel-tituly-ine-en","9":"first","10":"instock","11":"purchasable","12":"product-type-simple"},"acf":[],"_links":{"self":[{"href":"https:\/\/sfu.sk\/en\/wp-json\/wp\/v2\/product\/10132","targetHints":{"allow":["GET"]}}],"collection":[{"href":"https:\/\/sfu.sk\/en\/wp-json\/wp\/v2\/product"}],"about":[{"href":"https:\/\/sfu.sk\/en\/wp-json\/wp\/v2\/types\/product"}],"replies":[{"embeddable":true,"href":"https:\/\/sfu.sk\/en\/wp-json\/wp\/v2\/comments?post=10132"}],"wp:featuredmedia":[{"embeddable":true,"href":"https:\/\/sfu.sk\/en\/wp-json\/wp\/v2\/media\/8689"}],"wp:attachment":[{"href":"https:\/\/sfu.sk\/en\/wp-json\/wp\/v2\/media?parent=10132"}],"wp:term":[{"taxonomy":"product_brand","embeddable":true,"href":"https:\/\/sfu.sk\/en\/wp-json\/wp\/v2\/product_brand?post=10132"},{"taxonomy":"product_cat","embeddable":true,"href":"https:\/\/sfu.sk\/en\/wp-json\/wp\/v2\/product_cat?post=10132"},{"taxonomy":"product_tag","embeddable":true,"href":"https:\/\/sfu.sk\/en\/wp-json\/wp\/v2\/product_tag?post=10132"}],"curies":[{"name":"wp","href":"https:\/\/api.w.org\/{rel}","templated":true}]}}