{"id":10133,"date":"2021-06-30T10:15:07","date_gmt":"2021-06-30T08:15:07","guid":{"rendered":"https:\/\/sfu.sk\/eshop\/zaklady-scenickeho-a-architektonickeho-sviceni-1-3\/"},"modified":"2023-08-30T09:48:15","modified_gmt":"2023-08-30T07:48:15","slug":"zaklady-scenickeho-a-architektonickeho-sviceni-1-3","status":"publish","type":"product","link":"https:\/\/sfu.sk\/en\/eshop\/zaklady-scenickeho-a-architektonickeho-sviceni-1-3\/","title":{"rendered":"Z\u00e1klady sc\u00e9nick\u00e9ho a architektonick\u00e9ho sv\u00edcen\u00ed 1-3"},"content":{"rendered":"","protected":false},"excerpt":{"rendered":"","protected":false},"featured_media":8692,"comment_status":"closed","ping_status":"closed","template":"","meta":{"_acf_changed":false,"inline_featured_image":false},"product_brand":[],"product_cat":[],"product_tag":[],"class_list":{"0":"post-10133","1":"product","2":"type-product","3":"status-publish","4":"has-post-thumbnail","6":"vydavatel-tituly-ine-en","8":"first","9":"outofstock","10":"purchasable","11":"product-type-simple"},"acf":[],"_links":{"self":[{"href":"https:\/\/sfu.sk\/en\/wp-json\/wp\/v2\/product\/10133","targetHints":{"allow":["GET"]}}],"collection":[{"href":"https:\/\/sfu.sk\/en\/wp-json\/wp\/v2\/product"}],"about":[{"href":"https:\/\/sfu.sk\/en\/wp-json\/wp\/v2\/types\/product"}],"replies":[{"embeddable":true,"href":"https:\/\/sfu.sk\/en\/wp-json\/wp\/v2\/comments?post=10133"}],"wp:featuredmedia":[{"embeddable":true,"href":"https:\/\/sfu.sk\/en\/wp-json\/wp\/v2\/media\/8692"}],"wp:attachment":[{"href":"https:\/\/sfu.sk\/en\/wp-json\/wp\/v2\/media?parent=10133"}],"wp:term":[{"taxonomy":"product_brand","embeddable":true,"href":"https:\/\/sfu.sk\/en\/wp-json\/wp\/v2\/product_brand?post=10133"},{"taxonomy":"product_cat","embeddable":true,"href":"https:\/\/sfu.sk\/en\/wp-json\/wp\/v2\/product_cat?post=10133"},{"taxonomy":"product_tag","embeddable":true,"href":"https:\/\/sfu.sk\/en\/wp-json\/wp\/v2\/product_tag?post=10133"}],"curies":[{"name":"wp","href":"https:\/\/api.w.org\/{rel}","templated":true}]}}