{"id":10151,"date":"2016-03-03T09:11:44","date_gmt":"2016-03-03T08:11:44","guid":{"rendered":"https:\/\/sfu.sk\/eshop\/zlata-sedesata-jednotlive-portrety-v-plechovych-boxoch\/"},"modified":"2023-08-30T09:48:20","modified_gmt":"2023-08-30T07:48:20","slug":"zlata-sedesata-jednotlive-portrety-v-plechovych-boxoch","status":"publish","type":"product","link":"https:\/\/sfu.sk\/en\/eshop\/zlata-sedesata-jednotlive-portrety-v-plechovych-boxoch\/","title":{"rendered":"Zlat\u00e1 \u0161edes\u00e1t\u00e1-Jednotliv\u00e9 portr\u00e9ty v plechov\u00fdch boxoch"},"content":{"rendered":"","protected":false},"excerpt":{"rendered":"","protected":false},"featured_media":8746,"comment_status":"closed","ping_status":"closed","template":"","meta":{"_acf_changed":false,"inline_featured_image":false},"product_brand":[],"product_cat":[],"product_tag":[],"class_list":{"0":"post-10151","1":"product","2":"type-product","3":"status-publish","4":"has-post-thumbnail","6":"vydavatel-tituly-ine-en","8":"first","9":"instock","10":"purchasable","11":"product-type-simple"},"acf":[],"_links":{"self":[{"href":"https:\/\/sfu.sk\/en\/wp-json\/wp\/v2\/product\/10151","targetHints":{"allow":["GET"]}}],"collection":[{"href":"https:\/\/sfu.sk\/en\/wp-json\/wp\/v2\/product"}],"about":[{"href":"https:\/\/sfu.sk\/en\/wp-json\/wp\/v2\/types\/product"}],"replies":[{"embeddable":true,"href":"https:\/\/sfu.sk\/en\/wp-json\/wp\/v2\/comments?post=10151"}],"wp:featuredmedia":[{"embeddable":true,"href":"https:\/\/sfu.sk\/en\/wp-json\/wp\/v2\/media\/8746"}],"wp:attachment":[{"href":"https:\/\/sfu.sk\/en\/wp-json\/wp\/v2\/media?parent=10151"}],"wp:term":[{"taxonomy":"product_brand","embeddable":true,"href":"https:\/\/sfu.sk\/en\/wp-json\/wp\/v2\/product_brand?post=10151"},{"taxonomy":"product_cat","embeddable":true,"href":"https:\/\/sfu.sk\/en\/wp-json\/wp\/v2\/product_cat?post=10151"},{"taxonomy":"product_tag","embeddable":true,"href":"https:\/\/sfu.sk\/en\/wp-json\/wp\/v2\/product_tag?post=10151"}],"curies":[{"name":"wp","href":"https:\/\/api.w.org\/{rel}","templated":true}]}}