{"id":10397,"date":"2023-09-20T14:21:36","date_gmt":"2023-09-20T12:21:36","guid":{"rendered":"https:\/\/sfu.sk\/?post_type=product&#038;p=10397"},"modified":"2025-04-25T14:06:40","modified_gmt":"2025-04-25T12:06:40","slug":"polnocna-omsa","status":"publish","type":"product","link":"https:\/\/sfu.sk\/en\/eshop\/polnocna-omsa\/","title":{"rendered":"DVD Polno\u010dn\u00e1 om\u0161a"},"content":{"rendered":"<p>Filmov\u00e1 adapt\u00e1cia rovnomennej divadelnej hry Petra Karva\u0161a. Dramatick\u00fd pr\u00edbeh malome\u0161tiackej rodiny Kubi\u0161ov\u00fdch, ktorej \u010dlenovia pokia\u013e u\u017e priamo nekolaboruj\u00fa s Nemcami, t\u00fa\u017eia aspo\u0148 pre\u017ei\u0165 vojnu v bezpe\u010d\u00ed. V\u00e1\u017enym ohrozen\u00edm sa pre nich st\u00e1va n\u00e1vrat zranen\u00e9ho syna Juraja, ktor\u00fd bojuje s partiz\u00e1nmi.<\/p>\n","protected":false},"excerpt":{"rendered":"<p>Filmov\u00e1 adapt\u00e1cia rovnomennej divadelnej hry Petra Karva\u0161a. Dramatick\u00fd pr\u00edbeh malome\u0161tiackej rodiny Kubi\u0161ov\u00fdch, ktorej \u010dlenovia pokia\u013e u\u017e priamo nekolaboruj\u00fa s Nemcami, t\u00fa\u017eia aspo\u0148 pre\u017ei\u0165 vojnu v bezpe\u010d\u00ed. V\u00e1\u017enym ohrozen\u00edm sa pre nich st\u00e1va n\u00e1vrat zranen\u00e9ho syna Juraja, ktor\u00fd bojuje s partiz\u00e1nmi.<\/p>\n","protected":false},"featured_media":10398,"comment_status":"open","ping_status":"closed","template":"","meta":{"_acf_changed":false,"inline_featured_image":false},"product_brand":[],"product_cat":[30],"product_tag":[142,143,144],"class_list":{"0":"post-10397","1":"product","2":"type-product","3":"status-publish","4":"has-post-thumbnail","6":"product_cat-dvd","7":"product_tag-krejcik","8":"product_tag-omsa","9":"product_tag-polnocna","10":"vydavatel-tituly-ine","12":"first","13":"outofstock","14":"shipping-taxable","15":"purchasable","16":"product-type-simple"},"acf":[],"_links":{"self":[{"href":"https:\/\/sfu.sk\/en\/wp-json\/wp\/v2\/product\/10397","targetHints":{"allow":["GET"]}}],"collection":[{"href":"https:\/\/sfu.sk\/en\/wp-json\/wp\/v2\/product"}],"about":[{"href":"https:\/\/sfu.sk\/en\/wp-json\/wp\/v2\/types\/product"}],"replies":[{"embeddable":true,"href":"https:\/\/sfu.sk\/en\/wp-json\/wp\/v2\/comments?post=10397"}],"wp:featuredmedia":[{"embeddable":true,"href":"https:\/\/sfu.sk\/en\/wp-json\/wp\/v2\/media\/10398"}],"wp:attachment":[{"href":"https:\/\/sfu.sk\/en\/wp-json\/wp\/v2\/media?parent=10397"}],"wp:term":[{"taxonomy":"product_brand","embeddable":true,"href":"https:\/\/sfu.sk\/en\/wp-json\/wp\/v2\/product_brand?post=10397"},{"taxonomy":"product_cat","embeddable":true,"href":"https:\/\/sfu.sk\/en\/wp-json\/wp\/v2\/product_cat?post=10397"},{"taxonomy":"product_tag","embeddable":true,"href":"https:\/\/sfu.sk\/en\/wp-json\/wp\/v2\/product_tag?post=10397"}],"curies":[{"name":"wp","href":"https:\/\/api.w.org\/{rel}","templated":true}]}}