{"id":18213,"date":"2023-12-07T16:08:41","date_gmt":"2023-12-07T15:08:41","guid":{"rendered":"https:\/\/sfu.sk\/?post_type=product&#038;p=18213"},"modified":"2025-05-06T11:57:27","modified_gmt":"2025-05-06T09:57:27","slug":"blu-ray-invalid","status":"publish","type":"product","link":"https:\/\/sfu.sk\/en\/eshop\/blu-ray-invalid\/","title":{"rendered":"blu-ray Invalid"},"content":{"rendered":"<p>Divok\u00e9 90. roky. \u0160u\u0161tiakov\u00e9 s\u00fapravy, pestrofarebn\u00e9 sak\u00e1, ve\u013ek\u00e9 magnetof\u00f3ny, videoprehr\u00e1va\u010de, g\u00fd\u010dov\u00e1 dancefloor hudba, videopo\u017ei\u010dovne na ka\u017edom kroku, nov\u00e9 spolo\u010densk\u00e9 pomery, z\u00e1plava r\u00f4znych podvodn\u00ed\u010dkov, za\u010d\u00ednaj\u00faci organizovan\u00fd zlo\u010din a s n\u00edm spojen\u00e9 n\u00e1silie a korupcia. V tomto \u010dase a prostred\u00ed anonymn\u00e9ho slovensk\u00e9ho malomesta sa odohr\u00e1va pr\u00edbeh Laca Hundera \u2013 \u00fadr\u017eb\u00e1ra v m\u00fazeu, ktor\u00fd je hrd\u00fd na svoju pr\u00e1cu, ale kv\u00f4li svojej cholerickej povahe sa ocitne v nespr\u00e1vnom \u010dase na nespr\u00e1vnom mieste.<\/p>\n<p><strong>Bonusy\/Bonus materials<\/strong><\/p>\n<p>Film o filme, Videoklip ASAL, Videoklip PIECE, Trailer, Teaser<\/p>\n","protected":false},"excerpt":{"rendered":"<p>Divok\u00e9 90. roky. \u0160u\u0161tiakov\u00e9 s\u00fapravy, pestrofarebn\u00e9 sak\u00e1, ve\u013ek\u00e9 magnetof\u00f3ny, videoprehr\u00e1va\u010de, g\u00fd\u010dov\u00e1 dancefloor hudba, videopo\u017ei\u010dovne na ka\u017edom kroku, nov\u00e9 spolo\u010densk\u00e9 pomery, z\u00e1plava r\u00f4znych podvodn\u00ed\u010dkov, za\u010d\u00ednaj\u00faci organizovan\u00fd zlo\u010din a s n\u00edm spojen\u00e9 n\u00e1silie a korupcia. V tomto \u010dase a prostred\u00ed anonymn\u00e9ho slovensk\u00e9ho malomesta sa odohr\u00e1va pr\u00edbeh Laca Hundera \u2013 \u00fadr\u017eb\u00e1ra v m\u00fazeu, ktor\u00fd je hrd\u00fd na svoju [&hellip;]<\/p>\n","protected":false},"featured_media":18214,"comment_status":"closed","ping_status":"closed","template":"","meta":{"_acf_changed":false,"inline_featured_image":false},"product_brand":[],"product_cat":[31,329],"product_tag":[],"class_list":{"0":"post-18213","1":"product","2":"type-product","3":"status-publish","4":"has-post-thumbnail","6":"product_cat-blu-ray","7":"product_cat-tituly-inych-vydavatelstiev-blu-ray","9":"first","10":"instock","11":"shipping-taxable","12":"purchasable","13":"product-type-simple"},"acf":[],"_links":{"self":[{"href":"https:\/\/sfu.sk\/en\/wp-json\/wp\/v2\/product\/18213","targetHints":{"allow":["GET"]}}],"collection":[{"href":"https:\/\/sfu.sk\/en\/wp-json\/wp\/v2\/product"}],"about":[{"href":"https:\/\/sfu.sk\/en\/wp-json\/wp\/v2\/types\/product"}],"replies":[{"embeddable":true,"href":"https:\/\/sfu.sk\/en\/wp-json\/wp\/v2\/comments?post=18213"}],"wp:featuredmedia":[{"embeddable":true,"href":"https:\/\/sfu.sk\/en\/wp-json\/wp\/v2\/media\/18214"}],"wp:attachment":[{"href":"https:\/\/sfu.sk\/en\/wp-json\/wp\/v2\/media?parent=18213"}],"wp:term":[{"taxonomy":"product_brand","embeddable":true,"href":"https:\/\/sfu.sk\/en\/wp-json\/wp\/v2\/product_brand?post=18213"},{"taxonomy":"product_cat","embeddable":true,"href":"https:\/\/sfu.sk\/en\/wp-json\/wp\/v2\/product_cat?post=18213"},{"taxonomy":"product_tag","embeddable":true,"href":"https:\/\/sfu.sk\/en\/wp-json\/wp\/v2\/product_tag?post=18213"}],"curies":[{"name":"wp","href":"https:\/\/api.w.org\/{rel}","templated":true}]}}