{"id":18483,"date":"2023-12-08T11:40:36","date_gmt":"2023-12-08T10:40:36","guid":{"rendered":"https:\/\/sfu.sk\/?post_type=product&#038;p=18483"},"modified":"2023-12-08T13:32:37","modified_gmt":"2023-12-08T12:32:37","slug":"film-sk-no-12-2023","status":"publish","type":"product","link":"https:\/\/sfu.sk\/en\/eshop\/film-sk-no-12-2023\/","title":{"rendered":"Film.sk NO. 12\/2023"},"content":{"rendered":"<p>Posledn\u00e9 \u010d\u00edslo roka je tu s bohatou informa\u010dnou n\u00e1dielkou! Do\u010d\u00edtate sa v \u0148om bli\u017e\u0161ie inform\u00e1cie o filmoch, ktor\u00e9 v zime m\u00f4\u017eete vidie\u0165 v kin\u00e1ch.<br \/>\nV decembrovom Film.sk n\u00e1jdete:<br \/>\n-t\u00e9mu o film\u00e1rskych asoci\u00e1ciach a zdru\u017eeniach<br \/>\n-rozhovor s producentom Jurajom Krasnohorsk\u00fdm<br \/>\n-novinky Perinbaba a dva svety, @Pozor, pad\u00e1 SNG \/ Hanging Without Walls a Lieta v tom<br \/>\n-recenzie filmov Tonko, Sl\u00e1vka a k\u00fazeln\u00e9 svetlo, Umelohmotn\u00e9 nebo (M\u0171anyag \u00e9gbolt \/ White Plastic Sky), Bratia, JEJ\u00cd T\u011aLO film, 15 x 15 x 5 \u2013 minisal\u00f3n 1984, Karaoke Blues, Stepne a Vrahovia mesiaca kvetov<br \/>\n-text z cyklu 60 rokov Slovensk\u00fd filmov\u00fd \u00fastav \/ Slovak Film Institute, v ktorom pribli\u017eujeme tradi\u010dn\u00fd arch\u00edv i kni\u017enicu<br \/>\n-a mnoho \u010fal\u0161\u00edch \u010dl\u00e1nkov.<\/p>\n","protected":false},"excerpt":{"rendered":"<p>Posledn\u00e9 \u010d\u00edslo roka je tu s bohatou informa\u010dnou n\u00e1dielkou! Do\u010d\u00edtate sa v \u0148om bli\u017e\u0161ie inform\u00e1cie o filmoch, ktor\u00e9 v zime m\u00f4\u017eete vidie\u0165 v kin\u00e1ch. V decembrovom Film.sk n\u00e1jdete: -t\u00e9mu o film\u00e1rskych asoci\u00e1ciach a zdru\u017eeniach -rozhovor s producentom Jurajom Krasnohorsk\u00fdm -novinky Perinbaba a dva svety, @Pozor, pad\u00e1 SNG \/ Hanging Without Walls a Lieta v tom [&hellip;]<\/p>\n","protected":false},"featured_media":18484,"comment_status":"closed","ping_status":"closed","template":"","meta":{"_acf_changed":false,"inline_featured_image":false},"product_brand":[],"product_cat":[29,336,335],"product_tag":[],"class_list":{"0":"post-18483","1":"product","2":"type-product","3":"status-publish","4":"has-post-thumbnail","6":"product_cat-casopisy","7":"product_cat-film-sk","8":"product_cat-tituly-sfu-casopisy","10":"first","11":"instock","12":"shipping-taxable","13":"purchasable","14":"product-type-simple"},"acf":[],"_links":{"self":[{"href":"https:\/\/sfu.sk\/en\/wp-json\/wp\/v2\/product\/18483","targetHints":{"allow":["GET"]}}],"collection":[{"href":"https:\/\/sfu.sk\/en\/wp-json\/wp\/v2\/product"}],"about":[{"href":"https:\/\/sfu.sk\/en\/wp-json\/wp\/v2\/types\/product"}],"replies":[{"embeddable":true,"href":"https:\/\/sfu.sk\/en\/wp-json\/wp\/v2\/comments?post=18483"}],"wp:featuredmedia":[{"embeddable":true,"href":"https:\/\/sfu.sk\/en\/wp-json\/wp\/v2\/media\/18484"}],"wp:attachment":[{"href":"https:\/\/sfu.sk\/en\/wp-json\/wp\/v2\/media?parent=18483"}],"wp:term":[{"taxonomy":"product_brand","embeddable":true,"href":"https:\/\/sfu.sk\/en\/wp-json\/wp\/v2\/product_brand?post=18483"},{"taxonomy":"product_cat","embeddable":true,"href":"https:\/\/sfu.sk\/en\/wp-json\/wp\/v2\/product_cat?post=18483"},{"taxonomy":"product_tag","embeddable":true,"href":"https:\/\/sfu.sk\/en\/wp-json\/wp\/v2\/product_tag?post=18483"}],"curies":[{"name":"wp","href":"https:\/\/api.w.org\/{rel}","templated":true}]}}