{"id":18487,"date":"2023-12-08T11:47:02","date_gmt":"2023-12-08T10:47:02","guid":{"rendered":"https:\/\/sfu.sk\/?post_type=product&#038;p=18487"},"modified":"2023-12-08T13:19:32","modified_gmt":"2023-12-08T12:19:32","slug":"film-sk-no-9-2023","status":"publish","type":"product","link":"https:\/\/sfu.sk\/en\/eshop\/film-sk-no-9-2023\/","title":{"rendered":"Film.sk NO. 9\/2023"},"content":{"rendered":"<p>Septembrov\u00e9 \u010d\u00edslo je nabit\u00e9 inform\u00e1ciami z dom\u00e1cej audiov\u00edzie! \u010c\u00edta\u0165 ho m\u00f4\u017eete u\u017e teraz!<br \/>\nN\u00e1jdete v \u0148om:<br \/>\n-t\u00e9mu o tom, v ak\u00fdch podmienkach sa na Slovensku pracuje v audiov\u00edzii v oblasti scen\u00e1ristiky, dramaturgie \u010di r\u00e9\u017eie a ako vyzer\u00e1 profesion\u00e1lna pr\u00e1ca v tejto oblasti<br \/>\n-aktu\u00e1lne o dianie v Audiovizu\u00e1lny fond \/ Slovak Audiovisual Fund<br \/>\n-rozhovor s gener\u00e1lnym riadite\u013eom Rozhlas a telev\u00edzia Slovenska \u013dubo\u0161om Machajom<br \/>\n-novinky o filmoch \u0160\u0165astn\u00fd \u010dlovek, V\u0161etci \u013eudia bud\u00fa bratia, Bod obnovy a Brutal Heat \/ Brut\u00e1ln\u00ed vedro<br \/>\n-recenzie filmov Oppenheimer, \u00dazemie fant\u00e1zie, Barbie, Nikdy nehovor nikdy, Otcovia a matky<br \/>\n-\u010fal\u0161\u00ed diel cyklu 60 rokov Slovensk\u00fd filmov\u00fd \u00fastav \/ Slovak Film Institute \u2013 nedivite\u013en\u00e9 profesie SF\u00da, tentokr\u00e1t z oddelenia N\u00e1rodn\u00e9 kinematografick\u00e9 centrum<br \/>\n-text o filme Obrazy star\u00e9ho sveta (1972) Du\u0161ana Han\u00e1ka z ankety film.sk \u2013 slovensk\u00fd film storo\u010dia<br \/>\n-a \u010fal\u0161ie zauj\u00edmav\u00e9 \u010dl\u00e1nky.<\/p>\n","protected":false},"excerpt":{"rendered":"<p>Septembrov\u00e9 \u010d\u00edslo je nabit\u00e9 inform\u00e1ciami z dom\u00e1cej audiov\u00edzie! \u010c\u00edta\u0165 ho m\u00f4\u017eete u\u017e teraz! N\u00e1jdete v \u0148om: -t\u00e9mu o tom, v ak\u00fdch podmienkach sa na Slovensku pracuje v audiov\u00edzii v oblasti scen\u00e1ristiky, dramaturgie \u010di r\u00e9\u017eie a ako vyzer\u00e1 profesion\u00e1lna pr\u00e1ca v tejto oblasti -aktu\u00e1lne o dianie v Audiovizu\u00e1lny fond \/ Slovak Audiovisual Fund -rozhovor s gener\u00e1lnym [&hellip;]<\/p>\n","protected":false},"featured_media":18515,"comment_status":"closed","ping_status":"closed","template":"","meta":{"_acf_changed":false,"inline_featured_image":false},"product_brand":[],"product_cat":[29,336,335],"product_tag":[],"class_list":{"0":"post-18487","1":"product","2":"type-product","3":"status-publish","4":"has-post-thumbnail","6":"product_cat-casopisy","7":"product_cat-film-sk","8":"product_cat-tituly-sfu-casopisy","10":"first","11":"instock","12":"shipping-taxable","13":"purchasable","14":"product-type-simple"},"acf":[],"_links":{"self":[{"href":"https:\/\/sfu.sk\/en\/wp-json\/wp\/v2\/product\/18487","targetHints":{"allow":["GET"]}}],"collection":[{"href":"https:\/\/sfu.sk\/en\/wp-json\/wp\/v2\/product"}],"about":[{"href":"https:\/\/sfu.sk\/en\/wp-json\/wp\/v2\/types\/product"}],"replies":[{"embeddable":true,"href":"https:\/\/sfu.sk\/en\/wp-json\/wp\/v2\/comments?post=18487"}],"wp:featuredmedia":[{"embeddable":true,"href":"https:\/\/sfu.sk\/en\/wp-json\/wp\/v2\/media\/18515"}],"wp:attachment":[{"href":"https:\/\/sfu.sk\/en\/wp-json\/wp\/v2\/media?parent=18487"}],"wp:term":[{"taxonomy":"product_brand","embeddable":true,"href":"https:\/\/sfu.sk\/en\/wp-json\/wp\/v2\/product_brand?post=18487"},{"taxonomy":"product_cat","embeddable":true,"href":"https:\/\/sfu.sk\/en\/wp-json\/wp\/v2\/product_cat?post=18487"},{"taxonomy":"product_tag","embeddable":true,"href":"https:\/\/sfu.sk\/en\/wp-json\/wp\/v2\/product_tag?post=18487"}],"curies":[{"name":"wp","href":"https:\/\/api.w.org\/{rel}","templated":true}]}}