{"id":18518,"date":"2023-12-08T13:23:56","date_gmt":"2023-12-08T12:23:56","guid":{"rendered":"https:\/\/sfu.sk\/?post_type=product&#038;p=18518"},"modified":"2023-12-08T13:24:54","modified_gmt":"2023-12-08T12:24:54","slug":"film-sk-no-10-2023","status":"publish","type":"product","link":"https:\/\/sfu.sk\/en\/eshop\/film-sk-no-10-2023\/","title":{"rendered":"Film.sk NO. 10\/2023"},"content":{"rendered":"<p>Okt\u00f3brov\u00e9 \u010d\u00edslo o dokumentarizme v \u00e9re hypermodernity!<br \/>\nOkrem t\u00e9my, ktor\u00e1 sa pozrela na s\u00fa\u010dasn\u00fa dokument\u00e1rnu tvorbu, si v \u010d\u00edsle m\u00f4\u017eete pre\u010d\u00edta\u0165:<br \/>\n-rozhovor s ma\u010farskou filmovou teoreti\u010dkou, kriti\u010dkou a profesorkou filmov\u00fdch \u0161t\u00fadi\u00ed na Univerzite E\u00f6tv\u00f6sa Lor\u00e1nda v Budape\u0161ti (ELTE) Ter\u00e9z Vinczeovou<br \/>\n-o slovensk\u00fdch filmov\u00fdch novink\u00e1ch, ktor\u00fdch je tento mesiac naozaj ve\u013ea: Photophobia (Svetloplachos\u0165), A m\u00e1me, \u010do sme chceli, Pravda je to najd\u00f4le\u017eitej\u0161ie, Andy Warhol \u2013 americk\u00fd sen, Brat\u0159i , Citliv\u00fd \u010dlov\u011bk film, #annaismissing, \u00dasvit<br \/>\n-o filme K\u00fdm sa skon\u010d\u00ed t\u00e1to noc v r\u00e1mci rubriky Ankety film.sk \u2013 slovensk\u00fd film storo\u010dia<br \/>\n-recenzie sn\u00edmok Film \u0160\u0165astn\u00fd \u010dlovek, V\u0161etci \u013eudia bud\u00fa bratia, Brutal Heat \/ Brut\u00e1ln\u00ed vedro, Anat\u00f3mia p\u00e1du a Na lodi Adamant<br \/>\n-ohlasy na 18. Filmov\u00fd festival Cinematik Pie\u0161\u0165any<br \/>\n-a mnoho \u010fal\u0161\u00edch zauj\u00edmav\u00fdch a informa\u010dn\u00fdch textov.<\/p>\n","protected":false},"excerpt":{"rendered":"<p>Okt\u00f3brov\u00e9 \u010d\u00edslo o dokumentarizme v \u00e9re hypermodernity! Okrem t\u00e9my, ktor\u00e1 sa pozrela na s\u00fa\u010dasn\u00fa dokument\u00e1rnu tvorbu, si v \u010d\u00edsle m\u00f4\u017eete pre\u010d\u00edta\u0165: -rozhovor s ma\u010farskou filmovou teoreti\u010dkou, kriti\u010dkou a profesorkou filmov\u00fdch \u0161t\u00fadi\u00ed na Univerzite E\u00f6tv\u00f6sa Lor\u00e1nda v Budape\u0161ti (ELTE) Ter\u00e9z Vinczeovou -o slovensk\u00fdch filmov\u00fdch novink\u00e1ch, ktor\u00fdch je tento mesiac naozaj ve\u013ea: Photophobia (Svetloplachos\u0165), A m\u00e1me, \u010do [&hellip;]<\/p>\n","protected":false},"featured_media":18519,"comment_status":"closed","ping_status":"closed","template":"","meta":{"_acf_changed":false,"inline_featured_image":false},"product_brand":[],"product_cat":[29,336,335],"product_tag":[],"class_list":{"0":"post-18518","1":"product","2":"type-product","3":"status-publish","4":"has-post-thumbnail","6":"product_cat-casopisy","7":"product_cat-film-sk","8":"product_cat-tituly-sfu-casopisy","10":"first","11":"instock","12":"shipping-taxable","13":"purchasable","14":"product-type-simple"},"acf":[],"_links":{"self":[{"href":"https:\/\/sfu.sk\/en\/wp-json\/wp\/v2\/product\/18518","targetHints":{"allow":["GET"]}}],"collection":[{"href":"https:\/\/sfu.sk\/en\/wp-json\/wp\/v2\/product"}],"about":[{"href":"https:\/\/sfu.sk\/en\/wp-json\/wp\/v2\/types\/product"}],"replies":[{"embeddable":true,"href":"https:\/\/sfu.sk\/en\/wp-json\/wp\/v2\/comments?post=18518"}],"wp:featuredmedia":[{"embeddable":true,"href":"https:\/\/sfu.sk\/en\/wp-json\/wp\/v2\/media\/18519"}],"wp:attachment":[{"href":"https:\/\/sfu.sk\/en\/wp-json\/wp\/v2\/media?parent=18518"}],"wp:term":[{"taxonomy":"product_brand","embeddable":true,"href":"https:\/\/sfu.sk\/en\/wp-json\/wp\/v2\/product_brand?post=18518"},{"taxonomy":"product_cat","embeddable":true,"href":"https:\/\/sfu.sk\/en\/wp-json\/wp\/v2\/product_cat?post=18518"},{"taxonomy":"product_tag","embeddable":true,"href":"https:\/\/sfu.sk\/en\/wp-json\/wp\/v2\/product_tag?post=18518"}],"curies":[{"name":"wp","href":"https:\/\/api.w.org\/{rel}","templated":true}]}}