{"id":18523,"date":"2023-12-08T13:30:38","date_gmt":"2023-12-08T12:30:38","guid":{"rendered":"https:\/\/sfu.sk\/?post_type=product&#038;p=18523"},"modified":"2023-12-08T13:32:49","modified_gmt":"2023-12-08T12:32:49","slug":"film-sk-no-11-2023","status":"publish","type":"product","link":"https:\/\/sfu.sk\/en\/eshop\/film-sk-no-11-2023\/","title":{"rendered":"Film.sk NO. 11\/2023"},"content":{"rendered":"<p>Novembrov\u00e9 \u010d\u00edslo je pln\u00e9 novinek a recenzi\u00ed (preva\u017ene) slovensk\u00fdch filmov i festivalov\u00fdch inform\u00e1ci\u00ed.<br \/>\nPre\u010d\u00edta\u0165 si v \u0148om m\u00f4\u017eete:<br \/>\n-t\u00e9mu o otvoren\u00ed Kino Lumi\u00e8re<br \/>\n-rozhovor so scen\u00e1ristom, spisovate\u013eom a producentom Maro\u0161om He\u010dkom<br \/>\n-o vzniku filmov\u00fdch noviniek Tonko, Sl\u00e1vka a k\u00fazeln\u00e9 svetlo, Umelohmotn\u00e9 nebo (M\u0171anyag \u00e9gbolt \/ White Plastic Sky), JEJ\u00cd T\u011aLO film, Stepne, Had\u00ed plyn, K\u00f4\u0148 a 15 x 15 x 5 \u2013 minisal\u00f3n 1984<br \/>\n-recenzie sn\u00edmok Svetloplachos\u0165 (Photophobia), A m\u00e1me, \u010do sme chceli, Bod obnovy, Andy Warhol \u2013 americk\u00fd sen, Citliv\u00fd \u010dlov\u011bk film, \u00dasvit, Hranica, V\u0161etka t\u00e1 kr\u00e1sa a zab\u00edjanie, Minul\u00e9 \u017eivoty a Pravda je to najd\u00f4le\u017eitej\u0161ie<br \/>\n-text o filme 322 (r. Du\u0161an Han\u00e1k), ktor\u00fd sa dostal na vrchol rebr\u00ed\u010dka ankety film.sk \u2013 slovensk\u00fd film storo\u010dia<br \/>\n-a mno\u017estvo \u010fal\u0161\u00edch zauj\u00edmav\u00fdch \u010dl\u00e1nkov.<\/p>\n","protected":false},"excerpt":{"rendered":"<p>Novembrov\u00e9 \u010d\u00edslo je pln\u00e9 novinek a recenzi\u00ed (preva\u017ene) slovensk\u00fdch filmov i festivalov\u00fdch inform\u00e1ci\u00ed. Pre\u010d\u00edta\u0165 si v \u0148om m\u00f4\u017eete: -t\u00e9mu o otvoren\u00ed Kino Lumi\u00e8re -rozhovor so scen\u00e1ristom, spisovate\u013eom a producentom Maro\u0161om He\u010dkom -o vzniku filmov\u00fdch noviniek Tonko, Sl\u00e1vka a k\u00fazeln\u00e9 svetlo, Umelohmotn\u00e9 nebo (M\u0171anyag \u00e9gbolt \/ White Plastic Sky), JEJ\u00cd T\u011aLO film, Stepne, Had\u00ed plyn, K\u00f4\u0148 [&hellip;]<\/p>\n","protected":false},"featured_media":18524,"comment_status":"closed","ping_status":"closed","template":"","meta":{"_acf_changed":false,"inline_featured_image":false},"product_brand":[],"product_cat":[29,336,335],"product_tag":[],"class_list":{"0":"post-18523","1":"product","2":"type-product","3":"status-publish","4":"has-post-thumbnail","6":"product_cat-casopisy","7":"product_cat-film-sk","8":"product_cat-tituly-sfu-casopisy","10":"first","11":"instock","12":"shipping-taxable","13":"purchasable","14":"product-type-simple"},"acf":[],"_links":{"self":[{"href":"https:\/\/sfu.sk\/en\/wp-json\/wp\/v2\/product\/18523","targetHints":{"allow":["GET"]}}],"collection":[{"href":"https:\/\/sfu.sk\/en\/wp-json\/wp\/v2\/product"}],"about":[{"href":"https:\/\/sfu.sk\/en\/wp-json\/wp\/v2\/types\/product"}],"replies":[{"embeddable":true,"href":"https:\/\/sfu.sk\/en\/wp-json\/wp\/v2\/comments?post=18523"}],"wp:featuredmedia":[{"embeddable":true,"href":"https:\/\/sfu.sk\/en\/wp-json\/wp\/v2\/media\/18524"}],"wp:attachment":[{"href":"https:\/\/sfu.sk\/en\/wp-json\/wp\/v2\/media?parent=18523"}],"wp:term":[{"taxonomy":"product_brand","embeddable":true,"href":"https:\/\/sfu.sk\/en\/wp-json\/wp\/v2\/product_brand?post=18523"},{"taxonomy":"product_cat","embeddable":true,"href":"https:\/\/sfu.sk\/en\/wp-json\/wp\/v2\/product_cat?post=18523"},{"taxonomy":"product_tag","embeddable":true,"href":"https:\/\/sfu.sk\/en\/wp-json\/wp\/v2\/product_tag?post=18523"}],"curies":[{"name":"wp","href":"https:\/\/api.w.org\/{rel}","templated":true}]}}