{"id":18530,"date":"2023-12-08T13:45:38","date_gmt":"2023-12-08T12:45:38","guid":{"rendered":"https:\/\/sfu.sk\/?post_type=product&#038;p=18530"},"modified":"2024-04-16T14:24:11","modified_gmt":"2024-04-16T12:24:11","slug":"cinepur-148-2023","status":"publish","type":"product","link":"https:\/\/sfu.sk\/en\/eshop\/cinepur-148-2023\/","title":{"rendered":"Cinepur 148\/2023"},"content":{"rendered":"<p>V tomto \u010d\u00edsle mimo jin\u00e9 najdete&#8230; Portr\u00e9t Jordan Peele, Kamera-pero V\u00edt Klus\u00e1k, Flashback Posledn\u00ed skaut, Sou\u010dasn\u00ed \u010de\u0161t\u00ed debutanti, Posledn\u00ed hv\u011bzda Hollywoodu, Skryt\u00e9 tv\u00e1\u0159e Toma Cruise, Cruise kontra Kubrick, Mission: Impossible<\/p>\n","protected":false},"excerpt":{"rendered":"<p>V tomto \u010d\u00edsle mimo jin\u00e9 najdete&#8230; Portr\u00e9t Jordan Peele, Kamera-pero V\u00edt Klus\u00e1k, Flashback Posledn\u00ed skaut, Sou\u010dasn\u00ed \u010de\u0161t\u00ed debutanti, Posledn\u00ed hv\u011bzda Hollywoodu, Skryt\u00e9 tv\u00e1\u0159e Toma Cruise, Cruise kontra Kubrick, Mission: Impossible<\/p>\n","protected":false},"featured_media":18531,"comment_status":"closed","ping_status":"closed","template":"","meta":{"_acf_changed":false,"inline_featured_image":false},"product_brand":[],"product_cat":[29,333],"product_tag":[],"class_list":{"0":"post-18530","1":"product","2":"type-product","3":"status-publish","4":"has-post-thumbnail","6":"product_cat-casopisy","7":"product_cat-cinepur-tituly-inych-vydavatelstiev-casopisy","9":"first","10":"outofstock","11":"shipping-taxable","12":"purchasable","13":"product-type-simple"},"acf":[],"_links":{"self":[{"href":"https:\/\/sfu.sk\/en\/wp-json\/wp\/v2\/product\/18530","targetHints":{"allow":["GET"]}}],"collection":[{"href":"https:\/\/sfu.sk\/en\/wp-json\/wp\/v2\/product"}],"about":[{"href":"https:\/\/sfu.sk\/en\/wp-json\/wp\/v2\/types\/product"}],"replies":[{"embeddable":true,"href":"https:\/\/sfu.sk\/en\/wp-json\/wp\/v2\/comments?post=18530"}],"wp:featuredmedia":[{"embeddable":true,"href":"https:\/\/sfu.sk\/en\/wp-json\/wp\/v2\/media\/18531"}],"wp:attachment":[{"href":"https:\/\/sfu.sk\/en\/wp-json\/wp\/v2\/media?parent=18530"}],"wp:term":[{"taxonomy":"product_brand","embeddable":true,"href":"https:\/\/sfu.sk\/en\/wp-json\/wp\/v2\/product_brand?post=18530"},{"taxonomy":"product_cat","embeddable":true,"href":"https:\/\/sfu.sk\/en\/wp-json\/wp\/v2\/product_cat?post=18530"},{"taxonomy":"product_tag","embeddable":true,"href":"https:\/\/sfu.sk\/en\/wp-json\/wp\/v2\/product_tag?post=18530"}],"curies":[{"name":"wp","href":"https:\/\/api.w.org\/{rel}","templated":true}]}}