{"id":18534,"date":"2023-12-08T13:49:10","date_gmt":"2023-12-08T12:49:10","guid":{"rendered":"https:\/\/sfu.sk\/?post_type=product&#038;p=18534"},"modified":"2024-04-16T14:23:52","modified_gmt":"2024-04-16T12:23:52","slug":"cinepur-149-2023","status":"publish","type":"product","link":"https:\/\/sfu.sk\/en\/eshop\/cinepur-149-2023\/","title":{"rendered":"Cinepur 149\/2023"},"content":{"rendered":"<p>V tomto \u010d\u00edsle mimo jin\u00e9 najdete&#8230; Locarno\/Ben\u00e1tky\/Toronto, Kamera pero Jan Vejnar, Flashback Mzda strachu, Portr\u00e9t Cillian Murphy, Fenom\u00e9n Jan Pru\u0161inovsk\u00fd, \u010cesk\u00fd komedi\u00e1ln\u00ed webseri\u00e1l, Nov\u00fd Vlasta Burian?, Anketa: D\u011blat sm\u00edch.<\/p>\n","protected":false},"excerpt":{"rendered":"<p>V tomto \u010d\u00edsle mimo jin\u00e9 najdete&#8230; Locarno\/Ben\u00e1tky\/Toronto, Kamera pero Jan Vejnar, Flashback Mzda strachu, Portr\u00e9t Cillian Murphy, Fenom\u00e9n Jan Pru\u0161inovsk\u00fd, \u010cesk\u00fd komedi\u00e1ln\u00ed webseri\u00e1l, Nov\u00fd Vlasta Burian?, Anketa: D\u011blat sm\u00edch.<\/p>\n","protected":false},"featured_media":18535,"comment_status":"closed","ping_status":"closed","template":"","meta":{"_acf_changed":false,"inline_featured_image":false},"product_brand":[],"product_cat":[29,333],"product_tag":[],"class_list":{"0":"post-18534","1":"product","2":"type-product","3":"status-publish","4":"has-post-thumbnail","6":"product_cat-casopisy","7":"product_cat-cinepur-tituly-inych-vydavatelstiev-casopisy","9":"first","10":"instock","11":"shipping-taxable","12":"purchasable","13":"product-type-simple"},"acf":[],"_links":{"self":[{"href":"https:\/\/sfu.sk\/en\/wp-json\/wp\/v2\/product\/18534","targetHints":{"allow":["GET"]}}],"collection":[{"href":"https:\/\/sfu.sk\/en\/wp-json\/wp\/v2\/product"}],"about":[{"href":"https:\/\/sfu.sk\/en\/wp-json\/wp\/v2\/types\/product"}],"replies":[{"embeddable":true,"href":"https:\/\/sfu.sk\/en\/wp-json\/wp\/v2\/comments?post=18534"}],"wp:featuredmedia":[{"embeddable":true,"href":"https:\/\/sfu.sk\/en\/wp-json\/wp\/v2\/media\/18535"}],"wp:attachment":[{"href":"https:\/\/sfu.sk\/en\/wp-json\/wp\/v2\/media?parent=18534"}],"wp:term":[{"taxonomy":"product_brand","embeddable":true,"href":"https:\/\/sfu.sk\/en\/wp-json\/wp\/v2\/product_brand?post=18534"},{"taxonomy":"product_cat","embeddable":true,"href":"https:\/\/sfu.sk\/en\/wp-json\/wp\/v2\/product_cat?post=18534"},{"taxonomy":"product_tag","embeddable":true,"href":"https:\/\/sfu.sk\/en\/wp-json\/wp\/v2\/product_tag?post=18534"}],"curies":[{"name":"wp","href":"https:\/\/api.w.org\/{rel}","templated":true}]}}