{"id":18548,"date":"2023-12-08T16:01:16","date_gmt":"2023-12-08T15:01:16","guid":{"rendered":"https:\/\/sfu.sk\/?post_type=product&#038;p=18548"},"modified":"2026-01-05T02:05:44","modified_gmt":"2026-01-05T01:05:44","slug":"blu-ray-pripad-pre-obhajcu","status":"publish","type":"product","link":"https:\/\/sfu.sk\/en\/eshop\/blu-ray-pripad-pre-obhajcu\/","title":{"rendered":"blu-ray Pr\u00edpad pre obhajcu"},"content":{"rendered":"<p>Mal\u00e9 mesto, rok 1958. Fero Macejka, p\u00e4tn\u00e1s\u0165ro\u010dn\u00fd chlapec z okraja spolo\u010dnosti, je obvinen\u00fd zo zn\u00e1silnenia a z vra\u017edy mlad\u00e9ho diev\u010da\u0165a. Traja priatelia z vysokej \u0161koly &#8211; obhajca, prokur\u00e1tor a sudca. Pre obhajcu Kol\u00e1ra je to jeho prv\u00fd ve\u013ek\u00fd pr\u00edpad. Prokur\u00e1tor Felc\u00e1n dost\u00e1va pr\u00edle\u017eitos\u0165 o\u010disti\u0165 svoje meno a obnovi\u0165 vieru v s\u00fadny syst\u00e9m. Nad nimi stoj\u00ed sudky\u0148a Form\u00e1nkov\u00e1. Pr\u00e1ve ona vynesie kone\u010dn\u00fd rozsudok&#8230;<\/p>\n","protected":false},"excerpt":{"rendered":"<p>Mal\u00e9 mesto, rok 1958. Fero Macejka, p\u00e4tn\u00e1s\u0165ro\u010dn\u00fd chlapec z okraja spolo\u010dnosti, je obvinen\u00fd zo zn\u00e1silnenia a z vra\u017edy mlad\u00e9ho diev\u010da\u0165a. Traja priatelia z vysokej \u0161koly &#8211; obhajca, prokur\u00e1tor a sudca. Pre obhajcu Kol\u00e1ra je to jeho prv\u00fd ve\u013ek\u00fd pr\u00edpad. Prokur\u00e1tor Felc\u00e1n dost\u00e1va pr\u00edle\u017eitos\u0165 o\u010disti\u0165 svoje meno a obnovi\u0165 vieru v s\u00fadny syst\u00e9m. Nad nimi stoj\u00ed [&hellip;]<\/p>\n","protected":false},"featured_media":18549,"comment_status":"closed","ping_status":"closed","template":"","meta":{"_acf_changed":false,"inline_featured_image":false},"product_brand":[],"product_cat":[31,330],"product_tag":[],"class_list":{"0":"post-18548","1":"product","2":"type-product","3":"status-publish","4":"has-post-thumbnail","6":"product_cat-blu-ray","7":"product_cat-tituly-sfu-blu-ray","9":"first","10":"instock","11":"shipping-taxable","12":"purchasable","13":"product-type-simple"},"acf":[],"_links":{"self":[{"href":"https:\/\/sfu.sk\/en\/wp-json\/wp\/v2\/product\/18548","targetHints":{"allow":["GET"]}}],"collection":[{"href":"https:\/\/sfu.sk\/en\/wp-json\/wp\/v2\/product"}],"about":[{"href":"https:\/\/sfu.sk\/en\/wp-json\/wp\/v2\/types\/product"}],"replies":[{"embeddable":true,"href":"https:\/\/sfu.sk\/en\/wp-json\/wp\/v2\/comments?post=18548"}],"wp:featuredmedia":[{"embeddable":true,"href":"https:\/\/sfu.sk\/en\/wp-json\/wp\/v2\/media\/18549"}],"wp:attachment":[{"href":"https:\/\/sfu.sk\/en\/wp-json\/wp\/v2\/media?parent=18548"}],"wp:term":[{"taxonomy":"product_brand","embeddable":true,"href":"https:\/\/sfu.sk\/en\/wp-json\/wp\/v2\/product_brand?post=18548"},{"taxonomy":"product_cat","embeddable":true,"href":"https:\/\/sfu.sk\/en\/wp-json\/wp\/v2\/product_cat?post=18548"},{"taxonomy":"product_tag","embeddable":true,"href":"https:\/\/sfu.sk\/en\/wp-json\/wp\/v2\/product_tag?post=18548"}],"curies":[{"name":"wp","href":"https:\/\/api.w.org\/{rel}","templated":true}]}}