{"id":18552,"date":"2023-12-08T16:13:15","date_gmt":"2023-12-08T15:13:15","guid":{"rendered":"https:\/\/sfu.sk\/?post_type=product&#038;p=18552"},"modified":"2026-01-05T02:05:45","modified_gmt":"2026-01-05T01:05:45","slug":"blu-ray-organ","status":"publish","type":"product","link":"https:\/\/sfu.sk\/en\/eshop\/blu-ray-organ\/","title":{"rendered":"blu-ray Organ"},"content":{"rendered":"<p>Dramatick\u00fd pr\u00edbeh z obdobia vojnovej Slovenskej republiky. Vo franti\u0161k\u00e1nskom kl\u00e1\u0161tore v jednom malom slovenskom meste sa pred fa\u0161istami ukryje mlad\u00fd po\u013esk\u00fd vojnov\u00fd zbeh, nadan\u00fd organista. Pre svoje nadanie sa dost\u00e1va do konfliktu s miestnym regenschorim, obmedzen\u00fdm v \u013eudsk\u00fdch aj duchovn\u00fdch hodnot\u00e1ch. Stretnutie talentu a kr\u00e1sy s \u013eudskou malos\u0165ou vy\u00fasti do z\u00e1visti a zloby a Felix sa z do\u010dasn\u00e9ho duchovn\u00e9ho \u00fakrytu dost\u00e1va sp\u00e4\u0165 do vojnov\u00e9ho ohrozenia.<\/p>\n","protected":false},"excerpt":{"rendered":"<p>Dramatick\u00fd pr\u00edbeh z obdobia vojnovej Slovenskej republiky. Vo franti\u0161k\u00e1nskom kl\u00e1\u0161tore v jednom malom slovenskom meste sa pred fa\u0161istami ukryje mlad\u00fd po\u013esk\u00fd vojnov\u00fd zbeh, nadan\u00fd organista. Pre svoje nadanie sa dost\u00e1va do konfliktu s miestnym regenschorim, obmedzen\u00fdm v \u013eudsk\u00fdch aj duchovn\u00fdch hodnot\u00e1ch. Stretnutie talentu a kr\u00e1sy s \u013eudskou malos\u0165ou vy\u00fasti do z\u00e1visti a zloby a Felix [&hellip;]<\/p>\n","protected":false},"featured_media":18553,"comment_status":"closed","ping_status":"closed","template":"","meta":{"_acf_changed":false,"inline_featured_image":false},"product_brand":[],"product_cat":[31,330],"product_tag":[],"class_list":{"0":"post-18552","1":"product","2":"type-product","3":"status-publish","4":"has-post-thumbnail","6":"product_cat-blu-ray","7":"product_cat-tituly-sfu-blu-ray","9":"first","10":"instock","11":"shipping-taxable","12":"purchasable","13":"product-type-simple"},"acf":[],"_links":{"self":[{"href":"https:\/\/sfu.sk\/en\/wp-json\/wp\/v2\/product\/18552","targetHints":{"allow":["GET"]}}],"collection":[{"href":"https:\/\/sfu.sk\/en\/wp-json\/wp\/v2\/product"}],"about":[{"href":"https:\/\/sfu.sk\/en\/wp-json\/wp\/v2\/types\/product"}],"replies":[{"embeddable":true,"href":"https:\/\/sfu.sk\/en\/wp-json\/wp\/v2\/comments?post=18552"}],"wp:featuredmedia":[{"embeddable":true,"href":"https:\/\/sfu.sk\/en\/wp-json\/wp\/v2\/media\/18553"}],"wp:attachment":[{"href":"https:\/\/sfu.sk\/en\/wp-json\/wp\/v2\/media?parent=18552"}],"wp:term":[{"taxonomy":"product_brand","embeddable":true,"href":"https:\/\/sfu.sk\/en\/wp-json\/wp\/v2\/product_brand?post=18552"},{"taxonomy":"product_cat","embeddable":true,"href":"https:\/\/sfu.sk\/en\/wp-json\/wp\/v2\/product_cat?post=18552"},{"taxonomy":"product_tag","embeddable":true,"href":"https:\/\/sfu.sk\/en\/wp-json\/wp\/v2\/product_tag?post=18552"}],"curies":[{"name":"wp","href":"https:\/\/api.w.org\/{rel}","templated":true}]}}