{"id":18558,"date":"2023-12-08T16:29:59","date_gmt":"2023-12-08T15:29:59","guid":{"rendered":"https:\/\/sfu.sk\/?post_type=product&#038;p=18558"},"modified":"2026-01-05T02:06:32","modified_gmt":"2026-01-05T01:06:32","slug":"alain-robbe-grillet-film-a-jeho-dvojnik","status":"publish","type":"product","link":"https:\/\/sfu.sk\/en\/eshop\/alain-robbe-grillet-film-a-jeho-dvojnik\/","title":{"rendered":"Alain Robbe-Grillet: Film a jeho dvojn\u00edk"},"content":{"rendered":"<p>Do publik\u00e1cie s\u00fa zaraden\u00e9 texty z obdobia od druhej polovice \u0161es\u0165desiatych po osemdesiate roky, pokr\u00fdvaj\u00fa teda len ist\u00fd v\u00fdsek autorovho kreat\u00edvneho \u017eivota. Pokia\u013e sa nevenuj\u00fa konkr\u00e9tnym filmom alebo kinematografii, osvet\u013euj\u00fa \u0161ir\u0161ie s\u00favislosti, ktor\u00e9 m\u00f4\u017eu prispie\u0165 k interpret\u00e1cii autorovej filmovej tvorby. Tento v\u00fdber nem\u00e1 amb\u00edciu vy\u010derpa\u0165 mo\u017enosti spozn\u00e1vania jeho filmov\u00e9ho diela, ciele publik\u00e1cie s\u00fa ove\u013ea skromnej\u0161ie. M\u00e1 slovensk\u00e9mu \u010ditate\u013eovi pon\u00faknu\u0165 mo\u017enos\u0165 zozn\u00e1mi\u0165 sa s niektor\u00fdmi mot\u00edvmi autorovho uva\u017eovania o jeho vlastnej tvorbe, ale aj o rozpr\u00e1van\u00ed a o umeleckej tvorbe vo v\u0161eobecnosti \u010di o role imagin\u00e1cie v \u017eivote jedinca a spolo\u010dnosti.<\/p>\n<p>&nbsp;<\/p>\n","protected":false},"excerpt":{"rendered":"<p>Do publik\u00e1cie s\u00fa zaraden\u00e9 texty z obdobia od druhej polovice \u0161es\u0165desiatych po osemdesiate roky, pokr\u00fdvaj\u00fa teda len ist\u00fd v\u00fdsek autorovho kreat\u00edvneho \u017eivota. Pokia\u013e sa nevenuj\u00fa konkr\u00e9tnym filmom alebo kinematografii, osvet\u013euj\u00fa \u0161ir\u0161ie s\u00favislosti, ktor\u00e9 m\u00f4\u017eu prispie\u0165 k interpret\u00e1cii autorovej filmovej tvorby. Tento v\u00fdber nem\u00e1 amb\u00edciu vy\u010derpa\u0165 mo\u017enosti spozn\u00e1vania jeho filmov\u00e9ho diela, ciele publik\u00e1cie s\u00fa ove\u013ea skromnej\u0161ie. [&hellip;]<\/p>\n","protected":false},"featured_media":18560,"comment_status":"closed","ping_status":"closed","template":"","meta":{"_acf_changed":false,"inline_featured_image":false},"product_brand":[],"product_cat":[28,324],"product_tag":[],"class_list":{"0":"post-18558","1":"product","2":"type-product","3":"status-publish","4":"has-post-thumbnail","6":"product_cat-knihy","7":"product_cat-tituly-sfu-knihy","9":"first","10":"instock","11":"shipping-taxable","12":"purchasable","13":"product-type-simple"},"acf":[],"_links":{"self":[{"href":"https:\/\/sfu.sk\/en\/wp-json\/wp\/v2\/product\/18558","targetHints":{"allow":["GET"]}}],"collection":[{"href":"https:\/\/sfu.sk\/en\/wp-json\/wp\/v2\/product"}],"about":[{"href":"https:\/\/sfu.sk\/en\/wp-json\/wp\/v2\/types\/product"}],"replies":[{"embeddable":true,"href":"https:\/\/sfu.sk\/en\/wp-json\/wp\/v2\/comments?post=18558"}],"wp:featuredmedia":[{"embeddable":true,"href":"https:\/\/sfu.sk\/en\/wp-json\/wp\/v2\/media\/18560"}],"wp:attachment":[{"href":"https:\/\/sfu.sk\/en\/wp-json\/wp\/v2\/media?parent=18558"}],"wp:term":[{"taxonomy":"product_brand","embeddable":true,"href":"https:\/\/sfu.sk\/en\/wp-json\/wp\/v2\/product_brand?post=18558"},{"taxonomy":"product_cat","embeddable":true,"href":"https:\/\/sfu.sk\/en\/wp-json\/wp\/v2\/product_cat?post=18558"},{"taxonomy":"product_tag","embeddable":true,"href":"https:\/\/sfu.sk\/en\/wp-json\/wp\/v2\/product_tag?post=18558"}],"curies":[{"name":"wp","href":"https:\/\/api.w.org\/{rel}","templated":true}]}}