{"id":19313,"date":"2024-01-04T16:07:39","date_gmt":"2024-01-04T15:07:39","guid":{"rendered":"https:\/\/sfu.sk\/?post_type=product&#038;p=19313"},"modified":"2025-01-23T15:36:00","modified_gmt":"2025-01-23T14:36:00","slug":"film-sk-no-1-2024","status":"publish","type":"product","link":"https:\/\/sfu.sk\/en\/eshop\/film-sk-no-1-2024\/","title":{"rendered":"Film.sk NO. 1\/2024"},"content":{"rendered":"<div class=\"xdj266r x11i5rnm xat24cr x1mh8g0r x1vvkbs x126k92a\">\n<div dir=\"auto\">Ak\u00fd bol filmov\u00fd rok 2023 v slovenskom hranom, dokument\u00e1rnom a animovanom filme? V prvom \u010d\u00edsle Film.sk tohto roka tradi\u010dne prin\u00e1\u0161ame hodnotenie uplynul\u00e9ho roka v troch samostatn\u00fdch rozsiahlych textoch, ktor\u00fdch sa tentoraz ujali M\u00e1ria Feren\u010duhov\u00e1, Katar\u00edna Mi\u0161\u00edkov\u00e1 a Eva \u0160o\u0161kov\u00e1.<\/div>\n<\/div>\n<div class=\"x11i5rnm xat24cr x1mh8g0r x1vvkbs xtlvy1s x126k92a\">\n<div dir=\"auto\">Okrem toho si m\u00f4\u017eete v aktu\u00e1lnom vydan\u00ed pre\u010d\u00edta\u0165:<\/div>\n<div dir=\"auto\"><span class=\"x3nfvp2 x1j61x8r x1fcty0u xdj266r xhhsvwb xat24cr xgzva0m xxymvpz xlup9mm x1kky2od\">&#8211;<\/span> rozhovor s fotografom Mirom N\u00f4tom, ktor\u00fd okrem in\u00e9ho fot\u00ed takmer v\u0161etky na\u0161e ve\u013ek\u00e9 rozhovory<\/div>\n<div dir=\"auto\"><span class=\"x3nfvp2 x1j61x8r x1fcty0u xdj266r xhhsvwb xat24cr xgzva0m xxymvpz xlup9mm x1kky2od\">&#8211;<\/span> hodnotenie filmov minul\u00e9ho roka filmov\u00fdmi vedky\u0148ami\/vedcami a kriti\u010dkami\/kritikmi<\/div>\n<div dir=\"auto\"><span class=\"x3nfvp2 x1j61x8r x1fcty0u xdj266r xhhsvwb xat24cr xgzva0m xxymvpz xlup9mm x1kky2od\">&#8211;<\/span> texty o novink\u00e1ch Tret\u00ed koniec palice, Aristokratka ve varu a Jedeme na teambuilding<\/div>\n<div dir=\"auto\"><span class=\"x3nfvp2 x1j61x8r x1fcty0u xdj266r xhhsvwb xat24cr xgzva0m xxymvpz xlup9mm x1kky2od\">&#8211;<\/span> recenzie filmov Perinbaba a dva svety, Pozor, pad\u00e1 SNG \/ Hanging Without Walls, Em\u00edlia, Fremont a Sestry z dymovej sauny<\/div>\n<div dir=\"auto\"><span class=\"x3nfvp2 x1j61x8r x1fcty0u xdj266r xhhsvwb xat24cr xgzva0m xxymvpz xlup9mm x1kky2od\">&#8211;<\/span> preh\u013ead premi\u00e9r v roku 2024<\/div>\n<div dir=\"auto\">\n<h2><strong>Predplatn\u00e9 online \u010dasopisu tu: <\/strong><a href=\"https:\/\/filmsk.sk\/predplatne\/\" target=\"_blank\" rel=\"noopener\"><strong>filmsk.sk<\/strong><\/a><\/h2>\n<\/div>\n<\/div>\n","protected":false},"excerpt":{"rendered":"<p>Ak\u00fd bol filmov\u00fd rok 2023 v slovenskom hranom, dokument\u00e1rnom a animovanom filme? V prvom \u010d\u00edsle Film.sk tohto roka tradi\u010dne prin\u00e1\u0161ame hodnotenie uplynul\u00e9ho roka v troch samostatn\u00fdch rozsiahlych textoch, ktor\u00fdch sa tentoraz ujali M\u00e1ria Feren\u010duhov\u00e1, Katar\u00edna Mi\u0161\u00edkov\u00e1 a Eva \u0160o\u0161kov\u00e1. Okrem toho si m\u00f4\u017eete v aktu\u00e1lnom vydan\u00ed pre\u010d\u00edta\u0165: &#8211; rozhovor s fotografom Mirom N\u00f4tom, ktor\u00fd okrem [&hellip;]<\/p>\n","protected":false},"featured_media":19314,"comment_status":"closed","ping_status":"closed","template":"","meta":{"_acf_changed":false,"inline_featured_image":false},"product_brand":[],"product_cat":[29,336,335],"product_tag":[],"class_list":{"0":"post-19313","1":"product","2":"type-product","3":"status-publish","4":"has-post-thumbnail","6":"product_cat-casopisy","7":"product_cat-film-sk","8":"product_cat-tituly-sfu-casopisy","10":"first","11":"instock","12":"shipping-taxable","13":"purchasable","14":"product-type-simple"},"acf":[],"_links":{"self":[{"href":"https:\/\/sfu.sk\/en\/wp-json\/wp\/v2\/product\/19313","targetHints":{"allow":["GET"]}}],"collection":[{"href":"https:\/\/sfu.sk\/en\/wp-json\/wp\/v2\/product"}],"about":[{"href":"https:\/\/sfu.sk\/en\/wp-json\/wp\/v2\/types\/product"}],"replies":[{"embeddable":true,"href":"https:\/\/sfu.sk\/en\/wp-json\/wp\/v2\/comments?post=19313"}],"wp:featuredmedia":[{"embeddable":true,"href":"https:\/\/sfu.sk\/en\/wp-json\/wp\/v2\/media\/19314"}],"wp:attachment":[{"href":"https:\/\/sfu.sk\/en\/wp-json\/wp\/v2\/media?parent=19313"}],"wp:term":[{"taxonomy":"product_brand","embeddable":true,"href":"https:\/\/sfu.sk\/en\/wp-json\/wp\/v2\/product_brand?post=19313"},{"taxonomy":"product_cat","embeddable":true,"href":"https:\/\/sfu.sk\/en\/wp-json\/wp\/v2\/product_cat?post=19313"},{"taxonomy":"product_tag","embeddable":true,"href":"https:\/\/sfu.sk\/en\/wp-json\/wp\/v2\/product_tag?post=19313"}],"curies":[{"name":"wp","href":"https:\/\/api.w.org\/{rel}","templated":true}]}}