{"id":19316,"date":"2024-01-04T16:16:52","date_gmt":"2024-01-04T15:16:52","guid":{"rendered":"https:\/\/sfu.sk\/?post_type=product&#038;p=19316"},"modified":"2026-01-05T02:05:46","modified_gmt":"2026-01-05T01:05:46","slug":"blu-ray-boxer-a-smrt","status":"publish","type":"product","link":"https:\/\/sfu.sk\/en\/eshop\/blu-ray-boxer-a-smrt\/","title":{"rendered":"blu-ray Boxer a smr\u0165"},"content":{"rendered":"<p>Velite\u013e koncentra\u010dn\u00e9ho t\u00e1bora Kraft n\u00e1hodne zist\u00ed, \u017ee v\u00e4ze\u0148 Kom\u00ednek m\u00e1 profesion\u00e1lne boxersk\u00e9 sk\u00fasenosti. Zo d\u0148a na de\u0148 sa z v\u00e4z\u0148a st\u00e1va Kraftov tr\u00e9ningov\u00fd partner, ktor\u00fd v t\u00e1bore z\u00edskava privilegovan\u00e9 postavenie. Po smrti priate\u013ea a spoluv\u00e4z\u0148a ho v\u0161ak zlos\u0165 a vzdor prived\u00fa k otvorenej revolte. Film je nov\u00fdm poh\u013eadom na t\u00e9mu degrad\u00e1cie \u010dloveka v obdob\u00ed fa\u0161izmu cez tragick\u00fd pr\u00edbeh jednotlivca, ktor\u00e9ho jedinou \u0161ancou na z\u00e1chranu \u017eivota je prija\u0165 pravidl\u00e1 nerovnej hry.<\/p>\n","protected":false},"excerpt":{"rendered":"<p>Velite\u013e koncentra\u010dn\u00e9ho t\u00e1bora Kraft n\u00e1hodne zist\u00ed, \u017ee v\u00e4ze\u0148 Kom\u00ednek m\u00e1 profesion\u00e1lne boxersk\u00e9 sk\u00fasenosti. Zo d\u0148a na de\u0148 sa z v\u00e4z\u0148a st\u00e1va Kraftov tr\u00e9ningov\u00fd partner, ktor\u00fd v t\u00e1bore z\u00edskava privilegovan\u00e9 postavenie. Po smrti priate\u013ea a spoluv\u00e4z\u0148a ho v\u0161ak zlos\u0165 a vzdor prived\u00fa k otvorenej revolte. Film je nov\u00fdm poh\u013eadom na t\u00e9mu degrad\u00e1cie \u010dloveka v obdob\u00ed fa\u0161izmu [&hellip;]<\/p>\n","protected":false},"featured_media":19317,"comment_status":"closed","ping_status":"closed","template":"","meta":{"_acf_changed":false,"inline_featured_image":false},"product_brand":[],"product_cat":[31,330],"product_tag":[],"class_list":{"0":"post-19316","1":"product","2":"type-product","3":"status-publish","4":"has-post-thumbnail","6":"product_cat-blu-ray","7":"product_cat-tituly-sfu-blu-ray","9":"first","10":"instock","11":"shipping-taxable","12":"purchasable","13":"product-type-simple"},"acf":[],"_links":{"self":[{"href":"https:\/\/sfu.sk\/en\/wp-json\/wp\/v2\/product\/19316","targetHints":{"allow":["GET"]}}],"collection":[{"href":"https:\/\/sfu.sk\/en\/wp-json\/wp\/v2\/product"}],"about":[{"href":"https:\/\/sfu.sk\/en\/wp-json\/wp\/v2\/types\/product"}],"replies":[{"embeddable":true,"href":"https:\/\/sfu.sk\/en\/wp-json\/wp\/v2\/comments?post=19316"}],"wp:featuredmedia":[{"embeddable":true,"href":"https:\/\/sfu.sk\/en\/wp-json\/wp\/v2\/media\/19317"}],"wp:attachment":[{"href":"https:\/\/sfu.sk\/en\/wp-json\/wp\/v2\/media?parent=19316"}],"wp:term":[{"taxonomy":"product_brand","embeddable":true,"href":"https:\/\/sfu.sk\/en\/wp-json\/wp\/v2\/product_brand?post=19316"},{"taxonomy":"product_cat","embeddable":true,"href":"https:\/\/sfu.sk\/en\/wp-json\/wp\/v2\/product_cat?post=19316"},{"taxonomy":"product_tag","embeddable":true,"href":"https:\/\/sfu.sk\/en\/wp-json\/wp\/v2\/product_tag?post=19316"}],"curies":[{"name":"wp","href":"https:\/\/api.w.org\/{rel}","templated":true}]}}