{"id":19319,"date":"2024-01-04T16:33:02","date_gmt":"2024-01-04T15:33:02","guid":{"rendered":"https:\/\/sfu.sk\/?post_type=product&#038;p=19319"},"modified":"2026-01-05T02:05:44","modified_gmt":"2026-01-05T01:05:44","slug":"blu-ray-piesen-o-sivom-holubovi","status":"publish","type":"product","link":"https:\/\/sfu.sk\/en\/eshop\/blu-ray-piesen-o-sivom-holubovi\/","title":{"rendered":"blu-ray Piese\u0148 o sivom holubovi"},"content":{"rendered":"<p>Pr\u00edbeh hran\u00e9ho debutu re\u017eis\u00e9ra Stanislava Barab\u00e1\u0161a sa odohr\u00e1va v slovensk\u00fdch hor\u00e1ch po\u010das Slovensk\u00e9ho n\u00e1rodn\u00e9ho povstania. Prostredn\u00edctvom detsk\u00fdch hrdinov p\u00f4sobivo vypoved\u00e1 o hr\u00f4zach a nezmyselnosti vojny, nevinnos\u0165 det\u00ed konfrontuje s ni\u010divou silou, ktor\u00e1 hlboko zasiahne do ich \u017eivotov, snov a t\u00fa\u017eob a vytrhne ich z bezstarostnej hravosti. Namiesto odv\u00e1\u017enych vojensk\u00fdch \u010dinov sa tak do centra pozornosti trochu neobvykle dostal \u017eivot na okraji frontu.<\/p>\n","protected":false},"excerpt":{"rendered":"<p>Pr\u00edbeh hran\u00e9ho debutu re\u017eis\u00e9ra Stanislava Barab\u00e1\u0161a sa odohr\u00e1va v slovensk\u00fdch hor\u00e1ch po\u010das Slovensk\u00e9ho n\u00e1rodn\u00e9ho povstania. Prostredn\u00edctvom detsk\u00fdch hrdinov p\u00f4sobivo vypoved\u00e1 o hr\u00f4zach a nezmyselnosti vojny, nevinnos\u0165 det\u00ed konfrontuje s ni\u010divou silou, ktor\u00e1 hlboko zasiahne do ich \u017eivotov, snov a t\u00fa\u017eob a vytrhne ich z bezstarostnej hravosti. Namiesto odv\u00e1\u017enych vojensk\u00fdch \u010dinov sa tak do centra pozornosti [&hellip;]<\/p>\n","protected":false},"featured_media":19320,"comment_status":"closed","ping_status":"closed","template":"","meta":{"_acf_changed":false,"inline_featured_image":false},"product_brand":[],"product_cat":[31,330],"product_tag":[],"class_list":{"0":"post-19319","1":"product","2":"type-product","3":"status-publish","4":"has-post-thumbnail","6":"product_cat-blu-ray","7":"product_cat-tituly-sfu-blu-ray","9":"first","10":"instock","11":"shipping-taxable","12":"purchasable","13":"product-type-simple"},"acf":[],"_links":{"self":[{"href":"https:\/\/sfu.sk\/en\/wp-json\/wp\/v2\/product\/19319","targetHints":{"allow":["GET"]}}],"collection":[{"href":"https:\/\/sfu.sk\/en\/wp-json\/wp\/v2\/product"}],"about":[{"href":"https:\/\/sfu.sk\/en\/wp-json\/wp\/v2\/types\/product"}],"replies":[{"embeddable":true,"href":"https:\/\/sfu.sk\/en\/wp-json\/wp\/v2\/comments?post=19319"}],"wp:featuredmedia":[{"embeddable":true,"href":"https:\/\/sfu.sk\/en\/wp-json\/wp\/v2\/media\/19320"}],"wp:attachment":[{"href":"https:\/\/sfu.sk\/en\/wp-json\/wp\/v2\/media?parent=19319"}],"wp:term":[{"taxonomy":"product_brand","embeddable":true,"href":"https:\/\/sfu.sk\/en\/wp-json\/wp\/v2\/product_brand?post=19319"},{"taxonomy":"product_cat","embeddable":true,"href":"https:\/\/sfu.sk\/en\/wp-json\/wp\/v2\/product_cat?post=19319"},{"taxonomy":"product_tag","embeddable":true,"href":"https:\/\/sfu.sk\/en\/wp-json\/wp\/v2\/product_tag?post=19319"}],"curies":[{"name":"wp","href":"https:\/\/api.w.org\/{rel}","templated":true}]}}