{"id":19323,"date":"2024-01-04T16:38:27","date_gmt":"2024-01-04T15:38:27","guid":{"rendered":"https:\/\/sfu.sk\/?post_type=product&#038;p=19323"},"modified":"2026-03-16T11:49:14","modified_gmt":"2026-03-16T10:49:14","slug":"blu-ray-kristove-roky","status":"publish","type":"product","link":"https:\/\/sfu.sk\/en\/eshop\/blu-ray-kristove-roky\/","title":{"rendered":"blu-ray Kristove roky"},"content":{"rendered":"<p>Andrej (Vlado M\u00fcller) a Juraj (Ji\u0159\u00ed S\u00fdkora) s\u00fa bratia. Andrej, st\u00edhac\u00ed pilot, je od pr\u00edrody bojovn\u00fd a odhodlan\u00fd. Maliar Juraj, Slov\u00e1k \u017eij\u00faci v Prahe, sa po tridsiatke trochu bezradne zam\u00fd\u0161\u013ea nad bezcie\u013enos\u0165ou svojho dovtedaj\u0161ieho \u017eivota. Dlho \u017eil nez\u00e1v\u00e4zne a bezstarostne, no u\u017e nadi\u0161iel \u010das, ke\u010f sa kone\u010dne treba rozhodn\u00fa\u0165 &#8211; vybra\u0165 si medzi dvomi \u017eenami, medzi dedinou a mestom, da\u0165 prednos\u0165 tvorbe alebo remeslu. T\u00fa\u017ei robi\u0165 umenie, ale z\u00e1rove\u0148 dobre vie, \u017ee sa mus\u00ed nie\u010d\u00edm \u017eivi\u0165. A tak si postupne uvedomuje, ak\u00fa zodpovednos\u0165 m\u00e1 vo\u010di svoj\u00edm bl\u00edzkym, a napokon dospieva k poznaniu, \u017ee by mal za\u010da\u0165 \u017ei\u0165 svoj \u017eivot nanovo a lep\u0161ie.<\/p>\n","protected":false},"excerpt":{"rendered":"<p>Andrej (Vlado M\u00fcller) a Juraj (Ji\u0159\u00ed S\u00fdkora) s\u00fa bratia. Andrej, st\u00edhac\u00ed pilot, je od pr\u00edrody bojovn\u00fd a odhodlan\u00fd. Maliar Juraj, Slov\u00e1k \u017eij\u00faci v Prahe, sa po tridsiatke trochu bezradne zam\u00fd\u0161\u013ea nad bezcie\u013enos\u0165ou svojho dovtedaj\u0161ieho \u017eivota. Dlho \u017eil nez\u00e1v\u00e4zne a bezstarostne, no u\u017e nadi\u0161iel \u010das, ke\u010f sa kone\u010dne treba rozhodn\u00fa\u0165 &#8211; vybra\u0165 si medzi dvomi \u017eenami, [&hellip;]<\/p>\n","protected":false},"featured_media":19324,"comment_status":"closed","ping_status":"closed","template":"","meta":{"_acf_changed":false,"inline_featured_image":false},"product_brand":[],"product_cat":[31,330],"product_tag":[],"class_list":{"0":"post-19323","1":"product","2":"type-product","3":"status-publish","4":"has-post-thumbnail","6":"product_cat-blu-ray","7":"product_cat-tituly-sfu-blu-ray","9":"first","10":"instock","11":"shipping-taxable","12":"purchasable","13":"product-type-simple"},"acf":[],"_links":{"self":[{"href":"https:\/\/sfu.sk\/en\/wp-json\/wp\/v2\/product\/19323","targetHints":{"allow":["GET"]}}],"collection":[{"href":"https:\/\/sfu.sk\/en\/wp-json\/wp\/v2\/product"}],"about":[{"href":"https:\/\/sfu.sk\/en\/wp-json\/wp\/v2\/types\/product"}],"replies":[{"embeddable":true,"href":"https:\/\/sfu.sk\/en\/wp-json\/wp\/v2\/comments?post=19323"}],"wp:featuredmedia":[{"embeddable":true,"href":"https:\/\/sfu.sk\/en\/wp-json\/wp\/v2\/media\/19324"}],"wp:attachment":[{"href":"https:\/\/sfu.sk\/en\/wp-json\/wp\/v2\/media?parent=19323"}],"wp:term":[{"taxonomy":"product_brand","embeddable":true,"href":"https:\/\/sfu.sk\/en\/wp-json\/wp\/v2\/product_brand?post=19323"},{"taxonomy":"product_cat","embeddable":true,"href":"https:\/\/sfu.sk\/en\/wp-json\/wp\/v2\/product_cat?post=19323"},{"taxonomy":"product_tag","embeddable":true,"href":"https:\/\/sfu.sk\/en\/wp-json\/wp\/v2\/product_tag?post=19323"}],"curies":[{"name":"wp","href":"https:\/\/api.w.org\/{rel}","templated":true}]}}