{"id":19455,"date":"2024-01-09T10:10:39","date_gmt":"2024-01-09T09:10:39","guid":{"rendered":"https:\/\/sfu.sk\/?post_type=product&#038;p=19455"},"modified":"2024-01-09T10:16:32","modified_gmt":"2024-01-09T09:16:32","slug":"pat-uvah-o-dokumentarnom-filme","status":"publish","type":"product","link":"https:\/\/sfu.sk\/en\/eshop\/pat-uvah-o-dokumentarnom-filme\/","title":{"rendered":"P\u00e4\u0165 \u00favah o dokument\u00e1rnom filme"},"content":{"rendered":"<p>P\u00e4\u0165 \u00favah o s\u00fa\u010dasnej dokument\u00e1rnej tvorbe z pera piatich absolventov Ateli\u00e9ru r\u00e9\u017eie dokument\u00e1rneho filmu Filmovej a telev\u00edznej fakulty Vysokej \u0161koly m\u00fazick\u00fdch umen\u00ed v Bratislave.<br \/>\nV\u00fdber textov reprezentuje r\u00f4znorod\u00e9 uva\u017eovanie mlad\u00fdch dokumentaristov o anga\u017eovanosti, vn\u00fatornej slobode, hraniciach manipul\u00e1cie a autorskej jedine\u010dnosti. Prv\u00fd sa zam\u00fd\u0161\u013ea nad mantinelmi manipul\u00e1cie a autentickosti, ktor\u00e9 s\u00fa z\u00e1sadn\u00e9 pri realiz\u00e1cii filmov\u00e9ho dokumentu (Eduard Cicha). Druh\u00fd sa p\u00fdta s\u00e1m seba a analyzuje podstatu anga\u017eovanosti v autorskom dokument\u00e1rnom filme (Daniel Svore\u0148). Tretie zamyslenie je osobn\u00fdm poh\u013eadom na opakuj\u00facu sa t\u00e9mu (filmov\u00e9 zobrazenie R\u00f3mov), ku ktorej sa vracaj\u00fa slovensk\u00ed dokumentaristi (\u0160tefan Straka). A napokon s\u00fa tu dva biografick\u00e9 texty \u2013 jeden o svojskej \u010deskej re\u017eis\u00e9rke dokument\u00e1rnych filmov Jane \u0160ev\u010d\u00edkovej (Katar\u00edna Jonisov\u00e1) a druh\u00fd o u\u017e ne\u017eij\u00facom autorovi De\u017eovi Ursinym (Denisa Parobekov\u00e1).<\/p>\n<p>&nbsp;<\/p>\n","protected":false},"excerpt":{"rendered":"<p>P\u00e4\u0165 \u00favah o s\u00fa\u010dasnej dokument\u00e1rnej tvorbe z pera piatich absolventov Ateli\u00e9ru r\u00e9\u017eie dokument\u00e1rneho filmu Filmovej a telev\u00edznej fakulty Vysokej \u0161koly m\u00fazick\u00fdch umen\u00ed v Bratislave. V\u00fdber textov reprezentuje r\u00f4znorod\u00e9 uva\u017eovanie mlad\u00fdch dokumentaristov o anga\u017eovanosti, vn\u00fatornej slobode, hraniciach manipul\u00e1cie a autorskej jedine\u010dnosti. Prv\u00fd sa zam\u00fd\u0161\u013ea nad mantinelmi manipul\u00e1cie a autentickosti, ktor\u00e9 s\u00fa z\u00e1sadn\u00e9 pri realiz\u00e1cii filmov\u00e9ho dokumentu [&hellip;]<\/p>\n","protected":false},"featured_media":19457,"comment_status":"closed","ping_status":"closed","template":"","meta":{"_acf_changed":false,"inline_featured_image":false},"product_brand":[],"product_cat":[28,318],"product_tag":[],"class_list":{"0":"post-19455","1":"product","2":"type-product","3":"status-publish","4":"has-post-thumbnail","6":"product_cat-knihy","7":"product_cat-tituly-inych-vydavatelstiev","9":"first","10":"instock","11":"shipping-taxable","12":"purchasable","13":"product-type-simple"},"acf":[],"_links":{"self":[{"href":"https:\/\/sfu.sk\/en\/wp-json\/wp\/v2\/product\/19455","targetHints":{"allow":["GET"]}}],"collection":[{"href":"https:\/\/sfu.sk\/en\/wp-json\/wp\/v2\/product"}],"about":[{"href":"https:\/\/sfu.sk\/en\/wp-json\/wp\/v2\/types\/product"}],"replies":[{"embeddable":true,"href":"https:\/\/sfu.sk\/en\/wp-json\/wp\/v2\/comments?post=19455"}],"wp:featuredmedia":[{"embeddable":true,"href":"https:\/\/sfu.sk\/en\/wp-json\/wp\/v2\/media\/19457"}],"wp:attachment":[{"href":"https:\/\/sfu.sk\/en\/wp-json\/wp\/v2\/media?parent=19455"}],"wp:term":[{"taxonomy":"product_brand","embeddable":true,"href":"https:\/\/sfu.sk\/en\/wp-json\/wp\/v2\/product_brand?post=19455"},{"taxonomy":"product_cat","embeddable":true,"href":"https:\/\/sfu.sk\/en\/wp-json\/wp\/v2\/product_cat?post=19455"},{"taxonomy":"product_tag","embeddable":true,"href":"https:\/\/sfu.sk\/en\/wp-json\/wp\/v2\/product_tag?post=19455"}],"curies":[{"name":"wp","href":"https:\/\/api.w.org\/{rel}","templated":true}]}}