{"id":19459,"date":"2024-01-09T10:16:27","date_gmt":"2024-01-09T09:16:27","guid":{"rendered":"https:\/\/sfu.sk\/?post_type=product&#038;p=19459"},"modified":"2025-08-13T09:25:33","modified_gmt":"2025-08-13T07:25:33","slug":"practical-dramaturgy-prakticka-dramaturgia","status":"publish","type":"product","link":"https:\/\/sfu.sk\/en\/eshop\/practical-dramaturgy-prakticka-dramaturgia\/","title":{"rendered":"Practical Dramaturgy \/ Praktick\u00e1 dramaturgia"},"content":{"rendered":"<p>Na plag\u00e1toch zvykneme \u010d\u00edta\u0165 meno dramaturga, ktor\u00fd pomohol vybra\u0165, analyzova\u0165 \u010di aktu\u00e1lne vylo\u017ei\u0165 a nesk\u00f4r aj na\u0161tudova\u0165 nejak\u00fa hru pre potreby svojej sc\u00e9ny. Dramaturgia a scen\u00e1ristika s\u00fa od seba neoddelite\u013en\u00e9, s\u00fa to dve strany jednej a tej istej mince. Ka\u017ed\u00fd scen\u00e1rista sk\u00f4r \u010di nesk\u00f4r na tento paradox naraz\u00ed. Pok\u00fdm scen\u00e1ristika vy\u017eaduje spontaneitu a originalitu, pojem dramaturgia v sebe skr\u00fdva ist\u00fd odstup, anal\u00fdzu, s\u00fabor praxou overen\u00fdch postupov, ktor\u00e9 s\u00fa chrbtovou kos\u0165ou dramatick\u00e9ho p\u00edsania a celkovej v\u00fdstavby dramatick\u00e9ho diela. Ak sa na liter\u00e1rnej pr\u00edprave scen\u00e1ra podie\u013ea sk\u00fasen\u00fd a tvoriv\u00fd dramaturg, st\u00e1va sa de facto spoluscen\u00e1ristom diela.<\/p>\n","protected":false},"excerpt":{"rendered":"<p>Na plag\u00e1toch zvykneme \u010d\u00edta\u0165 meno dramaturga, ktor\u00fd pomohol vybra\u0165, analyzova\u0165 \u010di aktu\u00e1lne vylo\u017ei\u0165 a nesk\u00f4r aj na\u0161tudova\u0165 nejak\u00fa hru pre potreby svojej sc\u00e9ny. Dramaturgia a scen\u00e1ristika s\u00fa od seba neoddelite\u013en\u00e9, s\u00fa to dve strany jednej a tej istej mince. Ka\u017ed\u00fd scen\u00e1rista sk\u00f4r \u010di nesk\u00f4r na tento paradox naraz\u00ed. Pok\u00fdm scen\u00e1ristika vy\u017eaduje spontaneitu a originalitu, pojem [&hellip;]<\/p>\n","protected":false},"featured_media":19460,"comment_status":"closed","ping_status":"closed","template":"","meta":{"_acf_changed":false,"inline_featured_image":false},"product_brand":[],"product_cat":[28,318],"product_tag":[],"class_list":{"0":"post-19459","1":"product","2":"type-product","3":"status-publish","4":"has-post-thumbnail","6":"product_cat-knihy","7":"product_cat-tituly-inych-vydavatelstiev","9":"first","10":"outofstock","11":"shipping-taxable","12":"purchasable","13":"product-type-simple"},"acf":[],"_links":{"self":[{"href":"https:\/\/sfu.sk\/en\/wp-json\/wp\/v2\/product\/19459","targetHints":{"allow":["GET"]}}],"collection":[{"href":"https:\/\/sfu.sk\/en\/wp-json\/wp\/v2\/product"}],"about":[{"href":"https:\/\/sfu.sk\/en\/wp-json\/wp\/v2\/types\/product"}],"replies":[{"embeddable":true,"href":"https:\/\/sfu.sk\/en\/wp-json\/wp\/v2\/comments?post=19459"}],"wp:featuredmedia":[{"embeddable":true,"href":"https:\/\/sfu.sk\/en\/wp-json\/wp\/v2\/media\/19460"}],"wp:attachment":[{"href":"https:\/\/sfu.sk\/en\/wp-json\/wp\/v2\/media?parent=19459"}],"wp:term":[{"taxonomy":"product_brand","embeddable":true,"href":"https:\/\/sfu.sk\/en\/wp-json\/wp\/v2\/product_brand?post=19459"},{"taxonomy":"product_cat","embeddable":true,"href":"https:\/\/sfu.sk\/en\/wp-json\/wp\/v2\/product_cat?post=19459"},{"taxonomy":"product_tag","embeddable":true,"href":"https:\/\/sfu.sk\/en\/wp-json\/wp\/v2\/product_tag?post=19459"}],"curies":[{"name":"wp","href":"https:\/\/api.w.org\/{rel}","templated":true}]}}