{"id":19750,"date":"2024-01-19T10:16:33","date_gmt":"2024-01-19T09:16:33","guid":{"rendered":"https:\/\/sfu.sk\/?post_type=product&#038;p=19750"},"modified":"2024-04-16T14:22:58","modified_gmt":"2024-04-16T12:22:58","slug":"cinepur-150-2023","status":"publish","type":"product","link":"https:\/\/sfu.sk\/en\/eshop\/cinepur-150-2023\/","title":{"rendered":"Cinepur 150\/2023"},"content":{"rendered":"<p>V tomto \u010d\u00edsle mimo jin\u00e9 najdete&#8230; Profil King Hu, Rozhovor Martin Je\u017eek, Flashback La d\u00e9rive, Anderson kontra Dahl, Rebelka Julie Christie, Austin Powers: britsk\u00e1 verze, The Beatles ve filmu. Kritiky: \u00dasvit, Um\u011bn\u00ed j\u00edst a milovat, Zabij\u00e1ci rozkvetl\u00e9ho m\u011bs\u00edce, Hrab\u011b.<\/p>\n","protected":false},"excerpt":{"rendered":"<p>V tomto \u010d\u00edsle mimo jin\u00e9 najdete&#8230; Profil King Hu, Rozhovor Martin Je\u017eek, Flashback La d\u00e9rive, Anderson kontra Dahl, Rebelka Julie Christie, Austin Powers: britsk\u00e1 verze, The Beatles ve filmu. Kritiky: \u00dasvit, Um\u011bn\u00ed j\u00edst a milovat, Zabij\u00e1ci rozkvetl\u00e9ho m\u011bs\u00edce, Hrab\u011b.<\/p>\n","protected":false},"featured_media":19751,"comment_status":"closed","ping_status":"closed","template":"","meta":{"_acf_changed":false,"inline_featured_image":false},"product_brand":[],"product_cat":[29,333],"product_tag":[],"class_list":{"0":"post-19750","1":"product","2":"type-product","3":"status-publish","4":"has-post-thumbnail","6":"product_cat-casopisy","7":"product_cat-cinepur-tituly-inych-vydavatelstiev-casopisy","9":"first","10":"instock","11":"shipping-taxable","12":"purchasable","13":"product-type-simple"},"acf":[],"_links":{"self":[{"href":"https:\/\/sfu.sk\/en\/wp-json\/wp\/v2\/product\/19750","targetHints":{"allow":["GET"]}}],"collection":[{"href":"https:\/\/sfu.sk\/en\/wp-json\/wp\/v2\/product"}],"about":[{"href":"https:\/\/sfu.sk\/en\/wp-json\/wp\/v2\/types\/product"}],"replies":[{"embeddable":true,"href":"https:\/\/sfu.sk\/en\/wp-json\/wp\/v2\/comments?post=19750"}],"wp:featuredmedia":[{"embeddable":true,"href":"https:\/\/sfu.sk\/en\/wp-json\/wp\/v2\/media\/19751"}],"wp:attachment":[{"href":"https:\/\/sfu.sk\/en\/wp-json\/wp\/v2\/media?parent=19750"}],"wp:term":[{"taxonomy":"product_brand","embeddable":true,"href":"https:\/\/sfu.sk\/en\/wp-json\/wp\/v2\/product_brand?post=19750"},{"taxonomy":"product_cat","embeddable":true,"href":"https:\/\/sfu.sk\/en\/wp-json\/wp\/v2\/product_cat?post=19750"},{"taxonomy":"product_tag","embeddable":true,"href":"https:\/\/sfu.sk\/en\/wp-json\/wp\/v2\/product_tag?post=19750"}],"curies":[{"name":"wp","href":"https:\/\/api.w.org\/{rel}","templated":true}]}}