{"id":37140,"date":"2024-02-06T16:06:28","date_gmt":"2024-02-06T15:06:28","guid":{"rendered":"https:\/\/sfu.sk\/?post_type=product&#038;p=37140"},"modified":"2025-01-23T15:35:47","modified_gmt":"2025-01-23T14:35:47","slug":"film-sk-no-2-2024","status":"publish","type":"product","link":"https:\/\/sfu.sk\/en\/eshop\/film-sk-no-2-2024\/","title":{"rendered":"Film.sk NO. 2\/2024"},"content":{"rendered":"<div class=\"xdj266r x11i5rnm xat24cr x1mh8g0r x1vvkbs x126k92a\">\n<div dir=\"auto\">Tento rok oslavujeme \u0161tvr\u0165storo\u010dnicu a bude to pre Film.sk aj rok ve\u013ek\u00fdch zmien! O tom, ak\u00fa cestu sme pre\u0161li a \u010do n\u00e1s \u010dak\u00e1 sa do\u010d\u00edtate v t\u00e9me febru\u00e1rov\u00e9ho \u010d\u00edsla. Jedn\u00e9ho z posledn\u00fdch tla\u010den\u00fdch Film.sk.<\/div>\n<\/div>\n<div class=\"x11i5rnm xat24cr x1mh8g0r x1vvkbs xtlvy1s x126k92a\">\n<div dir=\"auto\">Okrem toho si m\u00f4\u017eete v \u010d\u00edsle pre\u010d\u00edta\u0165:<\/div>\n<div dir=\"auto\"><span class=\"x3nfvp2 x1j61x8r x1fcty0u xdj266r xhhsvwb xat24cr xgzva0m xxymvpz xlup9mm x1kky2od\">&#8211; <\/span>rozhovor s fotografom a kameramanom Martinom Kollarom<\/div>\n<div dir=\"auto\">&#8211; o slovensk\u00fdch z\u00e1stupcoch na 74. ro\u010dn\u00edku festivalu @<a class=\"x1i10hfl xjbqb8w x1ejq31n xd10rxx x1sy0etr x17r0tee x972fbf xcfux6l x1qhh985 xm0m39n x9f619 x1ypdohk xt0psk2 xe8uvvx xdj266r x11i5rnm xat24cr x1mh8g0r xexx8yu x4uap5 x18d9i69 xkhd6sd x16tdsg8 x1hl2dhg xggy1nq x1a2a7pz xt0b8zv x1fey0fg xo1l8bm\" role=\"link\" href=\"https:\/\/www.facebook.com\/berlinale?__cft__[0]=AZXiyYL1chTEGtAnAtnMzms1mNV5Ctsri2DMFAAYEc3_B78lTTHUWhEbQsq4ajfQ34LwqWCdYvi8rfUcbMwocbGyOl3kdK-L1HYc4z8RBr8Udlcyo1ZmMz5sLcq6XEuQHT9k6c00BF3M8YKtonbotbyw6tGonCd-lMzQH_FYzR2dIBDXTKmM4mOLxkehqn65eJOFITMfkCHZsaoBvLjB3xWV&amp;__tn__=-]K-R\">Berlinale &#8211; Berlin International Film Festival<\/a><\/div>\n<div dir=\"auto\"><span class=\"x3nfvp2 x1j61x8r x1fcty0u xdj266r xhhsvwb xat24cr xgzva0m xxymvpz xlup9mm x1kky2od\">&#8211;<\/span> o filmov\u00fdch novink\u00e1ch Vojna policajtov a Tancuj Matyldo<\/div>\n<div dir=\"auto\"><span class=\"x3nfvp2 x1j61x8r x1fcty0u xdj266r xhhsvwb xat24cr xgzva0m xxymvpz xlup9mm x1kky2od\">&#8211;<\/span> recenzie filmov Tret\u00ed koniec palice, Chlapec a volavka, Bastarden, Bla\u017eine lekcie, Club Zero, Prv\u00fd de\u0148 m\u00f4jho \u017eivota, Vol\u00e1m sa Edgar a m\u00e1m kravu, Jedeme na teambuilding, Lieta v tom<\/div>\n<div dir=\"auto\"><span class=\"x3nfvp2 x1j61x8r x1fcty0u xdj266r xhhsvwb xat24cr xgzva0m xxymvpz xlup9mm x1kky2od\">&#8211;<\/span> o filmov\u00fdch festivaloch a prehliadkach na Slovensku v roku 2024 v preh\u013eadnej pr\u00edlohe<\/div>\n<div dir=\"auto\"><span class=\"x3nfvp2 x1j61x8r x1fcty0u xdj266r xhhsvwb xat24cr xgzva0m xxymvpz xlup9mm x1kky2od\">&#8211;<\/span> a mnoho \u010fal\u0161\u00edch \u010dl\u00e1nkov.<\/div>\n<div dir=\"auto\">\n<h2><strong>Predplatn\u00e9 online \u010dasopisu tu: <\/strong><a href=\"https:\/\/filmsk.sk\/predplatne\/\" target=\"_blank\" rel=\"noopener\"><strong>filmsk.sk<\/strong><\/a><\/h2>\n<\/div>\n<\/div>\n","protected":false},"excerpt":{"rendered":"<p>Tento rok oslavujeme \u0161tvr\u0165storo\u010dnicu a bude to pre Film.sk aj rok ve\u013ek\u00fdch zmien! O tom, ak\u00fa cestu sme pre\u0161li a \u010do n\u00e1s \u010dak\u00e1 sa do\u010d\u00edtate v t\u00e9me febru\u00e1rov\u00e9ho \u010d\u00edsla. Jedn\u00e9ho z posledn\u00fdch tla\u010den\u00fdch Film.sk. Okrem toho si m\u00f4\u017eete v \u010d\u00edsle pre\u010d\u00edta\u0165: &#8211; rozhovor s fotografom a kameramanom Martinom Kollarom &#8211; o slovensk\u00fdch z\u00e1stupcoch na 74. [&hellip;]<\/p>\n","protected":false},"featured_media":37141,"comment_status":"closed","ping_status":"closed","template":"","meta":{"_acf_changed":false,"inline_featured_image":false},"product_brand":[],"product_cat":[29,336,335],"product_tag":[],"class_list":{"0":"post-37140","1":"product","2":"type-product","3":"status-publish","4":"has-post-thumbnail","6":"product_cat-casopisy","7":"product_cat-film-sk","8":"product_cat-tituly-sfu-casopisy","10":"first","11":"instock","12":"shipping-taxable","13":"purchasable","14":"product-type-simple"},"acf":[],"_links":{"self":[{"href":"https:\/\/sfu.sk\/en\/wp-json\/wp\/v2\/product\/37140","targetHints":{"allow":["GET"]}}],"collection":[{"href":"https:\/\/sfu.sk\/en\/wp-json\/wp\/v2\/product"}],"about":[{"href":"https:\/\/sfu.sk\/en\/wp-json\/wp\/v2\/types\/product"}],"replies":[{"embeddable":true,"href":"https:\/\/sfu.sk\/en\/wp-json\/wp\/v2\/comments?post=37140"}],"wp:featuredmedia":[{"embeddable":true,"href":"https:\/\/sfu.sk\/en\/wp-json\/wp\/v2\/media\/37141"}],"wp:attachment":[{"href":"https:\/\/sfu.sk\/en\/wp-json\/wp\/v2\/media?parent=37140"}],"wp:term":[{"taxonomy":"product_brand","embeddable":true,"href":"https:\/\/sfu.sk\/en\/wp-json\/wp\/v2\/product_brand?post=37140"},{"taxonomy":"product_cat","embeddable":true,"href":"https:\/\/sfu.sk\/en\/wp-json\/wp\/v2\/product_cat?post=37140"},{"taxonomy":"product_tag","embeddable":true,"href":"https:\/\/sfu.sk\/en\/wp-json\/wp\/v2\/product_tag?post=37140"}],"curies":[{"name":"wp","href":"https:\/\/api.w.org\/{rel}","templated":true}]}}