{"id":37188,"date":"2024-02-07T14:19:07","date_gmt":"2024-02-07T13:19:07","guid":{"rendered":"https:\/\/sfu.sk\/?post_type=product&#038;p=37188"},"modified":"2025-04-25T13:55:09","modified_gmt":"2025-04-25T11:55:09","slug":"blu-ray-bod-obnovy","status":"publish","type":"product","link":"https:\/\/sfu.sk\/en\/eshop\/blu-ray-bod-obnovy\/","title":{"rendered":"blu-ray Bod obnovy"},"content":{"rendered":"<p>Pr\u00edbeh filmu je zasaden\u00fd do roku 2041, ke\u010f \u013eudstvo pou\u017e\u00edva ve\u013emi vyspel\u00e9 technol\u00f3gie a \u00fastava v\u0161etk\u00fdm ob\u010danom garantuje pr\u00e1vo na \u201ejeden cel\u00fd \u017eivot\u201c. Po neprirodzenej smrti, ako je napr\u00edklad autonehoda alebo teroristick\u00fd \u00fatok, tak m\u00f4\u017ee by\u0165 \u010dlovek obnoven\u00fd zo svojej digit\u00e1lnej z\u00e1lohy. Sta\u010d\u00ed si ka\u017ed\u00e9 dva dni pravidelne vytv\u00e1ra\u0165 digit\u00e1lnu z\u00e1lohu svojej osobnosti \u2013 \u201ebod obnovy\u201c. Ale zasl\u00fa\u017ei si v\u00f4bec \u013eudstvo pr\u00e1vo na druh\u00fa \u0161ancu?<\/p>\n","protected":false},"excerpt":{"rendered":"<p>Pr\u00edbeh filmu je zasaden\u00fd do roku 2041, ke\u010f \u013eudstvo pou\u017e\u00edva ve\u013emi vyspel\u00e9 technol\u00f3gie a \u00fastava v\u0161etk\u00fdm ob\u010danom garantuje pr\u00e1vo na \u201ejeden cel\u00fd \u017eivot\u201c. Po neprirodzenej smrti, ako je napr\u00edklad autonehoda alebo teroristick\u00fd \u00fatok, tak m\u00f4\u017ee by\u0165 \u010dlovek obnoven\u00fd zo svojej digit\u00e1lnej z\u00e1lohy. Sta\u010d\u00ed si ka\u017ed\u00e9 dva dni pravidelne vytv\u00e1ra\u0165 digit\u00e1lnu z\u00e1lohu svojej osobnosti \u2013 \u201ebod [&hellip;]<\/p>\n","protected":false},"featured_media":37189,"comment_status":"closed","ping_status":"closed","template":"","meta":{"_acf_changed":false,"inline_featured_image":false},"product_brand":[],"product_cat":[31,72,329],"product_tag":[],"class_list":{"0":"post-37188","1":"product","2":"type-product","3":"status-publish","4":"has-post-thumbnail","6":"product_cat-blu-ray","7":"product_cat-nezaradene","8":"product_cat-tituly-inych-vydavatelstiev-blu-ray","10":"first","11":"outofstock","12":"shipping-taxable","13":"purchasable","14":"product-type-simple"},"acf":[],"_links":{"self":[{"href":"https:\/\/sfu.sk\/en\/wp-json\/wp\/v2\/product\/37188","targetHints":{"allow":["GET"]}}],"collection":[{"href":"https:\/\/sfu.sk\/en\/wp-json\/wp\/v2\/product"}],"about":[{"href":"https:\/\/sfu.sk\/en\/wp-json\/wp\/v2\/types\/product"}],"replies":[{"embeddable":true,"href":"https:\/\/sfu.sk\/en\/wp-json\/wp\/v2\/comments?post=37188"}],"wp:featuredmedia":[{"embeddable":true,"href":"https:\/\/sfu.sk\/en\/wp-json\/wp\/v2\/media\/37189"}],"wp:attachment":[{"href":"https:\/\/sfu.sk\/en\/wp-json\/wp\/v2\/media?parent=37188"}],"wp:term":[{"taxonomy":"product_brand","embeddable":true,"href":"https:\/\/sfu.sk\/en\/wp-json\/wp\/v2\/product_brand?post=37188"},{"taxonomy":"product_cat","embeddable":true,"href":"https:\/\/sfu.sk\/en\/wp-json\/wp\/v2\/product_cat?post=37188"},{"taxonomy":"product_tag","embeddable":true,"href":"https:\/\/sfu.sk\/en\/wp-json\/wp\/v2\/product_tag?post=37188"}],"curies":[{"name":"wp","href":"https:\/\/api.w.org\/{rel}","templated":true}]}}