{"id":37190,"date":"2024-02-07T14:23:10","date_gmt":"2024-02-07T13:23:10","guid":{"rendered":"https:\/\/sfu.sk\/?post_type=product&#038;p=37190"},"modified":"2024-02-07T14:26:13","modified_gmt":"2024-02-07T13:26:13","slug":"velky-kanon","status":"publish","type":"product","link":"https:\/\/sfu.sk\/en\/eshop\/velky-kanon\/","title":{"rendered":"Ve\u013ek\u00fd ka\u0148on"},"content":{"rendered":"<p>Tri obrovsk\u00e9 rieky sveta &#8211; Brahmaputra, Karnali a Colorado. Posledn\u00e1 menovan\u00e1 sa st\u00e1va dejiskom, kde divok\u00e9 pereje odha\u013euj\u00fa d\u00e1vnu hist\u00f3riu Zeme. V jej spenen\u00fdch vod\u00e1ch sa vyn\u00e1raj\u00fa spomienky na kamar\u00e1ta, ktor\u00fd v mnoh\u00fdch z n\u00e1s zasial v\u00e1\u0161e\u0148 pre objavovanie tajomstiev ve\u013ek\u00fdch riek.<\/p>\n","protected":false},"excerpt":{"rendered":"<p>Tri obrovsk\u00e9 rieky sveta &#8211; Brahmaputra, Karnali a Colorado. Posledn\u00e1 menovan\u00e1 sa st\u00e1va dejiskom, kde divok\u00e9 pereje odha\u013euj\u00fa d\u00e1vnu hist\u00f3riu Zeme. V jej spenen\u00fdch vod\u00e1ch sa vyn\u00e1raj\u00fa spomienky na kamar\u00e1ta, ktor\u00fd v mnoh\u00fdch z n\u00e1s zasial v\u00e1\u0161e\u0148 pre objavovanie tajomstiev ve\u013ek\u00fdch riek.<\/p>\n","protected":false},"featured_media":37192,"comment_status":"closed","ping_status":"closed","template":"","meta":{"_acf_changed":false,"inline_featured_image":false},"product_brand":[],"product_cat":[30,319],"product_tag":[],"class_list":{"0":"post-37190","1":"product","2":"type-product","3":"status-publish","4":"has-post-thumbnail","6":"product_cat-dvd","7":"product_cat-tituly-inych-vydavatelstiev-dvd","9":"first","10":"instock","11":"shipping-taxable","12":"purchasable","13":"product-type-simple"},"acf":[],"_links":{"self":[{"href":"https:\/\/sfu.sk\/en\/wp-json\/wp\/v2\/product\/37190","targetHints":{"allow":["GET"]}}],"collection":[{"href":"https:\/\/sfu.sk\/en\/wp-json\/wp\/v2\/product"}],"about":[{"href":"https:\/\/sfu.sk\/en\/wp-json\/wp\/v2\/types\/product"}],"replies":[{"embeddable":true,"href":"https:\/\/sfu.sk\/en\/wp-json\/wp\/v2\/comments?post=37190"}],"wp:featuredmedia":[{"embeddable":true,"href":"https:\/\/sfu.sk\/en\/wp-json\/wp\/v2\/media\/37192"}],"wp:attachment":[{"href":"https:\/\/sfu.sk\/en\/wp-json\/wp\/v2\/media?parent=37190"}],"wp:term":[{"taxonomy":"product_brand","embeddable":true,"href":"https:\/\/sfu.sk\/en\/wp-json\/wp\/v2\/product_brand?post=37190"},{"taxonomy":"product_cat","embeddable":true,"href":"https:\/\/sfu.sk\/en\/wp-json\/wp\/v2\/product_cat?post=37190"},{"taxonomy":"product_tag","embeddable":true,"href":"https:\/\/sfu.sk\/en\/wp-json\/wp\/v2\/product_tag?post=37190"}],"curies":[{"name":"wp","href":"https:\/\/api.w.org\/{rel}","templated":true}]}}