{"id":37198,"date":"2024-02-07T16:35:18","date_gmt":"2024-02-07T15:35:18","guid":{"rendered":"https:\/\/sfu.sk\/?post_type=product&#038;p=37198"},"modified":"2024-04-16T14:27:56","modified_gmt":"2024-04-16T12:27:56","slug":"film-a-doba-3-2023","status":"publish","type":"product","link":"https:\/\/sfu.sk\/en\/eshop\/film-a-doba-3-2023\/","title":{"rendered":"Film a doba 3\/2023"},"content":{"rendered":"<p>T\u0159et\u00ed \u010d\u00edslo Filmu a doby roku 2023 p\u0159in\u00e1\u0161\u00ed tradi\u010dn\u00ed dvojpohled Jarom\u00edra Bla\u017eejovsk\u00e9ho na leto\u0161n\u00ed sout\u011b\u017en\u00ed sekce Filmov\u00e9ho festivalu v Karlov\u00fdch Varech, kter\u00fd je dopln\u011bn o &#8220;autorskou&#8221;reflexi karlovarsk\u00e9ho d\u011bn\u00ed z ruky Milana Klepikova. V dal\u0161\u00edch textech \u010d\u00edsla nap\u0159. Lubo\u0161 Pt\u00e1\u010dek analyzuje jistou formu melancholie ve filmech o filmech nebo Marek Slov\u00e1k &#8220;nostalgicky&#8221; rozeb\u00edr\u00e1 posledn\u00ed cestu Indiana Jonese. Rozhovor jsme tentokr\u00e1t vedli s letos debutuj\u00edc\u00edm re\u017eis\u00e9rem Albertem Hospod\u00e1\u0159sk\u00fdm, jeho\u017e film Brut\u00e1ln\u00ed vedro je mo\u017en\u00e9 v sou\u010dasn\u00e9 dob\u011b vid\u011bt v kinech. Kritiky se v\u011bnuj\u00ed vybran\u00fdm filmov\u00fdch d\u00edl\u016fm (Z\u00e1pisky vraha, Asteroid City, Oppenheimer, Anatomie p\u00e1du a dal\u0161\u00edm), zat\u00edmco v kni\u017en\u00ed sekci lze tentokr\u00e1t naj\u00edt pojedn\u00e1n\u00ed o pohybliv\u00fdch obrazech a filmov\u00fdch spekulac\u00edch Quentina Tarantina. V z\u00e1v\u011bru \u010d\u00edsla p\u0159edstavujeme uk\u00e1zku ze sc\u00e9n\u00e1\u0159e a z vizu\u00e1lu Jana Sasky z jeho p\u0159ipravovan\u00e9ho filmu Hurik\u00e1n, kter\u00fd m\u00e1 b\u00fdt p\u0159edev\u0161\u00edm z\u00e1bavn\u00fd.<\/p>\n","protected":false},"excerpt":{"rendered":"<p>T\u0159et\u00ed \u010d\u00edslo Filmu a doby roku 2023 p\u0159in\u00e1\u0161\u00ed tradi\u010dn\u00ed dvojpohled Jarom\u00edra Bla\u017eejovsk\u00e9ho na leto\u0161n\u00ed sout\u011b\u017en\u00ed sekce Filmov\u00e9ho festivalu v Karlov\u00fdch Varech, kter\u00fd je dopln\u011bn o &#8220;autorskou&#8221;reflexi karlovarsk\u00e9ho d\u011bn\u00ed z ruky Milana Klepikova. V dal\u0161\u00edch textech \u010d\u00edsla nap\u0159. Lubo\u0161 Pt\u00e1\u010dek analyzuje jistou formu melancholie ve filmech o filmech nebo Marek Slov\u00e1k &#8220;nostalgicky&#8221; rozeb\u00edr\u00e1 posledn\u00ed cestu Indiana [&hellip;]<\/p>\n","protected":false},"featured_media":37199,"comment_status":"closed","ping_status":"closed","template":"","meta":{"_acf_changed":false,"inline_featured_image":false},"product_brand":[],"product_cat":[29,334],"product_tag":[],"class_list":{"0":"post-37198","1":"product","2":"type-product","3":"status-publish","4":"has-post-thumbnail","6":"product_cat-casopisy","7":"product_cat-film-a-doba-tituly-inych-vydavatelstiev-casopisy","9":"first","10":"instock","11":"shipping-taxable","12":"purchasable","13":"product-type-simple"},"acf":[],"_links":{"self":[{"href":"https:\/\/sfu.sk\/en\/wp-json\/wp\/v2\/product\/37198","targetHints":{"allow":["GET"]}}],"collection":[{"href":"https:\/\/sfu.sk\/en\/wp-json\/wp\/v2\/product"}],"about":[{"href":"https:\/\/sfu.sk\/en\/wp-json\/wp\/v2\/types\/product"}],"replies":[{"embeddable":true,"href":"https:\/\/sfu.sk\/en\/wp-json\/wp\/v2\/comments?post=37198"}],"wp:featuredmedia":[{"embeddable":true,"href":"https:\/\/sfu.sk\/en\/wp-json\/wp\/v2\/media\/37199"}],"wp:attachment":[{"href":"https:\/\/sfu.sk\/en\/wp-json\/wp\/v2\/media?parent=37198"}],"wp:term":[{"taxonomy":"product_brand","embeddable":true,"href":"https:\/\/sfu.sk\/en\/wp-json\/wp\/v2\/product_brand?post=37198"},{"taxonomy":"product_cat","embeddable":true,"href":"https:\/\/sfu.sk\/en\/wp-json\/wp\/v2\/product_cat?post=37198"},{"taxonomy":"product_tag","embeddable":true,"href":"https:\/\/sfu.sk\/en\/wp-json\/wp\/v2\/product_tag?post=37198"}],"curies":[{"name":"wp","href":"https:\/\/api.w.org\/{rel}","templated":true}]}}